{"id":146,"date":"2022-03-29T06:01:38","date_gmt":"2022-03-29T06:01:38","guid":{"rendered":"http:\/\/dinhtienminh.net\/?page_id=146"},"modified":"2026-01-06T11:22:45","modified_gmt":"2026-01-06T11:22:45","slug":"about-me-2","status":"publish","type":"page","link":"https:\/\/dinhtienminh.net\/en\/","title":{"rendered":"About Me"},"content":{"rendered":"<section class=\"fw-main-row\">\n<div class=\"fw-container\">\n<div class=\"row\">\n<div class=\"col-xs-12 col-sm-12\">\n<div id=\"col_inner_id-625316642d9b3\" class=\"fw-col-inner\" data-paddings=\"0px 0px 0px 0px\">\n<div class=\"block-title\">\n<h3>Positioning<\/h3>\n<\/div>\n<\/div>\n<\/div>\n<\/div>\n<div class=\"row\">\n<div class=\"col-xs-12 col-sm-6\">\n<div id=\"col_inner_id-625316642dba0\" class=\"fw-col-inner\" data-paddings=\"0px 0px 0px 0px\">\n<div id=\"info-list-625316642dcb0\" class=\"info-list-w-icon\">\n<div id=\"info_block_with_icon_e6a2f5901f8ab26aed3b7ef80acbbec7\" class=\"info-block-w-icon\" data-color=\"#888\">\n<div class=\"ci-icon\"><\/div>\n<div class=\"ci-text\">\n<h4>Conscientious<\/h4>\n<p>Devoting effort and intellect to the cause of education and research, teaching with heart, sincerity, and enthusiasm.<\/p>\n<\/div>\n<\/div>\n<div id=\"info_block_with_icon_1812e2f02c456792a499e75b04d8999a\" class=\"info-block-w-icon\" data-color=\"#888\">\n<div class=\"ci-icon\"><\/div>\n<div class=\"ci-text\">\n<h4>Approach<\/h4>\n<p>Simple, distinctive, approachable, and accessible, fostering deep understanding in learners and maximizing effectiveness in every lecture and practical project.<\/p>\n<\/div>\n<\/div>\n<\/div>\n<\/div>\n<\/div>\n<div class=\"col-xs-12 col-sm-6\">\n<div id=\"col_inner_id-625316642dd8f\" class=\"fw-col-inner\" data-paddings=\"0px 0px 0px 0px\">\n<div id=\"info-list-625316642de2f\" class=\"info-list-w-icon\">\n<div id=\"info_block_with_icon_8a49555330045c460201dd4ccf0f76a3\" class=\"info-block-w-icon\" data-color=\"#888\">\n<div class=\"ci-icon\"><\/div>\n<div class=\"ci-text\">\n<h4>Practicality<\/h4>\n<p>Integrating real-world insights from industry and society to bridge the gap between theory and practice, bridging the gap between academia and business.<\/p>\n<\/div>\n<\/div>\n<div id=\"info_block_with_icon_c6104062dcce34b6cd25e23e3ef5e57d\" class=\"info-block-w-icon\" data-color=\"#888\">\n<div class=\"ci-icon\"><\/div>\n<div class=\"ci-text\">\n<h4>Differentiation<\/h4>\n<p>Emphasizing individuality, distinctiveness, engagement, and self-esteem to encourage the discovery and expression of one's unique strengths and talents.<\/p>\n<\/div>\n<\/div>\n<\/div>\n<\/div>\n<\/div>\n<\/div>\n<div class=\"row\">\n<div class=\"col-xs-12 col-sm-12\">\n<div id=\"col_inner_id-625316642dfbe\" class=\"fw-col-inner\" data-paddings=\"0px 0px 0px 0px\">\n<div class=\"fw-divider-space\" style=\"padding-top: 50px;\"><\/div>\n<\/div>\n<\/div>\n<\/div>\n<div class=\"row\">\n<div class=\"col-xs-12 col-sm-12\">\n<div id=\"col_inner_id-625316642e19a\" class=\"fw-col-inner\" data-paddings=\"0px 0px 0px 0px\">\n<div class=\"block-title\">\n<h3>Core Values<\/h3>\n<\/div>\n<\/div>\n<\/div>\n<\/div>\n<div class=\"row\">\n<div class=\"col-xs-12 col-sm-4\">\n<div id=\"col_inner_id-625316642e2ef\" class=\"fw-col-inner\" data-paddings=\"0px 0px 0px 0px\">\n<div id=\"info-list-625316642e370\" class=\"info-list-w-icon\">\n<div id=\"info_block_with_icon_718cf2e9df4f52665f6505c902c9bd47\" class=\"info-block-w-icon\" data-color=\"#888\">\n<div class=\"ci-icon\"><\/div>\n<div class=\"ci-text\">\n<h4>Respect for Learners<\/h4>\n<p>Learner-Centered Approach: Instructors and students collaboratively share knowledge, understanding, and experiences, fostering a spirit of mutual learning.<\/p>\n<\/div>\n<\/div>\n<\/div>\n<\/div>\n<\/div>\n<div class=\"col-xs-12 col-sm-4\">\n<div id=\"col_inner_id-625316642e3ef\" class=\"fw-col-inner\" data-paddings=\"0px 0px 0px 0px\">\n<div id=\"info-list-625316642e467\" class=\"info-list-w-icon\">\n<div id=\"info_block_with_icon_cdc10d1cae2ea62e003cc9a3f6105684\" class=\"info-block-w-icon\" data-color=\"#888\">\n<div class=\"ci-icon\"><\/div>\n<div class=\"ci-text\">\n<h4>Knowledge-Driven<\/h4>\n<p>Disseminating knowledge and emerging trends in the field of Marketing to our learners. Knowledge is the foundation of all progress.<\/p>\n<\/div>\n<\/div>\n<\/div>\n<\/div>\n<\/div>\n<div class=\"col-xs-12 col-sm-4\">\n<div id=\"col_inner_id-625316642e4e8\" class=\"fw-col-inner\" data-paddings=\"0px 0px 0px 0px\">\n<div id=\"info-list-625316642e57e\" class=\"info-list-w-icon\">\n<div id=\"info_block_with_icon_223ed287642153ea0fd8237633a28818\" class=\"info-block-w-icon\" data-color=\"#888\">\n<div class=\"ci-icon\"><\/div>\n<div class=\"ci-text\">\n<h4>Methodological Excellence<\/h4>\n<p>Employing diverse, modern, and innovative teaching methods and tools to deliver valuable knowledge and engaging experiences to learners.<\/p>\n<\/div>\n<\/div>\n<\/div>\n<\/div>\n<\/div>\n<\/div>\n<div class=\"row\">\n<div class=\"col-xs-12 col-sm-12\">\n<div id=\"col_inner_id-625316642e6a7\" class=\"fw-col-inner\" data-paddings=\"0px 0px 0px 0px\">\n<div class=\"fw-divider-space\" style=\"padding-top: 50px;\"><\/div>\n<\/div>\n<\/div>\n<\/div>\n<div class=\"row\">\n<div class=\"col-xs-12 col-sm-12\">\n<div id=\"col_inner_id-625316642e8fb\" class=\"fw-col-inner\" data-paddings=\"0px 0px 0px 0px\">\n<div class=\"block-title\">\n<h3>Fields<\/h3>\n<\/div>\n<\/div>\n<\/div>\n<\/div>\n<div class=\"row\">\n<div class=\"col-xs-12 col-sm-12\">\n<div id=\"col_inner_id-625316642ea0c\" class=\"fw-col-inner\" data-paddings=\"0px 0px 0px 0px\">\n<div id=\"info-list-625316642ea93\" class=\"info-list-w-icon\">\n<div id=\"info_block_with_icon_54381dba4aaf08663183b8694860beb9\" class=\"info-block-w-icon\" data-color=\"#888\">\n<div class=\"ci-icon\"><\/div>\n<div class=\"ci-text\">\n<h4>Teaching<\/h4>\n<p>V\u1edbi 30 n\u0103m kinh nghi\u1ec7m t\u1ea1i m\u00f4i tr\u01b0\u1eddng \u0111\u1ea1i h\u1ecdc h\u00e0ng \u0111\u1ea7u Vi\u1ec7t Nam, chuy\u00ean s\u00e2u gi\u1ea3ng d\u1ea1y trong l\u0129nh v\u1ef1c kinh doanh n\u00f3i chung v\u00e0 Marketing n\u00f3i ri\u00eang.<\/p>\n<\/div>\n<\/div>\n<\/div>\n<\/div>\n<\/div>\n<\/div>\n<div class=\"row\">\n<div class=\"col-xs-12 col-sm-12\">\n<div id=\"col_inner_id-625316642ec2b\" class=\"fw-col-inner\" data-paddings=\"0px 0px 0px 0px\">\n<div id=\"info-list-625316642ecb0\" class=\"info-list-w-icon\">\n<div id=\"info_block_with_icon_375b3a9a89598ec7f6152a928217f207\" class=\"info-block-w-icon\" data-color=\"#888\">\n<div class=\"ci-icon\"><\/div>\n<div class=\"ci-text\">\n<h4>Research<\/h4>\n<p>Conducting academic and applied research to explore, discover, and understand the connections between scientific knowledge, the business world and social life.<\/p>\n<\/div>\n<\/div>\n<\/div>\n<\/div>\n<\/div>\n<\/div>\n<div class=\"row\">\n<div class=\"col-xs-12 col-sm-12\">\n<div id=\"col_inner_id-625316642eddb\" class=\"fw-col-inner\" data-paddings=\"0px 0px 0px 0px\">\n<div id=\"info-list-625316642ee59\" class=\"info-list-w-icon\">\n<div id=\"info_block_with_icon_f4e03e4b97f97734a7c156c72df7429b\" class=\"info-block-w-icon\" data-color=\"#888\">\n<div class=\"ci-icon\"><\/div>\n<div class=\"ci-text\">\n<h4>Consulting<\/h4>\n<p>Training, coaching, guiding and consulting for small and medium enterprises on specialized programs in Marketing, sales and planning.<\/p>\n<\/div>\n<\/div>\n<\/div>\n<\/div>\n<\/div>\n<\/div>\n<\/div>\n<\/section>\n<p><!-- ceb6574acc6eb5d38c70fac36b3c9f8a --><\/p>","protected":false},"excerpt":{"rendered":"<p>\u0110\u1ecbnh V\u1ecb T\u1eadn T\u00e2m C\u1ed1ng hi\u1ebfn s\u1ee9c l\u1ef1c v\u00e0 tr\u00ed tu\u1ec7 cho s\u1ef1 nghi\u1ec7p gi\u00e1o d\u1ee5c v\u00e0 nghi\u00ean c\u1ee9u, gi\u1ea3ng d\u1ea1y b\u1eb1ng c\u1ea3 tr\u00e1i tim, s\u1ef1 ch\u00e2n th\u00e0nh v\u00e0 l\u00f2ng nhi\u1ec7t huy\u1ebft. Phong C\u00e1ch \u0110\u01a1n gi\u1ea3n, Kh\u00e1c bi\u1ec7t, Th\u00e2n thi\u1ec7n v\u00e0 G\u1ea7n g\u0169i \u0111\u1ec3 th\u1ea5u hi\u1ec3u ng\u01b0\u1eddi h\u1ecdc, \u0111em l\u1ea1i hi\u1ec7u qu\u1ea3 t\u1ed1i \u01b0u trong&#8230;<\/p>\n<p><a class=\"read-more\" href=\"https:\/\/dinhtienminh.net\/en\/\">Read More<\/a><\/p>","protected":false},"author":1,"featured_media":0,"parent":0,"menu_order":0,"comment_status":"closed","ping_status":"closed","template":"page-templates\/template-kerge-start-page.php","meta":{"_editorskit_title_hidden":false,"_editorskit_reading_time":0,"_editorskit_is_block_options_detached":false,"_editorskit_block_options_position":"{}","footnotes":""},"class_list":["post-146","page","type-page","status-publish","hentry"],"yoast_head":"<!-- This site is optimized with the Yoast SEO plugin v22.8 - https:\/\/yoast.com\/wordpress\/plugins\/seo\/ -->\n<title>About Me - Assoc. Prof - \u0110inh Ti\u00ean Minh&#039;s Website<\/title>\n<meta name=\"description\" content=\"Trang gi\u1edbi thi\u1ec7u c\u00e1 nh\u00e2n \u2013 n\u01a1i t\u00f4i chia s\u1ebb h\u00e0nh tr\u00ecnh ngh\u1ec1 nghi\u1ec7p, d\u1ef1 \u00e1n \u0111\u00e3 th\u1ef1c hi\u1ec7n v\u00e0 nh\u1eefng d\u1ea5u \u1ea5n chuy\u00ean m\u00f4n trong l\u0129nh v\u1ef1c c\u1ee7a m\u00ecnh.\" \/>\n<meta name=\"robots\" content=\"index, follow, max-snippet:-1, max-image-preview:large, max-video-preview:-1\" \/>\n<link rel=\"canonical\" href=\"https:\/\/dinhtienminh.net\/en\/\" \/>\n<meta property=\"og:locale\" content=\"en_US\" \/>\n<meta property=\"og:type\" content=\"article\" \/>\n<meta property=\"og:title\" content=\"About Me - Assoc. Prof - \u0110inh Ti\u00ean Minh&#039;s Website\" \/>\n<meta property=\"og:description\" content=\"Trang gi\u1edbi thi\u1ec7u c\u00e1 nh\u00e2n \u2013 n\u01a1i t\u00f4i chia s\u1ebb h\u00e0nh tr\u00ecnh ngh\u1ec1 nghi\u1ec7p, d\u1ef1 \u00e1n \u0111\u00e3 th\u1ef1c hi\u1ec7n v\u00e0 nh\u1eefng d\u1ea5u \u1ea5n chuy\u00ean m\u00f4n trong l\u0129nh v\u1ef1c c\u1ee7a m\u00ecnh.\" \/>\n<meta property=\"og:url\" content=\"https:\/\/dinhtienminh.net\/en\/\" \/>\n<meta property=\"og:site_name\" content=\"Assoc. Prof - \u0110inh Ti\u00ean Minh&#039;s Website\" \/>\n<meta property=\"article:modified_time\" content=\"2026-01-06T11:22:45+00:00\" \/>\n<meta name=\"twitter:card\" content=\"summary_large_image\" \/>\n<meta name=\"twitter:label1\" content=\"Est. reading time\" \/>\n\t<meta name=\"twitter:data1\" content=\"2 minutes\" \/>\n<script type=\"application\/ld+json\" class=\"yoast-schema-graph\">{\"@context\":\"https:\/\/schema.org\",\"@graph\":[{\"@type\":\"WebPage\",\"@id\":\"https:\/\/dinhtienminh.net\/\",\"url\":\"https:\/\/dinhtienminh.net\/\",\"name\":\"About Me - Assoc. Prof - \u0110inh Ti\u00ean Minh&#039;s Website\",\"isPartOf\":{\"@id\":\"https:\/\/dinhtienminh.net\/#website\"},\"datePublished\":\"2022-03-29T06:01:38+00:00\",\"dateModified\":\"2026-01-06T11:22:45+00:00\",\"description\":\"Trang gi\u1edbi thi\u1ec7u c\u00e1 nh\u00e2n \u2013 n\u01a1i t\u00f4i chia s\u1ebb h\u00e0nh tr\u00ecnh ngh\u1ec1 nghi\u1ec7p, d\u1ef1 \u00e1n \u0111\u00e3 th\u1ef1c hi\u1ec7n v\u00e0 nh\u1eefng d\u1ea5u \u1ea5n chuy\u00ean m\u00f4n trong l\u0129nh v\u1ef1c c\u1ee7a m\u00ecnh.\",\"breadcrumb\":{\"@id\":\"https:\/\/dinhtienminh.net\/#breadcrumb\"},\"inLanguage\":\"en-US\",\"potentialAction\":[{\"@type\":\"ReadAction\",\"target\":[\"https:\/\/dinhtienminh.net\/\"]}]},{\"@type\":\"BreadcrumbList\",\"@id\":\"https:\/\/dinhtienminh.net\/#breadcrumb\",\"itemListElement\":[{\"@type\":\"ListItem\",\"position\":1,\"name\":\"Trang ch\u1ee7\",\"item\":\"https:\/\/dinhtienminh.net\/\"},{\"@type\":\"ListItem\",\"position\":2,\"name\":\"About Me\"}]},{\"@type\":\"WebSite\",\"@id\":\"https:\/\/dinhtienminh.net\/#website\",\"url\":\"https:\/\/dinhtienminh.net\/\",\"name\":\"PHD - \u0110inh TI\u00ean Minh's Website\",\"description\":\"\u0110\u01a0N GI\u1ea2N L\u00c0 KH\u00c1C BI\u1ec6T\",\"publisher\":{\"@id\":\"https:\/\/dinhtienminh.net\/#organization\"},\"potentialAction\":[{\"@type\":\"SearchAction\",\"target\":{\"@type\":\"EntryPoint\",\"urlTemplate\":\"https:\/\/dinhtienminh.net\/?s={search_term_string}\"},\"query-input\":\"required name=search_term_string\"}],\"inLanguage\":\"en-US\"},{\"@type\":\"Organization\",\"@id\":\"https:\/\/dinhtienminh.net\/#organization\",\"name\":\"PHD - \u0110inh TI\u00ean Minh's Website\",\"url\":\"https:\/\/dinhtienminh.net\/\",\"logo\":{\"@type\":\"ImageObject\",\"inLanguage\":\"en-US\",\"@id\":\"https:\/\/dinhtienminh.net\/#\/schema\/logo\/image\/\",\"url\":\"https:\/\/dinhtienminh.net\/wp-content\/uploads\/2022\/04\/cropped-cropped-cropped-LogoName-e1627360354414-removebg.png\",\"contentUrl\":\"https:\/\/dinhtienminh.net\/wp-content\/uploads\/2022\/04\/cropped-cropped-cropped-LogoName-e1627360354414-removebg.png\",\"width\":512,\"height\":512,\"caption\":\"PHD - \u0110inh TI\u00ean Minh's Website\"},\"image\":{\"@id\":\"https:\/\/dinhtienminh.net\/#\/schema\/logo\/image\/\"}}]}<\/script>\n<!-- \/ Yoast SEO plugin. -->","yoast_head_json":{"title":"About Me - Assoc. Prof - \u0110inh Ti\u00ean Minh&#039;s Website","description":"Trang gi\u1edbi thi\u1ec7u c\u00e1 nh\u00e2n \u2013 n\u01a1i t\u00f4i chia s\u1ebb h\u00e0nh tr\u00ecnh ngh\u1ec1 nghi\u1ec7p, d\u1ef1 \u00e1n \u0111\u00e3 th\u1ef1c hi\u1ec7n v\u00e0 nh\u1eefng d\u1ea5u \u1ea5n chuy\u00ean m\u00f4n trong l\u0129nh v\u1ef1c c\u1ee7a m\u00ecnh.","robots":{"index":"index","follow":"follow","max-snippet":"max-snippet:-1","max-image-preview":"max-image-preview:large","max-video-preview":"max-video-preview:-1"},"canonical":"https:\/\/dinhtienminh.net\/en\/","og_locale":"en_US","og_type":"article","og_title":"About Me - Assoc. Prof - \u0110inh Ti\u00ean Minh&#039;s Website","og_description":"Trang gi\u1edbi thi\u1ec7u c\u00e1 nh\u00e2n \u2013 n\u01a1i t\u00f4i chia s\u1ebb h\u00e0nh tr\u00ecnh ngh\u1ec1 nghi\u1ec7p, d\u1ef1 \u00e1n \u0111\u00e3 th\u1ef1c hi\u1ec7n v\u00e0 nh\u1eefng d\u1ea5u \u1ea5n chuy\u00ean m\u00f4n trong l\u0129nh v\u1ef1c c\u1ee7a m\u00ecnh.","og_url":"https:\/\/dinhtienminh.net\/en\/","og_site_name":"Assoc. Prof - \u0110inh Ti\u00ean Minh&#039;s Website","article_modified_time":"2026-01-06T11:22:45+00:00","twitter_card":"summary_large_image","twitter_misc":{"Est. reading time":"2 minutes"},"schema":{"@context":"https:\/\/schema.org","@graph":[{"@type":"WebPage","@id":"https:\/\/dinhtienminh.net\/","url":"https:\/\/dinhtienminh.net\/","name":"About Me - Assoc. Prof - \u0110inh Ti\u00ean Minh&#039;s Website","isPartOf":{"@id":"https:\/\/dinhtienminh.net\/#website"},"datePublished":"2022-03-29T06:01:38+00:00","dateModified":"2026-01-06T11:22:45+00:00","description":"Trang gi\u1edbi thi\u1ec7u c\u00e1 nh\u00e2n \u2013 n\u01a1i t\u00f4i chia s\u1ebb h\u00e0nh tr\u00ecnh ngh\u1ec1 nghi\u1ec7p, d\u1ef1 \u00e1n \u0111\u00e3 th\u1ef1c hi\u1ec7n v\u00e0 nh\u1eefng d\u1ea5u \u1ea5n chuy\u00ean m\u00f4n trong l\u0129nh v\u1ef1c c\u1ee7a m\u00ecnh.","breadcrumb":{"@id":"https:\/\/dinhtienminh.net\/#breadcrumb"},"inLanguage":"en-US","potentialAction":[{"@type":"ReadAction","target":["https:\/\/dinhtienminh.net\/"]}]},{"@type":"BreadcrumbList","@id":"https:\/\/dinhtienminh.net\/#breadcrumb","itemListElement":[{"@type":"ListItem","position":1,"name":"Trang ch\u1ee7","item":"https:\/\/dinhtienminh.net\/"},{"@type":"ListItem","position":2,"name":"About Me"}]},{"@type":"WebSite","@id":"https:\/\/dinhtienminh.net\/#website","url":"https:\/\/dinhtienminh.net\/","name":"PHD - \u0110inh TI\u00ean Minh's Website","description":"SIMPLICITY IS THE DIFFERENCE","publisher":{"@id":"https:\/\/dinhtienminh.net\/#organization"},"potentialAction":[{"@type":"SearchAction","target":{"@type":"EntryPoint","urlTemplate":"https:\/\/dinhtienminh.net\/?s={search_term_string}"},"query-input":"required name=search_term_string"}],"inLanguage":"en-US"},{"@type":"Organization","@id":"https:\/\/dinhtienminh.net\/#organization","name":"PHD - \u0110inh TI\u00ean Minh's Website","url":"https:\/\/dinhtienminh.net\/","logo":{"@type":"ImageObject","inLanguage":"en-US","@id":"https:\/\/dinhtienminh.net\/#\/schema\/logo\/image\/","url":"https:\/\/dinhtienminh.net\/wp-content\/uploads\/2022\/04\/cropped-cropped-cropped-LogoName-e1627360354414-removebg.png","contentUrl":"https:\/\/dinhtienminh.net\/wp-content\/uploads\/2022\/04\/cropped-cropped-cropped-LogoName-e1627360354414-removebg.png","width":512,"height":512,"caption":"PHD - \u0110inh TI\u00ean Minh's Website"},"image":{"@id":"https:\/\/dinhtienminh.net\/#\/schema\/logo\/image\/"}}]}},"_links":{"self":[{"href":"https:\/\/dinhtienminh.net\/en\/wp-json\/wp\/v2\/pages\/146","targetHints":{"allow":["GET"]}}],"collection":[{"href":"https:\/\/dinhtienminh.net\/en\/wp-json\/wp\/v2\/pages"}],"about":[{"href":"https:\/\/dinhtienminh.net\/en\/wp-json\/wp\/v2\/types\/page"}],"author":[{"embeddable":true,"href":"https:\/\/dinhtienminh.net\/en\/wp-json\/wp\/v2\/users\/1"}],"replies":[{"embeddable":true,"href":"https:\/\/dinhtienminh.net\/en\/wp-json\/wp\/v2\/comments?post=146"}],"version-history":[{"count":0,"href":"https:\/\/dinhtienminh.net\/en\/wp-json\/wp\/v2\/pages\/146\/revisions"}],"wp:attachment":[{"href":"https:\/\/dinhtienminh.net\/en\/wp-json\/wp\/v2\/media?parent=146"}],"curies":[{"name":"wp","href":"https:\/\/api.w.org\/{rel}","templated":true}]}}