{"id":17,"date":"2018-04-05T09:53:48","date_gmt":"2018-04-05T09:53:48","guid":{"rendered":"http:\/\/dinhtienminh.net\/?page_id=17"},"modified":"2025-04-09T08:14:08","modified_gmt":"2025-04-09T08:14:08","slug":"tintuc","status":"publish","type":"page","link":"https:\/\/dinhtienminh.net\/en\/tintuc\/","title":{"rendered":"News"},"content":{"rendered":"<section class=\"fw-main-row\"  >\n\t<div class=\"fw-container\">\n\t\t<div class=\"row\">\n\t\r\n\r\n<div class=\"col-xs-12 col-sm-12\">\r\n    <div id=\"col_inner_id-69f8982194a51\" class=\"fw-col-inner\" data-paddings=\"0px 0px 0px 0px\">\r\n\t\t<p><div class=\"pt-cv-wrapper\"><div class=\"pt-cv-view pt-cv-grid pt-cv-colsys\" id=\"pt-cv-view-18c332dnzg\"><div data-id=\"pt-cv-page-1\" class=\"pt-cv-page\" data-cvc=\"3\"><div class=\"col-md-4 col-sm-6 col-xs-12 pt-cv-content-item pt-cv-1-col\" ><div class='pt-cv-ifield'><a href=\"https:\/\/dinhtienminh.net\/en\/ueh-tham-du-le-khoi-dong-du-an-access\/\" class=\"_self pt-cv-href-thumbnail pt-cv-thumb-default\" target=\"_self\" ><img loading=\"lazy\" decoding=\"async\" width=\"800\" height=\"600\" src=\"https:\/\/dinhtienminh.net\/wp-content\/uploads\/2025\/04\/ueh-tham-du-le-khoi-dong-du-an-access-1.jpg\" class=\"pt-cv-thumbnail\" alt=\"\" srcset=\"https:\/\/dinhtienminh.net\/wp-content\/uploads\/2025\/04\/ueh-tham-du-le-khoi-dong-du-an-access-1.jpg 800w, https:\/\/dinhtienminh.net\/wp-content\/uploads\/2025\/04\/ueh-tham-du-le-khoi-dong-du-an-access-1-768x576.jpg 768w, https:\/\/dinhtienminh.net\/wp-content\/uploads\/2025\/04\/ueh-tham-du-le-khoi-dong-du-an-access-1-16x12.jpg 16w\" sizes=\"auto, (max-width: 800px) 100vw, 800px\" \/><\/a>\n<h4 class=\"pt-cv-title\"><a href=\"https:\/\/dinhtienminh.net\/en\/ueh-tham-du-le-khoi-dong-du-an-access\/\" class=\"_self\" target=\"_self\" >UEH tham d\u1ef1 L\u00ea\u0303 kh\u01a1\u0309i \u0111\u00f4\u0323ng D\u01b0\u0323 a\u0301n \u201cThu\u0301c \u0111\u00e2\u0309y pha\u0301t tri\u00ea\u0309n H\u00ea\u0323 sinh tha\u0301i C\u00f4ng ngh\u00ea\u0323 s\u00f4\u0301 trong Gia\u0301o du\u0323c \u0110a\u0323i ho\u0323c ta\u0323i Vi\u00ea\u0323t Nam\u201d (ACCEES)<\/a><\/h4>\n<div class=\"pt-cv-content\">T\u1eeb ng\u00e0y 31\/03 \u0111\u1ebfn ng\u00e0y 01\/04\/2025, \u0111o\u00e0n c\u00f4ng t\u00e1c c\u1ee7a \u0110\u1ea1i h\u1ecdc Kinh t\u1ebf TP. H\u1ed3 Ch\u00ed Minh (\u0110\u1ea1i h\u1ecdc ...<br \/><div class=\"pt-cv-rmwrap\"><a href=\"https:\/\/dinhtienminh.net\/en\/ueh-tham-du-le-khoi-dong-du-an-access\/\" class=\"_self pt-cv-readmore btn btn-success\" target=\"_self\">More<\/a><\/div><\/div><\/div><\/div>\n<div class=\"col-md-4 col-sm-6 col-xs-12 pt-cv-content-item pt-cv-1-col\" ><div class='pt-cv-ifield'><a href=\"https:\/\/dinhtienminh.net\/en\/ueh-awards-2025\/\" class=\"_self pt-cv-href-thumbnail pt-cv-thumb-default\" target=\"_self\" ><img loading=\"lazy\" decoding=\"async\" width=\"800\" height=\"600\" src=\"https:\/\/dinhtienminh.net\/wp-content\/uploads\/2025\/03\/ueh-awards-2025-1.jpg\" class=\"pt-cv-thumbnail\" alt=\"\" srcset=\"https:\/\/dinhtienminh.net\/wp-content\/uploads\/2025\/03\/ueh-awards-2025-1.jpg 800w, https:\/\/dinhtienminh.net\/wp-content\/uploads\/2025\/03\/ueh-awards-2025-1-768x576.jpg 768w, https:\/\/dinhtienminh.net\/wp-content\/uploads\/2025\/03\/ueh-awards-2025-1-16x12.jpg 16w\" sizes=\"auto, (max-width: 800px) 100vw, 800px\" \/><\/a>\n<h4 class=\"pt-cv-title\"><a href=\"https:\/\/dinhtienminh.net\/en\/ueh-awards-2025\/\" class=\"_self\" target=\"_self\" >UEH Awards 2025: The Community of Change Makers<\/a><\/h4>\n<div class=\"pt-cv-content\">On March 28, 2025, the University of Economics Ho Chi Minh City (UEH) held a Ceremony at Hall B1-302...<br \/><div class=\"pt-cv-rmwrap\"><a href=\"https:\/\/dinhtienminh.net\/en\/ueh-awards-2025\/\" class=\"_self pt-cv-readmore btn btn-success\" target=\"_self\">More<\/a><\/div><\/div><\/div><\/div>\n<div class=\"col-md-4 col-sm-6 col-xs-12 pt-cv-content-item pt-cv-1-col\" ><div class='pt-cv-ifield'><a href=\"https:\/\/dinhtienminh.net\/en\/le-tot-nghiep-ueh-thang-3-2025\/\" class=\"_self pt-cv-href-thumbnail pt-cv-thumb-default\" target=\"_self\" ><img loading=\"lazy\" decoding=\"async\" width=\"800\" height=\"600\" src=\"https:\/\/dinhtienminh.net\/wp-content\/uploads\/2025\/03\/ueh-graduation-2025.jpg\" class=\"pt-cv-thumbnail\" alt=\"\" srcset=\"https:\/\/dinhtienminh.net\/wp-content\/uploads\/2025\/03\/ueh-graduation-2025.jpg 800w, https:\/\/dinhtienminh.net\/wp-content\/uploads\/2025\/03\/ueh-graduation-2025-768x576.jpg 768w, https:\/\/dinhtienminh.net\/wp-content\/uploads\/2025\/03\/ueh-graduation-2025-16x12.jpg 16w\" sizes=\"auto, (max-width: 800px) 100vw, 800px\" \/><\/a>\n<h4 class=\"pt-cv-title\"><a href=\"https:\/\/dinhtienminh.net\/en\/le-tot-nghiep-ueh-thang-3-2025\/\" class=\"_self\" target=\"_self\" >UEH 2025 Graduation Ceremony \u2013 Marketing Major<\/a><\/h4>\n<div class=\"pt-cv-content\">On the afternoon of March 18, 2025, the Marketing, Logistics, and Supply Chain Management programs solemnly held the graduation ceremony...<br \/><div class=\"pt-cv-rmwrap\"><a href=\"https:\/\/dinhtienminh.net\/en\/le-tot-nghiep-ueh-thang-3-2025\/\" class=\"_self pt-cv-readmore btn btn-success\" target=\"_self\">More<\/a><\/div><\/div><\/div><\/div>\n<div class=\"col-md-4 col-sm-6 col-xs-12 pt-cv-content-item pt-cv-1-col\" ><div class='pt-cv-ifield'><a href=\"https:\/\/dinhtienminh.net\/en\/ueh-mekong-to-chuc-talkshow-check-var-marketing\/\" class=\"_self pt-cv-href-thumbnail pt-cv-thumb-default\" target=\"_self\" ><img loading=\"lazy\" decoding=\"async\" width=\"800\" height=\"600\" src=\"https:\/\/dinhtienminh.net\/wp-content\/uploads\/2025\/03\/talkshow-ueh-mekong.jpg\" class=\"pt-cv-thumbnail\" alt=\"\" srcset=\"https:\/\/dinhtienminh.net\/wp-content\/uploads\/2025\/03\/talkshow-ueh-mekong.jpg 800w, https:\/\/dinhtienminh.net\/wp-content\/uploads\/2025\/03\/talkshow-ueh-mekong-768x576.jpg 768w, https:\/\/dinhtienminh.net\/wp-content\/uploads\/2025\/03\/talkshow-ueh-mekong-16x12.jpg 16w\" sizes=\"auto, (max-width: 800px) 100vw, 800px\" \/><\/a>\n<h4 class=\"pt-cv-title\"><a href=\"https:\/\/dinhtienminh.net\/en\/ueh-mekong-to-chuc-talkshow-check-var-marketing\/\" class=\"_self\" target=\"_self\" >UEH Mekong Talkshow: Check var Marketing<\/a><\/h4>\n<div class=\"pt-cv-content\">On the morning of March 15, 2025, the Marketing Research Club under the UEH Mekong Youth Union organized the talk show...<br \/><div class=\"pt-cv-rmwrap\"><a href=\"https:\/\/dinhtienminh.net\/en\/ueh-mekong-to-chuc-talkshow-check-var-marketing\/\" class=\"_self pt-cv-readmore btn btn-success\" target=\"_self\">More<\/a><\/div><\/div><\/div><\/div>\n<div class=\"col-md-4 col-sm-6 col-xs-12 pt-cv-content-item pt-cv-1-col\" ><div class='pt-cv-ifield'><a href=\"https:\/\/dinhtienminh.net\/en\/tuyen-sinh-2020-ueh-cong-bo-nguong-dam-bao-chat-luong-dau-vao\/\" class=\"_self pt-cv-href-thumbnail pt-cv-thumb-default\" target=\"_self\" ><img loading=\"lazy\" decoding=\"async\" width=\"800\" height=\"600\" src=\"https:\/\/dinhtienminh.net\/wp-content\/uploads\/2020\/09\/tin-tuc-2021.jpg\" class=\"pt-cv-thumbnail\" alt=\"\" srcset=\"https:\/\/dinhtienminh.net\/wp-content\/uploads\/2020\/09\/tin-tuc-2021.jpg 800w, https:\/\/dinhtienminh.net\/wp-content\/uploads\/2020\/09\/tin-tuc-2021-768x576.jpg 768w, https:\/\/dinhtienminh.net\/wp-content\/uploads\/2020\/09\/tin-tuc-2021-16x12.jpg 16w\" sizes=\"auto, (max-width: 800px) 100vw, 800px\" \/><\/a>\n<h4 class=\"pt-cv-title\"><a href=\"https:\/\/dinhtienminh.net\/en\/tuyen-sinh-2020-ueh-cong-bo-nguong-dam-bao-chat-luong-dau-vao\/\" class=\"_self\" target=\"_self\" >2020 Admissions: UEH announces the minimum admission score for candidates using high school graduation exam results in 2020<\/a><\/h4>\n<div class=\"pt-cv-content\">\u0110\u1ea1i h\u1ecdc Kinh t\u1ebf TP. H\u1ed3 Ch\u00ed Minh c\u00f4ng b\u1ed1 ng\u01b0\u1ee1ng \u0111\u1ea3m b\u1ea3o ch\u1ea5t l\u01b0\u1ee3ng \u0111\u1ea7u v\u00e0o \u0111\u1ea1i h\u1ecdc theo ...<br \/><div class=\"pt-cv-rmwrap\"><a href=\"https:\/\/dinhtienminh.net\/en\/tuyen-sinh-2020-ueh-cong-bo-nguong-dam-bao-chat-luong-dau-vao\/\" class=\"_self pt-cv-readmore btn btn-success\" target=\"_self\">More<\/a><\/div><\/div><\/div><\/div>\n<div class=\"col-md-4 col-sm-6 col-xs-12 pt-cv-content-item pt-cv-1-col\" ><div class='pt-cv-ifield'><a href=\"https:\/\/dinhtienminh.net\/en\/ueh-tham-gia-xay-dung-thu-vien-dien-tu-dung-chung-cho-cac-co-so-giao-duc-dai-hoc-o-viet-nam\/\" class=\"_self pt-cv-href-thumbnail pt-cv-thumb-default\" target=\"_self\" ><img loading=\"lazy\" decoding=\"async\" width=\"800\" height=\"600\" src=\"https:\/\/dinhtienminh.net\/wp-content\/uploads\/2020\/09\/ueh-xay-dung-thu-vien-dien-tu.jpg\" class=\"pt-cv-thumbnail\" alt=\"\" srcset=\"https:\/\/dinhtienminh.net\/wp-content\/uploads\/2020\/09\/ueh-xay-dung-thu-vien-dien-tu.jpg 800w, https:\/\/dinhtienminh.net\/wp-content\/uploads\/2020\/09\/ueh-xay-dung-thu-vien-dien-tu-768x576.jpg 768w, https:\/\/dinhtienminh.net\/wp-content\/uploads\/2020\/09\/ueh-xay-dung-thu-vien-dien-tu-16x12.jpg 16w\" sizes=\"auto, (max-width: 800px) 100vw, 800px\" \/><\/a>\n<h4 class=\"pt-cv-title\"><a href=\"https:\/\/dinhtienminh.net\/en\/ueh-tham-gia-xay-dung-thu-vien-dien-tu-dung-chung-cho-cac-co-so-giao-duc-dai-hoc-o-viet-nam\/\" class=\"_self\" target=\"_self\" >UEH Contributes to the Establishment of a Collaborative E-library for Higher Education in Vietnam<\/a><\/h4>\n<div class=\"pt-cv-content\">Component Project: \u201cDeveloping a Shared Electronic Library for Higher Education Institutions...\u201d<br \/><div class=\"pt-cv-rmwrap\"><a href=\"https:\/\/dinhtienminh.net\/en\/ueh-tham-gia-xay-dung-thu-vien-dien-tu-dung-chung-cho-cac-co-so-giao-duc-dai-hoc-o-viet-nam\/\" class=\"_self pt-cv-readmore btn btn-success\" target=\"_self\">More<\/a><\/div><\/div><\/div><\/div>\n<div class=\"col-md-4 col-sm-6 col-xs-12 pt-cv-content-item pt-cv-1-col\" ><div class='pt-cv-ifield'><a href=\"https:\/\/dinhtienminh.net\/en\/ueh-khanh-thanh-khu-phuc-hop-tri-thuc-thu-gian-sang-tao\/\" class=\"_self pt-cv-href-thumbnail pt-cv-thumb-default\" target=\"_self\" ><img loading=\"lazy\" decoding=\"async\" width=\"800\" height=\"600\" src=\"https:\/\/dinhtienminh.net\/wp-content\/uploads\/2020\/09\/urh-khanh-thanh-khu-phuc-hop.jpg\" class=\"pt-cv-thumbnail\" alt=\"\" srcset=\"https:\/\/dinhtienminh.net\/wp-content\/uploads\/2020\/09\/urh-khanh-thanh-khu-phuc-hop.jpg 800w, https:\/\/dinhtienminh.net\/wp-content\/uploads\/2020\/09\/urh-khanh-thanh-khu-phuc-hop-768x576.jpg 768w, https:\/\/dinhtienminh.net\/wp-content\/uploads\/2020\/09\/urh-khanh-thanh-khu-phuc-hop-16x12.jpg 16w\" sizes=\"auto, (max-width: 800px) 100vw, 800px\" \/><\/a>\n<h4 class=\"pt-cv-title\"><a href=\"https:\/\/dinhtienminh.net\/en\/ueh-khanh-thanh-khu-phuc-hop-tri-thuc-thu-gian-sang-tao\/\" class=\"_self\" target=\"_self\" >UEH inaugurates the Knowledge, Relaxation and Creativity Hub<\/a><\/h4>\n<div class=\"pt-cv-content\">The Institute of Smart City and Management (ISCM) was established to provide human resources in and beyond...<br \/><div class=\"pt-cv-rmwrap\"><a href=\"https:\/\/dinhtienminh.net\/en\/ueh-khanh-thanh-khu-phuc-hop-tri-thuc-thu-gian-sang-tao\/\" class=\"_self pt-cv-readmore btn btn-success\" target=\"_self\">More<\/a><\/div><\/div><\/div><\/div>\n<div class=\"col-md-4 col-sm-6 col-xs-12 pt-cv-content-item pt-cv-1-col\" ><div class='pt-cv-ifield'><a href=\"https:\/\/dinhtienminh.net\/en\/qui-tac-liem-chinh-trong-nckh-tai-ueh\/\" class=\"_self pt-cv-href-thumbnail pt-cv-thumb-default\" target=\"_self\" ><img loading=\"lazy\" decoding=\"async\" width=\"800\" height=\"600\" src=\"https:\/\/dinhtienminh.net\/wp-content\/uploads\/2019\/12\/quy-tac-liem-chinh-trong-nckh-ueh.jpg\" class=\"pt-cv-thumbnail\" alt=\"\" srcset=\"https:\/\/dinhtienminh.net\/wp-content\/uploads\/2019\/12\/quy-tac-liem-chinh-trong-nckh-ueh.jpg 800w, https:\/\/dinhtienminh.net\/wp-content\/uploads\/2019\/12\/quy-tac-liem-chinh-trong-nckh-ueh-768x576.jpg 768w, https:\/\/dinhtienminh.net\/wp-content\/uploads\/2019\/12\/quy-tac-liem-chinh-trong-nckh-ueh-16x12.jpg 16w\" sizes=\"auto, (max-width: 800px) 100vw, 800px\" \/><\/a>\n<h4 class=\"pt-cv-title\"><a href=\"https:\/\/dinhtienminh.net\/en\/qui-tac-liem-chinh-trong-nckh-tai-ueh\/\" class=\"_self\" target=\"_self\" >Regulations on Academic Integrity in Scientific activities at UEH<\/a><\/h4>\n<div class=\"pt-cv-content\">The Rector of the University of Economics Ho Chi Minh City (UEH) issues Regulations on Integrity Rules in...<br \/><div class=\"pt-cv-rmwrap\"><a href=\"https:\/\/dinhtienminh.net\/en\/qui-tac-liem-chinh-trong-nckh-tai-ueh\/\" class=\"_self pt-cv-readmore btn btn-success\" target=\"_self\">More<\/a><\/div><\/div><\/div><\/div>\n<div class=\"col-md-4 col-sm-6 col-xs-12 pt-cv-content-item pt-cv-1-col\" ><div class='pt-cv-ifield'><a href=\"https:\/\/dinhtienminh.net\/en\/le-ky-ket-chuong-trinh-hop-tac-giua-ueh-va-hiep-hoi-doanh-nghiep-dich-vu-logistics-viet-nam\/\" class=\"_self pt-cv-href-thumbnail pt-cv-thumb-default\" target=\"_self\" ><img loading=\"lazy\" decoding=\"async\" width=\"800\" height=\"600\" src=\"https:\/\/dinhtienminh.net\/wp-content\/uploads\/2018\/06\/le-ky-ket-ueh-va-hiep-hoi-logistic-viet-nam.jpg\" class=\"pt-cv-thumbnail\" alt=\"\" srcset=\"https:\/\/dinhtienminh.net\/wp-content\/uploads\/2018\/06\/le-ky-ket-ueh-va-hiep-hoi-logistic-viet-nam.jpg 800w, https:\/\/dinhtienminh.net\/wp-content\/uploads\/2018\/06\/le-ky-ket-ueh-va-hiep-hoi-logistic-viet-nam-768x576.jpg 768w, https:\/\/dinhtienminh.net\/wp-content\/uploads\/2018\/06\/le-ky-ket-ueh-va-hiep-hoi-logistic-viet-nam-16x12.jpg 16w\" sizes=\"auto, (max-width: 800px) 100vw, 800px\" \/><\/a>\n<h4 class=\"pt-cv-title\"><a href=\"https:\/\/dinhtienminh.net\/en\/le-ky-ket-chuong-trinh-hop-tac-giua-ueh-va-hiep-hoi-doanh-nghiep-dich-vu-logistics-viet-nam\/\" class=\"_self\" target=\"_self\" >The Cooperation Signing Ceremony between UEH and Vietnam Logistics Service Enterprises Association<\/a><\/h4>\n<div class=\"pt-cv-content\">On the afternoon of June 14, 2018, at Campus 59C Nguy\u1ec5n \u0110\u00ecnh Chi\u1ec3u, the University of Economics Ho Chi Minh City (UEH) ...<br \/><div class=\"pt-cv-rmwrap\"><a href=\"https:\/\/dinhtienminh.net\/en\/le-ky-ket-chuong-trinh-hop-tac-giua-ueh-va-hiep-hoi-doanh-nghiep-dich-vu-logistics-viet-nam\/\" class=\"_self pt-cv-readmore btn btn-success\" target=\"_self\">More<\/a><\/div><\/div><\/div><\/div>\n<div class=\"col-md-4 col-sm-6 col-xs-12 pt-cv-content-item pt-cv-1-col\" ><div class='pt-cv-ifield'><a href=\"https:\/\/dinhtienminh.net\/en\/ueh-ky-ket-hop-tac-voi-truong-dai-hoc-quan-ly-singapore\/\" class=\"_self pt-cv-href-thumbnail pt-cv-thumb-default\" target=\"_self\" ><img loading=\"lazy\" decoding=\"async\" width=\"800\" height=\"600\" src=\"https:\/\/dinhtienminh.net\/wp-content\/uploads\/2018\/04\/le-ky-ket-ueh-va-truong-dai-hoc-quan-ly-singapore.jpg\" class=\"pt-cv-thumbnail\" alt=\"\" srcset=\"https:\/\/dinhtienminh.net\/wp-content\/uploads\/2018\/04\/le-ky-ket-ueh-va-truong-dai-hoc-quan-ly-singapore.jpg 800w, https:\/\/dinhtienminh.net\/wp-content\/uploads\/2018\/04\/le-ky-ket-ueh-va-truong-dai-hoc-quan-ly-singapore-768x576.jpg 768w, https:\/\/dinhtienminh.net\/wp-content\/uploads\/2018\/04\/le-ky-ket-ueh-va-truong-dai-hoc-quan-ly-singapore-16x12.jpg 16w\" sizes=\"auto, (max-width: 800px) 100vw, 800px\" \/><\/a>\n<h4 class=\"pt-cv-title\"><a href=\"https:\/\/dinhtienminh.net\/en\/ueh-ky-ket-hop-tac-voi-truong-dai-hoc-quan-ly-singapore\/\" class=\"_self\" target=\"_self\" >UEH Signs Cooperation Agreement with Singapore Management University<\/a><\/h4>\n<div class=\"pt-cv-content\">On April 27, 2018, as part of the official visit and participation in the conference program...<br \/><div class=\"pt-cv-rmwrap\"><a href=\"https:\/\/dinhtienminh.net\/en\/ueh-ky-ket-hop-tac-voi-truong-dai-hoc-quan-ly-singapore\/\" class=\"_self pt-cv-readmore btn btn-success\" target=\"_self\">More<\/a><\/div><\/div><\/div><\/div><\/div><\/div><\/div><\/p>\t<\/div>\r\n<\/div>\r\n<\/div>\n\n\t<\/div>\n<\/section>","protected":false},"excerpt":{"rendered":"<p>UEH tham d\u1ef1 L\u00ea\u0303 kh\u01a1\u0309i \u0111\u00f4\u0323ng D\u01b0\u0323 a\u0301n \u201cThu\u0301c \u0111\u00e2\u0309y pha\u0301t tri\u00ea\u0309n H\u00ea\u0323 sinh tha\u0301i C\u00f4ng ngh\u00ea\u0323 s\u00f4\u0301 trong Gia\u0301o du\u0323c \u0110a\u0323i ho\u0323c ta\u0323i Vi\u00ea\u0323t Nam\u201d (ACCEES) T\u1eeb ng\u00e0y 31\/03 \u0111\u1ebfn ng\u00e0y 01\/04\/2025, \u0111o\u00e0n c\u00f4ng t\u00e1c c\u1ee7a \u0110\u1ea1i h\u1ecdc Kinh t\u1ebf TP. H\u1ed3 Ch\u00ed Minh (\u0110\u1ea1i h\u1ecdc &#8230;Xem Chi Ti\u1ebft L\u1ec5 vinh danh UEH Awards&#8230;<\/p>\n<p><a class=\"read-more\" href=\"https:\/\/dinhtienminh.net\/en\/tintuc\/\">Read More<\/a><\/p>","protected":false},"author":1,"featured_media":0,"parent":0,"menu_order":0,"comment_status":"closed","ping_status":"closed","template":"","meta":{"_editorskit_title_hidden":false,"_editorskit_reading_time":0,"_editorskit_is_block_options_detached":false,"_editorskit_block_options_position":"{}","footnotes":""},"class_list":["post-17","page","type-page","status-publish","hentry"],"yoast_head":"<!-- This site is optimized with the Yoast SEO plugin v27.4 - https:\/\/yoast.com\/product\/yoast-seo-wordpress\/ -->\n<title>Tin t\u1ee9c - Assoc. Prof - \u0110inh Ti\u00ean Minh&#039;s Website<\/title>\n<meta name=\"robots\" content=\"index, follow, max-snippet:-1, max-image-preview:large, max-video-preview:-1\" \/>\n<link rel=\"canonical\" href=\"https:\/\/dinhtienminh.net\/en\/tintuc\/\" \/>\n<meta property=\"og:locale\" content=\"en_US\" \/>\n<meta property=\"og:type\" content=\"article\" \/>\n<meta property=\"og:title\" content=\"Tin t\u1ee9c - Assoc. Prof - \u0110inh Ti\u00ean Minh&#039;s Website\" \/>\n<meta property=\"og:description\" content=\"UEH tham d\u1ef1 L\u00ea\u0303 kh\u01a1\u0309i \u0111\u00f4\u0323ng D\u01b0\u0323 a\u0301n \u201cThu\u0301c \u0111\u00e2\u0309y pha\u0301t tri\u00ea\u0309n H\u00ea\u0323 sinh tha\u0301i C\u00f4ng ngh\u00ea\u0323 s\u00f4\u0301 trong Gia\u0301o du\u0323c \u0110a\u0323i ho\u0323c ta\u0323i Vi\u00ea\u0323t Nam\u201d (ACCEES) T\u1eeb ng\u00e0y 31\/03 \u0111\u1ebfn ng\u00e0y 01\/04\/2025, \u0111o\u00e0n c\u00f4ng t\u00e1c c\u1ee7a \u0110\u1ea1i h\u1ecdc Kinh t\u1ebf TP. H\u1ed3 Ch\u00ed Minh (\u0110\u1ea1i h\u1ecdc ...Xem Chi Ti\u1ebft L\u1ec5 vinh danh UEH Awards...Read More\" \/>\n<meta property=\"og:url\" content=\"https:\/\/dinhtienminh.net\/en\/tintuc\/\" \/>\n<meta property=\"og:site_name\" content=\"Assoc. Prof - \u0110inh Ti\u00ean Minh&#039;s Website\" \/>\n<meta property=\"article:modified_time\" content=\"2025-04-09T08:14:08+00:00\" \/>\n<meta property=\"og:image\" content=\"https:\/\/dinhtienminh.net\/wp-content\/uploads\/2025\/04\/ueh-tham-du-le-khoi-dong-du-an-access-1.jpg\" \/>\n<meta name=\"twitter:card\" content=\"summary_large_image\" \/>\n<meta name=\"twitter:label1\" content=\"Est. reading time\" \/>\n\t<meta name=\"twitter:data1\" content=\"5 minutes\" \/>\n<script type=\"application\/ld+json\" class=\"yoast-schema-graph\">{\"@context\":\"https:\\\/\\\/schema.org\",\"@graph\":[{\"@type\":\"WebPage\",\"@id\":\"https:\\\/\\\/dinhtienminh.net\\\/tintuc\\\/\",\"url\":\"https:\\\/\\\/dinhtienminh.net\\\/tintuc\\\/\",\"name\":\"Tin t\u1ee9c - Assoc. Prof - \u0110inh Ti\u00ean Minh&#039;s Website\",\"isPartOf\":{\"@id\":\"https:\\\/\\\/dinhtienminh.net\\\/#website\"},\"primaryImageOfPage\":{\"@id\":\"https:\\\/\\\/dinhtienminh.net\\\/tintuc\\\/#primaryimage\"},\"image\":{\"@id\":\"https:\\\/\\\/dinhtienminh.net\\\/tintuc\\\/#primaryimage\"},\"thumbnailUrl\":\"https:\\\/\\\/dinhtienminh.net\\\/wp-content\\\/uploads\\\/2025\\\/04\\\/ueh-tham-du-le-khoi-dong-du-an-access-1.jpg\",\"datePublished\":\"2018-04-05T09:53:48+00:00\",\"dateModified\":\"2025-04-09T08:14:08+00:00\",\"breadcrumb\":{\"@id\":\"https:\\\/\\\/dinhtienminh.net\\\/tintuc\\\/#breadcrumb\"},\"inLanguage\":\"en-US\",\"potentialAction\":[{\"@type\":\"ReadAction\",\"target\":[\"https:\\\/\\\/dinhtienminh.net\\\/tintuc\\\/\"]}]},{\"@type\":\"ImageObject\",\"inLanguage\":\"en-US\",\"@id\":\"https:\\\/\\\/dinhtienminh.net\\\/tintuc\\\/#primaryimage\",\"url\":\"https:\\\/\\\/dinhtienminh.net\\\/wp-content\\\/uploads\\\/2025\\\/04\\\/ueh-tham-du-le-khoi-dong-du-an-access-1.jpg\",\"contentUrl\":\"https:\\\/\\\/dinhtienminh.net\\\/wp-content\\\/uploads\\\/2025\\\/04\\\/ueh-tham-du-le-khoi-dong-du-an-access-1.jpg\"},{\"@type\":\"BreadcrumbList\",\"@id\":\"https:\\\/\\\/dinhtienminh.net\\\/tintuc\\\/#breadcrumb\",\"itemListElement\":[{\"@type\":\"ListItem\",\"position\":1,\"name\":\"Trang ch\u1ee7\",\"item\":\"https:\\\/\\\/dinhtienminh.net\\\/\"},{\"@type\":\"ListItem\",\"position\":2,\"name\":\"Tin t\u1ee9c\"}]},{\"@type\":\"WebSite\",\"@id\":\"https:\\\/\\\/dinhtienminh.net\\\/#website\",\"url\":\"https:\\\/\\\/dinhtienminh.net\\\/\",\"name\":\"PHD - \u0110inh TI\u00ean Minh's Website\",\"description\":\"\u0110\u01a0N GI\u1ea2N L\u00c0 KH\u00c1C BI\u1ec6T\",\"publisher\":{\"@id\":\"https:\\\/\\\/dinhtienminh.net\\\/#organization\"},\"potentialAction\":[{\"@type\":\"SearchAction\",\"target\":{\"@type\":\"EntryPoint\",\"urlTemplate\":\"https:\\\/\\\/dinhtienminh.net\\\/?s={search_term_string}\"},\"query-input\":{\"@type\":\"PropertyValueSpecification\",\"valueRequired\":true,\"valueName\":\"search_term_string\"}}],\"inLanguage\":\"en-US\"},{\"@type\":\"Organization\",\"@id\":\"https:\\\/\\\/dinhtienminh.net\\\/#organization\",\"name\":\"PHD - \u0110inh TI\u00ean Minh's Website\",\"url\":\"https:\\\/\\\/dinhtienminh.net\\\/\",\"logo\":{\"@type\":\"ImageObject\",\"inLanguage\":\"en-US\",\"@id\":\"https:\\\/\\\/dinhtienminh.net\\\/#\\\/schema\\\/logo\\\/image\\\/\",\"url\":\"https:\\\/\\\/dinhtienminh.net\\\/wp-content\\\/uploads\\\/2022\\\/04\\\/cropped-cropped-cropped-LogoName-e1627360354414-removebg.png\",\"contentUrl\":\"https:\\\/\\\/dinhtienminh.net\\\/wp-content\\\/uploads\\\/2022\\\/04\\\/cropped-cropped-cropped-LogoName-e1627360354414-removebg.png\",\"width\":512,\"height\":512,\"caption\":\"PHD - \u0110inh TI\u00ean Minh's Website\"},\"image\":{\"@id\":\"https:\\\/\\\/dinhtienminh.net\\\/#\\\/schema\\\/logo\\\/image\\\/\"}}]}<\/script>\n<!-- \/ Yoast SEO plugin. -->","yoast_head_json":{"title":"Tin t\u1ee9c - Assoc. Prof - \u0110inh Ti\u00ean Minh&#039;s Website","robots":{"index":"index","follow":"follow","max-snippet":"max-snippet:-1","max-image-preview":"max-image-preview:large","max-video-preview":"max-video-preview:-1"},"canonical":"https:\/\/dinhtienminh.net\/en\/tintuc\/","og_locale":"en_US","og_type":"article","og_title":"Tin t\u1ee9c - Assoc. Prof - \u0110inh Ti\u00ean Minh&#039;s Website","og_description":"UEH tham d\u1ef1 L\u00ea\u0303 kh\u01a1\u0309i \u0111\u00f4\u0323ng D\u01b0\u0323 a\u0301n \u201cThu\u0301c \u0111\u00e2\u0309y pha\u0301t tri\u00ea\u0309n H\u00ea\u0323 sinh tha\u0301i C\u00f4ng ngh\u00ea\u0323 s\u00f4\u0301 trong Gia\u0301o du\u0323c \u0110a\u0323i ho\u0323c ta\u0323i Vi\u00ea\u0323t Nam\u201d (ACCEES) T\u1eeb ng\u00e0y 31\/03 \u0111\u1ebfn ng\u00e0y 01\/04\/2025, \u0111o\u00e0n c\u00f4ng t\u00e1c c\u1ee7a \u0110\u1ea1i h\u1ecdc Kinh t\u1ebf TP. H\u1ed3 Ch\u00ed Minh (\u0110\u1ea1i h\u1ecdc ...Xem Chi Ti\u1ebft L\u1ec5 vinh danh UEH Awards...Read More","og_url":"https:\/\/dinhtienminh.net\/en\/tintuc\/","og_site_name":"Assoc. Prof - \u0110inh Ti\u00ean Minh&#039;s Website","article_modified_time":"2025-04-09T08:14:08+00:00","og_image":[{"url":"https:\/\/dinhtienminh.net\/wp-content\/uploads\/2025\/04\/ueh-tham-du-le-khoi-dong-du-an-access-1.jpg","type":"","width":"","height":""}],"twitter_card":"summary_large_image","twitter_misc":{"Est. reading time":"5 minutes"},"schema":{"@context":"https:\/\/schema.org","@graph":[{"@type":"WebPage","@id":"https:\/\/dinhtienminh.net\/tintuc\/","url":"https:\/\/dinhtienminh.net\/tintuc\/","name":"Tin t\u1ee9c - Assoc. Prof - \u0110inh Ti\u00ean Minh&#039;s Website","isPartOf":{"@id":"https:\/\/dinhtienminh.net\/#website"},"primaryImageOfPage":{"@id":"https:\/\/dinhtienminh.net\/tintuc\/#primaryimage"},"image":{"@id":"https:\/\/dinhtienminh.net\/tintuc\/#primaryimage"},"thumbnailUrl":"https:\/\/dinhtienminh.net\/wp-content\/uploads\/2025\/04\/ueh-tham-du-le-khoi-dong-du-an-access-1.jpg","datePublished":"2018-04-05T09:53:48+00:00","dateModified":"2025-04-09T08:14:08+00:00","breadcrumb":{"@id":"https:\/\/dinhtienminh.net\/tintuc\/#breadcrumb"},"inLanguage":"en-US","potentialAction":[{"@type":"ReadAction","target":["https:\/\/dinhtienminh.net\/tintuc\/"]}]},{"@type":"ImageObject","inLanguage":"en-US","@id":"https:\/\/dinhtienminh.net\/tintuc\/#primaryimage","url":"https:\/\/dinhtienminh.net\/wp-content\/uploads\/2025\/04\/ueh-tham-du-le-khoi-dong-du-an-access-1.jpg","contentUrl":"https:\/\/dinhtienminh.net\/wp-content\/uploads\/2025\/04\/ueh-tham-du-le-khoi-dong-du-an-access-1.jpg"},{"@type":"BreadcrumbList","@id":"https:\/\/dinhtienminh.net\/tintuc\/#breadcrumb","itemListElement":[{"@type":"ListItem","position":1,"name":"Trang ch\u1ee7","item":"https:\/\/dinhtienminh.net\/"},{"@type":"ListItem","position":2,"name":"Tin t\u1ee9c"}]},{"@type":"WebSite","@id":"https:\/\/dinhtienminh.net\/#website","url":"https:\/\/dinhtienminh.net\/","name":"PHD - \u0110inh TI\u00ean Minh's Website","description":"SIMPLICITY IS THE DIFFERENCE","publisher":{"@id":"https:\/\/dinhtienminh.net\/#organization"},"potentialAction":[{"@type":"SearchAction","target":{"@type":"EntryPoint","urlTemplate":"https:\/\/dinhtienminh.net\/?s={search_term_string}"},"query-input":{"@type":"PropertyValueSpecification","valueRequired":true,"valueName":"search_term_string"}}],"inLanguage":"en-US"},{"@type":"Organization","@id":"https:\/\/dinhtienminh.net\/#organization","name":"PHD - \u0110inh TI\u00ean Minh's Website","url":"https:\/\/dinhtienminh.net\/","logo":{"@type":"ImageObject","inLanguage":"en-US","@id":"https:\/\/dinhtienminh.net\/#\/schema\/logo\/image\/","url":"https:\/\/dinhtienminh.net\/wp-content\/uploads\/2022\/04\/cropped-cropped-cropped-LogoName-e1627360354414-removebg.png","contentUrl":"https:\/\/dinhtienminh.net\/wp-content\/uploads\/2022\/04\/cropped-cropped-cropped-LogoName-e1627360354414-removebg.png","width":512,"height":512,"caption":"PHD - \u0110inh TI\u00ean Minh's Website"},"image":{"@id":"https:\/\/dinhtienminh.net\/#\/schema\/logo\/image\/"}}]}},"_links":{"self":[{"href":"https:\/\/dinhtienminh.net\/en\/wp-json\/wp\/v2\/pages\/17","targetHints":{"allow":["GET"]}}],"collection":[{"href":"https:\/\/dinhtienminh.net\/en\/wp-json\/wp\/v2\/pages"}],"about":[{"href":"https:\/\/dinhtienminh.net\/en\/wp-json\/wp\/v2\/types\/page"}],"author":[{"embeddable":true,"href":"https:\/\/dinhtienminh.net\/en\/wp-json\/wp\/v2\/users\/1"}],"replies":[{"embeddable":true,"href":"https:\/\/dinhtienminh.net\/en\/wp-json\/wp\/v2\/comments?post=17"}],"version-history":[{"count":8,"href":"https:\/\/dinhtienminh.net\/en\/wp-json\/wp\/v2\/pages\/17\/revisions"}],"predecessor-version":[{"id":6103,"href":"https:\/\/dinhtienminh.net\/en\/wp-json\/wp\/v2\/pages\/17\/revisions\/6103"}],"wp:attachment":[{"href":"https:\/\/dinhtienminh.net\/en\/wp-json\/wp\/v2\/media?parent=17"}],"curies":[{"name":"wp","href":"https:\/\/api.w.org\/{rel}","templated":true}]}}