{"id":4,"date":"2018-04-05T09:52:34","date_gmt":"2018-04-05T09:52:34","guid":{"rendered":"http:\/\/dinhtienminh.net\/?page_id=4"},"modified":"2025-05-06T02:54:04","modified_gmt":"2025-05-06T02:54:04","slug":"about-me","status":"publish","type":"page","link":"https:\/\/dinhtienminh.net\/en\/about-me\/","title":{"rendered":"About Me &#8211; W"},"content":{"rendered":"<section class=\"fw-main-row\"  >\n\t<div class=\"fw-container\">\n\t\t<div class=\"row\">\n\t\r\n\r\n<div class=\"col-xs-12 col-sm-12\">\r\n    <div id=\"col_inner_id-69d49ce9bfc1f\" class=\"fw-col-inner\" data-paddings=\"0px 0px 0px 0px\">\r\n\t\t\n<div class=\"block-title\">\n    <h3>What I Do<span><\/span><\/h3>\n<\/div>\n\t<\/div>\r\n<\/div>\r\n<\/div>\n\n<div class=\"row\">\n\t\r\n\r\n<div class=\"col-xs-12 col-sm-6\">\r\n    <div id=\"col_inner_id-69d49ce9bfea8\" class=\"fw-col-inner\" data-paddings=\"0px 0px 0px 0px\">\r\n\t\t\n<div id=\"info-list-69d49ce9c0006\" class=\"info-list-w-icon\">\n\t\n\t\t\t\t\t<div class=\"info-block-w-icon\">\n\t\t\t\t    <div class=\"ci-icon\">\n\t\t        \t\t        \t                        <i class=\"lnr lnr-store\"><\/i>\n\t\t                \t\t    <\/div>\n\t\t    <div class=\"ci-text\">\n\t\t        <h4>Ecommerce<\/h4>\n\t\t        <p>Pellentesque pellentesque, ipsum sit amet auctor accumsan, odio tortor bibendum massa, sit amet ultricies ex lectus scelerisque nibh. Ut non sodales odio.<\/p>\n\t\t    <\/div>\n\t\t<\/div>\n\t\t\t\t\t<div class=\"info-block-w-icon\">\n\t\t\t\t    <div class=\"ci-icon\">\n\t\t        \t\t        \t                        <i class=\"lnr lnr-laptop-phone\"><\/i>\n\t\t                \t\t    <\/div>\n\t\t    <div class=\"ci-text\">\n\t\t        <h4>Web Design<\/h4>\n\t\t        <p>Pellentesque pellentesque, ipsum sit amet auctor accumsan, odio tortor bibendum massa, sit amet ultricies ex lectus scelerisque nibh. Ut non sodales odio.<\/p>\n\t\t    <\/div>\n\t\t<\/div>\n\t<\/div>\n\t<\/div>\r\n<\/div>\r\n\r\n\r\n<div class=\"col-xs-12 col-sm-6\">\r\n    <div id=\"col_inner_id-69d49ce9c00f4\" class=\"fw-col-inner\" data-paddings=\"0px 0px 0px 0px\">\r\n\t\t\n<div id=\"info-list-69d49ce9c01b9\" class=\"info-list-w-icon\">\n\t\n\t\t\t\t\t<div class=\"info-block-w-icon\">\n\t\t\t\t    <div class=\"ci-icon\">\n\t\t        \t\t        \t                        <i class=\"lnr lnr-pencil\"><\/i>\n\t\t                \t\t    <\/div>\n\t\t    <div class=\"ci-text\">\n\t\t        <h4>Copywriter<\/h4>\n\t\t        <p>Pellentesque pellentesque, ipsum sit amet auctor accumsan, odio tortor bibendum massa, sit amet ultricies ex lectus scelerisque nibh. Ut non sodales odio.<\/p>\n\t\t    <\/div>\n\t\t<\/div>\n\t\t\t\t\t<div class=\"info-block-w-icon\">\n\t\t\t\t    <div class=\"ci-icon\">\n\t\t        \t\t        \t                        <i class=\"lnr lnr-flag\"><\/i>\n\t\t                \t\t    <\/div>\n\t\t    <div class=\"ci-text\">\n\t\t        <h4>Management<\/h4>\n\t\t        <p>Pellentesque pellentesque, ipsum sit amet auctor accumsan, odio tortor bibendum massa, sit amet ultricies ex lectus scelerisque nibh. Ut non sodales odio.<\/p>\n\t\t    <\/div>\n\t\t<\/div>\n\t<\/div>\n\t<\/div>\r\n<\/div>\r\n<\/div>\n\n<div class=\"row\">\n\t\r\n\r\n<div class=\"col-xs-12 col-sm-12\">\r\n    <div id=\"col_inner_id-69d49ce9c039e\" class=\"fw-col-inner\" data-paddings=\"20px 0px 40px 0px\">\r\n\t\t\n<div class=\"block-title\">\n    <h3>Testimonials<span><\/span><\/h3>\n<\/div>\n\n\n<div id=\"testimonials_8900c0b0ebb125e163eaec6d28782f5c\" class=\"testimonials owl-carousel \ttestimonials-loop-off \tautoplay-off\" \n\tdata-mobile-items=\"1\" \n\tdata-tablet-items=\"2\" \n\tdata-items=\"2 \"\n\tdata-by-page=\"1\"\n\t>\n\n\t\t\t<!-- Testimonial testimonials-69d49ce9c0560 -->\n\t\t<div class=\"testimonial-item testimonial-testimonials-69d49ce9c0560\">\n\n\t\t\t<!-- Testimonial Content -->\n\t\t\t<div class=\"testimonial-content\">\n\t\t\t\t<div class=\"testimonial-text\">\n                    \t\t\t\t\t   <p>Nam tempor commodo mi id sodales. Aenean sit amet nibh nec sapien consequat porta a sit amet diam.<\/p>\n                    \t\t\t\t<\/div>\n\t\t\t<\/div>            \n\t\t\t<!-- \/Testimonial Content -->\n\n\t\t\t<!-- Testimonial Author -->\n\t\t\t<div class=\"testimonial-credits\">\n\t\t\t\t<!-- Picture -->\n\t\t\t\t<div class=\"testimonial-picture\">\n\t\t\t\t\t\t\t\t\t\t<img decoding=\"async\" src=\"\/\/dinhtienminh.net\/wp-content\/uploads\/2018\/04\/main_photo.jpg\" alt=\"Gary Johnson\"\/>\n\t\t\t\t<\/div>              \n\t\t\t\t<!-- \/Picture -->\n\t\t\t\t<!-- Testimonial author information -->\n\t\t\t\t<div class=\"testimonial-author-info\">\n\t\t\t\t\t<p class=\"testimonial-author\">Gary Johnson<\/p>\n\t\t\t\t\t\t\t\t\t\t\t\t\t\t\t\t\t\t<p class=\"testimonial-firm\">Locost Accessories<\/p>\n\t\t\t\t\t\t\t\t\t\t\t\t\t\t\t<\/div>\n\t\t\t<\/div>\n\t\t\t<!-- \/Testimonial author information -->  \n  \n\t\t<\/div>\n\t\t<!-- End of Testimonial testimonials-69d49ce9c0560 -->\n\t\t\t<!-- Testimonial testimonials-69d49ce9c0560 -->\n\t\t<div class=\"testimonial-item testimonial-testimonials-69d49ce9c0560\">\n\n\t\t\t<!-- Testimonial Content -->\n\t\t\t<div class=\"testimonial-content\">\n\t\t\t\t<div class=\"testimonial-text\">\n                    \t\t\t\t\t   <p>Donec eu est vel metus consequat volutpat. Nunc aliquet euismod mauris, a feugiat urna ullamcorper non.<\/p>\n                    \t\t\t\t<\/div>\n\t\t\t<\/div>            \n\t\t\t<!-- \/Testimonial Content -->\n\n\t\t\t<!-- Testimonial Author -->\n\t\t\t<div class=\"testimonial-credits\">\n\t\t\t\t<!-- Picture -->\n\t\t\t\t<div class=\"testimonial-picture\">\n\t\t\t\t\t\t\t\t\t\t<img decoding=\"async\" src=\"\/\/dinhtienminh.net\/wp-content\/uploads\/2018\/04\/main_photo.jpg\" alt=\"Daniel Pringle\"\/>\n\t\t\t\t<\/div>              \n\t\t\t\t<!-- \/Picture -->\n\t\t\t\t<!-- Testimonial author information -->\n\t\t\t\t<div class=\"testimonial-author-info\">\n\t\t\t\t\t<p class=\"testimonial-author\">Daniel Pringle<\/p>\n\t\t\t\t\t\t\t\t\t\t\t\t\t\t\t\t\t\t<p class=\"testimonial-firm\">Rolling Thunder<\/p>\n\t\t\t\t\t\t\t\t\t\t\t\t\t\t\t<\/div>\n\t\t\t<\/div>\n\t\t\t<!-- \/Testimonial author information -->  \n  \n\t\t<\/div>\n\t\t<!-- End of Testimonial testimonials-69d49ce9c0560 -->\n\t\t\t<!-- Testimonial testimonials-69d49ce9c0560 -->\n\t\t<div class=\"testimonial-item testimonial-testimonials-69d49ce9c0560\">\n\n\t\t\t<!-- Testimonial Content -->\n\t\t\t<div class=\"testimonial-content\">\n\t\t\t\t<div class=\"testimonial-text\">\n                    \t\t\t\t\t   <p>Etiam pretium ipsum quis justo dictum accumsan. Phasellus egestas odio a velit scelerisque, imperdiet elementum lorem aliquet.<\/p>\n                    \t\t\t\t<\/div>\n\t\t\t<\/div>            \n\t\t\t<!-- \/Testimonial Content -->\n\n\t\t\t<!-- Testimonial Author -->\n\t\t\t<div class=\"testimonial-credits\">\n\t\t\t\t<!-- Picture -->\n\t\t\t\t<div class=\"testimonial-picture\">\n\t\t\t\t\t\t\t\t\t\t<img decoding=\"async\" src=\"\/\/dinhtienminh.net\/wp-content\/uploads\/2018\/04\/main_photo.jpg\" alt=\"Billy Adams\"\/>\n\t\t\t\t<\/div>              \n\t\t\t\t<!-- \/Picture -->\n\t\t\t\t<!-- Testimonial author information -->\n\t\t\t\t<div class=\"testimonial-author-info\">\n\t\t\t\t\t<p class=\"testimonial-author\">Billy Adams<\/p>\n\t\t\t\t\t\t\t\t\t\t\t\t\t\t\t\t\t\t<p class=\"testimonial-firm\">Sagebrush<\/p>\n\t\t\t\t\t\t\t\t\t\t\t\t\t\t\t<\/div>\n\t\t\t<\/div>\n\t\t\t<!-- \/Testimonial author information -->  \n  \n\t\t<\/div>\n\t\t<!-- End of Testimonial testimonials-69d49ce9c0560 -->\n\t<\/div>\n\t<\/div>\r\n<\/div>\r\n<\/div>\n\n<div class=\"row\">\n\t\r\n\r\n<div class=\"col-xs-12 col-sm-12\">\r\n    <div id=\"col_inner_id-69d49ce9c071d\" class=\"fw-col-inner\" data-paddings=\"0px 0px 0px 0px\">\r\n\t\t\n<div class=\"block-title\">\n    <h3>Clients<span><\/span><\/h3>\n<\/div>\n\n<div id=\"clients_dcd53f9f2990f9e20071221b9546235b\" class=\"clients owl-carousel \tclients-loop-off \tautoplay-off\" \n\tdata-mobile-items=\"2\" data-tablet-items=\"6\" data-items=\"6\"\n\tdata-by-page=\"1\"\n\t>\n\n\t\t\t<div class=\"client-block\">\n\t\t\t\t\t\t\t\t\t\t<a href=\"#\" target=\"_blank\" title=\"Logo\">\n\t\t\t\n\t\t\t\t\t\t\t\t<img decoding=\"async\" src=\"\/\/dinhtienminh.net\/wp-content\/uploads\/2018\/04\/client.png\" alt=\"Logo\">\n\n\t\t\t\t\t\t<\/a>\n\t\t\t\t\t<\/div>\n\t\t\t<div class=\"client-block\">\n\t\t\t\t\t\t\t\t\t\t<a href=\"#\" target=\"_blank\" title=\"Logo\">\n\t\t\t\n\t\t\t\t\t\t\t\t<img decoding=\"async\" src=\"\/\/dinhtienminh.net\/wp-content\/uploads\/2018\/04\/client.png\" alt=\"Logo\">\n\n\t\t\t\t\t\t<\/a>\n\t\t\t\t\t<\/div>\n\t\t\t<div class=\"client-block\">\n\t\t\t\t\t\t\t\t\t\t<a href=\"#\" target=\"_blank\" title=\"Logo\">\n\t\t\t\n\t\t\t\t\t\t\t\t<img decoding=\"async\" src=\"\/\/dinhtienminh.net\/wp-content\/uploads\/2018\/04\/client.png\" alt=\"Logo\">\n\n\t\t\t\t\t\t<\/a>\n\t\t\t\t\t<\/div>\n\t\t\t<div class=\"client-block\">\n\t\t\t\t\t\t\t\t\t\t<a href=\"#\" target=\"_blank\" title=\"Logo\">\n\t\t\t\n\t\t\t\t\t\t\t\t<img decoding=\"async\" src=\"\/\/dinhtienminh.net\/wp-content\/uploads\/2018\/04\/client.png\" alt=\"Logo\">\n\n\t\t\t\t\t\t<\/a>\n\t\t\t\t\t<\/div>\n\t\t\t<div class=\"client-block\">\n\t\t\t\t\t\t\t\t\t\t<a href=\"#\" target=\"_blank\" title=\"Logo\">\n\t\t\t\n\t\t\t\t\t\t\t\t<img decoding=\"async\" src=\"\/\/dinhtienminh.net\/wp-content\/uploads\/2018\/04\/client.png\" alt=\"Logo\">\n\n\t\t\t\t\t\t<\/a>\n\t\t\t\t\t<\/div>\n\t\t\t<div class=\"client-block\">\n\t\t\t\t\t\t\t\t\t\t<a href=\"#\" target=\"_blank\" title=\"Logo\">\n\t\t\t\n\t\t\t\t\t\t\t\t<img decoding=\"async\" src=\"\/\/dinhtienminh.net\/wp-content\/uploads\/2018\/04\/client.png\" alt=\"Logo\">\n\n\t\t\t\t\t\t<\/a>\n\t\t\t\t\t<\/div>\n\t\t\t<div class=\"client-block\">\n\t\t\t\t\t\t\t\t\t\t<a href=\"#\" target=\"_blank\" title=\"Logo\">\n\t\t\t\n\t\t\t\t\t\t\t\t<img decoding=\"async\" src=\"\/\/dinhtienminh.net\/wp-content\/uploads\/2018\/04\/client.png\" alt=\"Logo\">\n\n\t\t\t\t\t\t<\/a>\n\t\t\t\t\t<\/div>\n\t\n<\/div>\n\t<\/div>\r\n<\/div>\r\n<\/div>\n\n\t<\/div>\n<\/section>","protected":false},"excerpt":{"rendered":"<p>What I Do Ecommerce Pellentesque pellentesque, ipsum sit amet auctor accumsan, odio tortor bibendum massa, sit amet ultricies ex lectus scelerisque nibh. Ut non sodales odio. Web Design Pellentesque pellentesque, ipsum sit amet auctor accumsan, odio tortor bibendum massa, sit amet ultricies ex lectus scelerisque nibh. Ut non sodales odio. Copywriter Pellentesque pellentesque, ipsum sit&#8230;<\/p>\n<p><a class=\"read-more\" href=\"https:\/\/dinhtienminh.net\/en\/about-me\/\">Read More<\/a><\/p>","protected":false},"author":1,"featured_media":0,"parent":0,"menu_order":0,"comment_status":"closed","ping_status":"closed","template":"page-templates\/template-kerge-start-page.php","meta":{"_editorskit_title_hidden":false,"_editorskit_reading_time":0,"_editorskit_is_block_options_detached":false,"_editorskit_block_options_position":"{}","footnotes":""},"class_list":["post-4","page","type-page","status-publish","hentry"],"yoast_head":"<!-- This site is optimized with the Yoast SEO plugin v22.8 - https:\/\/yoast.com\/wordpress\/plugins\/seo\/ -->\n<title>About Me - W - Assoc. Prof - \u0110inh Ti\u00ean Minh&#039;s Website<\/title>\n<meta name=\"description\" content=\"Trang gi\u1edbi thi\u1ec7u c\u00e1 nh\u00e2n \u2013 n\u01a1i t\u00f4i chia s\u1ebb h\u00e0nh tr\u00ecnh ngh\u1ec1 nghi\u1ec7p, d\u1ef1 \u00e1n \u0111\u00e3 th\u1ef1c hi\u1ec7n v\u00e0 nh\u1eefng d\u1ea5u \u1ea5n chuy\u00ean m\u00f4n trong l\u0129nh v\u1ef1c c\u1ee7a m\u00ecnh.\" \/>\n<meta name=\"robots\" content=\"index, follow, max-snippet:-1, max-image-preview:large, max-video-preview:-1\" \/>\n<link rel=\"canonical\" href=\"https:\/\/dinhtienminh.net\/en\/about-me\/\" \/>\n<meta property=\"og:locale\" content=\"en_US\" \/>\n<meta property=\"og:type\" content=\"article\" \/>\n<meta property=\"og:title\" content=\"About Me - W - Assoc. Prof - \u0110inh Ti\u00ean Minh&#039;s Website\" \/>\n<meta property=\"og:description\" content=\"Trang gi\u1edbi thi\u1ec7u c\u00e1 nh\u00e2n \u2013 n\u01a1i t\u00f4i chia s\u1ebb h\u00e0nh tr\u00ecnh ngh\u1ec1 nghi\u1ec7p, d\u1ef1 \u00e1n \u0111\u00e3 th\u1ef1c hi\u1ec7n v\u00e0 nh\u1eefng d\u1ea5u \u1ea5n chuy\u00ean m\u00f4n trong l\u0129nh v\u1ef1c c\u1ee7a m\u00ecnh.\" \/>\n<meta property=\"og:url\" content=\"https:\/\/dinhtienminh.net\/en\/about-me\/\" \/>\n<meta property=\"og:site_name\" content=\"Assoc. Prof - \u0110inh Ti\u00ean Minh&#039;s Website\" \/>\n<meta property=\"article:modified_time\" content=\"2025-05-06T02:54:04+00:00\" \/>\n<meta name=\"twitter:card\" content=\"summary_large_image\" \/>\n<meta name=\"twitter:label1\" content=\"Est. reading time\" \/>\n\t<meta name=\"twitter:data1\" content=\"3 minutes\" \/>\n<script type=\"application\/ld+json\" class=\"yoast-schema-graph\">{\"@context\":\"https:\/\/schema.org\",\"@graph\":[{\"@type\":\"WebPage\",\"@id\":\"https:\/\/dinhtienminh.net\/about-me\/\",\"url\":\"https:\/\/dinhtienminh.net\/about-me\/\",\"name\":\"About Me - W - Assoc. Prof - \u0110inh Ti\u00ean Minh&#039;s Website\",\"isPartOf\":{\"@id\":\"https:\/\/dinhtienminh.net\/#website\"},\"datePublished\":\"2018-04-05T09:52:34+00:00\",\"dateModified\":\"2025-05-06T02:54:04+00:00\",\"description\":\"Trang gi\u1edbi thi\u1ec7u c\u00e1 nh\u00e2n \u2013 n\u01a1i t\u00f4i chia s\u1ebb h\u00e0nh tr\u00ecnh ngh\u1ec1 nghi\u1ec7p, d\u1ef1 \u00e1n \u0111\u00e3 th\u1ef1c hi\u1ec7n v\u00e0 nh\u1eefng d\u1ea5u \u1ea5n chuy\u00ean m\u00f4n trong l\u0129nh v\u1ef1c c\u1ee7a m\u00ecnh.\",\"breadcrumb\":{\"@id\":\"https:\/\/dinhtienminh.net\/about-me\/#breadcrumb\"},\"inLanguage\":\"en-US\",\"potentialAction\":[{\"@type\":\"ReadAction\",\"target\":[\"https:\/\/dinhtienminh.net\/about-me\/\"]}]},{\"@type\":\"BreadcrumbList\",\"@id\":\"https:\/\/dinhtienminh.net\/about-me\/#breadcrumb\",\"itemListElement\":[{\"@type\":\"ListItem\",\"position\":1,\"name\":\"Trang ch\u1ee7\",\"item\":\"https:\/\/dinhtienminh.net\/\"},{\"@type\":\"ListItem\",\"position\":2,\"name\":\"About Me &#8211; W\"}]},{\"@type\":\"WebSite\",\"@id\":\"https:\/\/dinhtienminh.net\/#website\",\"url\":\"https:\/\/dinhtienminh.net\/\",\"name\":\"PHD - \u0110inh TI\u00ean Minh's Website\",\"description\":\"\u0110\u01a0N GI\u1ea2N L\u00c0 KH\u00c1C BI\u1ec6T\",\"publisher\":{\"@id\":\"https:\/\/dinhtienminh.net\/#organization\"},\"potentialAction\":[{\"@type\":\"SearchAction\",\"target\":{\"@type\":\"EntryPoint\",\"urlTemplate\":\"https:\/\/dinhtienminh.net\/?s={search_term_string}\"},\"query-input\":\"required name=search_term_string\"}],\"inLanguage\":\"en-US\"},{\"@type\":\"Organization\",\"@id\":\"https:\/\/dinhtienminh.net\/#organization\",\"name\":\"PHD - \u0110inh TI\u00ean Minh's Website\",\"url\":\"https:\/\/dinhtienminh.net\/\",\"logo\":{\"@type\":\"ImageObject\",\"inLanguage\":\"en-US\",\"@id\":\"https:\/\/dinhtienminh.net\/#\/schema\/logo\/image\/\",\"url\":\"https:\/\/dinhtienminh.net\/wp-content\/uploads\/2022\/04\/cropped-cropped-cropped-LogoName-e1627360354414-removebg.png\",\"contentUrl\":\"https:\/\/dinhtienminh.net\/wp-content\/uploads\/2022\/04\/cropped-cropped-cropped-LogoName-e1627360354414-removebg.png\",\"width\":512,\"height\":512,\"caption\":\"PHD - \u0110inh TI\u00ean Minh's Website\"},\"image\":{\"@id\":\"https:\/\/dinhtienminh.net\/#\/schema\/logo\/image\/\"}}]}<\/script>\n<!-- \/ Yoast SEO plugin. -->","yoast_head_json":{"title":"About Me - W - Assoc. Prof - \u0110inh Ti\u00ean Minh&#039;s Website","description":"Trang gi\u1edbi thi\u1ec7u c\u00e1 nh\u00e2n \u2013 n\u01a1i t\u00f4i chia s\u1ebb h\u00e0nh tr\u00ecnh ngh\u1ec1 nghi\u1ec7p, d\u1ef1 \u00e1n \u0111\u00e3 th\u1ef1c hi\u1ec7n v\u00e0 nh\u1eefng d\u1ea5u \u1ea5n chuy\u00ean m\u00f4n trong l\u0129nh v\u1ef1c c\u1ee7a m\u00ecnh.","robots":{"index":"index","follow":"follow","max-snippet":"max-snippet:-1","max-image-preview":"max-image-preview:large","max-video-preview":"max-video-preview:-1"},"canonical":"https:\/\/dinhtienminh.net\/en\/about-me\/","og_locale":"en_US","og_type":"article","og_title":"About Me - W - Assoc. Prof - \u0110inh Ti\u00ean Minh&#039;s Website","og_description":"Trang gi\u1edbi thi\u1ec7u c\u00e1 nh\u00e2n \u2013 n\u01a1i t\u00f4i chia s\u1ebb h\u00e0nh tr\u00ecnh ngh\u1ec1 nghi\u1ec7p, d\u1ef1 \u00e1n \u0111\u00e3 th\u1ef1c hi\u1ec7n v\u00e0 nh\u1eefng d\u1ea5u \u1ea5n chuy\u00ean m\u00f4n trong l\u0129nh v\u1ef1c c\u1ee7a m\u00ecnh.","og_url":"https:\/\/dinhtienminh.net\/en\/about-me\/","og_site_name":"Assoc. Prof - \u0110inh Ti\u00ean Minh&#039;s Website","article_modified_time":"2025-05-06T02:54:04+00:00","twitter_card":"summary_large_image","twitter_misc":{"Est. reading time":"3 minutes"},"schema":{"@context":"https:\/\/schema.org","@graph":[{"@type":"WebPage","@id":"https:\/\/dinhtienminh.net\/about-me\/","url":"https:\/\/dinhtienminh.net\/about-me\/","name":"About Me - W - Assoc. Prof - \u0110inh Ti\u00ean Minh&#039;s Website","isPartOf":{"@id":"https:\/\/dinhtienminh.net\/#website"},"datePublished":"2018-04-05T09:52:34+00:00","dateModified":"2025-05-06T02:54:04+00:00","description":"Trang gi\u1edbi thi\u1ec7u c\u00e1 nh\u00e2n \u2013 n\u01a1i t\u00f4i chia s\u1ebb h\u00e0nh tr\u00ecnh ngh\u1ec1 nghi\u1ec7p, d\u1ef1 \u00e1n \u0111\u00e3 th\u1ef1c hi\u1ec7n v\u00e0 nh\u1eefng d\u1ea5u \u1ea5n chuy\u00ean m\u00f4n trong l\u0129nh v\u1ef1c c\u1ee7a m\u00ecnh.","breadcrumb":{"@id":"https:\/\/dinhtienminh.net\/about-me\/#breadcrumb"},"inLanguage":"en-US","potentialAction":[{"@type":"ReadAction","target":["https:\/\/dinhtienminh.net\/about-me\/"]}]},{"@type":"BreadcrumbList","@id":"https:\/\/dinhtienminh.net\/about-me\/#breadcrumb","itemListElement":[{"@type":"ListItem","position":1,"name":"Trang ch\u1ee7","item":"https:\/\/dinhtienminh.net\/"},{"@type":"ListItem","position":2,"name":"About Me &#8211; W"}]},{"@type":"WebSite","@id":"https:\/\/dinhtienminh.net\/#website","url":"https:\/\/dinhtienminh.net\/","name":"PHD - \u0110inh TI\u00ean Minh's Website","description":"SIMPLICITY IS THE DIFFERENCE","publisher":{"@id":"https:\/\/dinhtienminh.net\/#organization"},"potentialAction":[{"@type":"SearchAction","target":{"@type":"EntryPoint","urlTemplate":"https:\/\/dinhtienminh.net\/?s={search_term_string}"},"query-input":"required name=search_term_string"}],"inLanguage":"en-US"},{"@type":"Organization","@id":"https:\/\/dinhtienminh.net\/#organization","name":"PHD - \u0110inh TI\u00ean Minh's Website","url":"https:\/\/dinhtienminh.net\/","logo":{"@type":"ImageObject","inLanguage":"en-US","@id":"https:\/\/dinhtienminh.net\/#\/schema\/logo\/image\/","url":"https:\/\/dinhtienminh.net\/wp-content\/uploads\/2022\/04\/cropped-cropped-cropped-LogoName-e1627360354414-removebg.png","contentUrl":"https:\/\/dinhtienminh.net\/wp-content\/uploads\/2022\/04\/cropped-cropped-cropped-LogoName-e1627360354414-removebg.png","width":512,"height":512,"caption":"PHD - \u0110inh TI\u00ean Minh's Website"},"image":{"@id":"https:\/\/dinhtienminh.net\/#\/schema\/logo\/image\/"}}]}},"_links":{"self":[{"href":"https:\/\/dinhtienminh.net\/en\/wp-json\/wp\/v2\/pages\/4","targetHints":{"allow":["GET"]}}],"collection":[{"href":"https:\/\/dinhtienminh.net\/en\/wp-json\/wp\/v2\/pages"}],"about":[{"href":"https:\/\/dinhtienminh.net\/en\/wp-json\/wp\/v2\/types\/page"}],"author":[{"embeddable":true,"href":"https:\/\/dinhtienminh.net\/en\/wp-json\/wp\/v2\/users\/1"}],"replies":[{"embeddable":true,"href":"https:\/\/dinhtienminh.net\/en\/wp-json\/wp\/v2\/comments?post=4"}],"version-history":[{"count":0,"href":"https:\/\/dinhtienminh.net\/en\/wp-json\/wp\/v2\/pages\/4\/revisions"}],"wp:attachment":[{"href":"https:\/\/dinhtienminh.net\/en\/wp-json\/wp\/v2\/media?parent=4"}],"curies":[{"name":"wp","href":"https:\/\/api.w.org\/{rel}","templated":true}]}}