{"id":5069,"date":"2022-04-10T17:44:04","date_gmt":"2022-04-10T17:44:04","guid":{"rendered":"http:\/\/dinhtienminh.net\/?page_id=5069"},"modified":"2022-04-23T11:57:20","modified_gmt":"2022-04-23T11:57:20","slug":"brand","status":"publish","type":"page","link":"https:\/\/dinhtienminh.net\/en\/brand\/","title":{"rendered":"Brand Identity"},"content":{"rendered":"<section class=\"fw-main-row\"  >\n\t<div class=\"fw-container\">\n\t\t<div class=\"row\">\n\t\r\n\r\n<div class=\"col-xs-12 col-sm-12\">\r\n    <div id=\"col_inner_id-69dd434188a8a\" class=\"fw-col-inner\" data-paddings=\"0px 0px 0px 0px\">\r\n\t\t\n<div class=\"block-title\">\n    <h3>Logo<span><\/span><\/h3>\n<\/div>\n\t<\/div>\r\n<\/div>\r\n<\/div>\n\n<div class=\"row\">\n\t\r\n\r\n<div class=\"col-xs-12 col-sm-12\">\r\n    <div id=\"col_inner_id-69dd434188c6a\" class=\"fw-col-inner\" data-paddings=\"0px 0px 0px 0px\">\r\n\t\t\n<div id=\"info-list-69dd4341891bf\" class=\"info-list-w-icon\">\n\t\n\t\t\t\t\t<div id=\"info_block_with_icon_c0ad1681ac664310f4d9e89b7882fc08\" class=\"info-block-w-icon\" data-color=\"#888\">\n\t\t\t\t    <div class=\"ci-icon\">\n\t\t        \t\t        \t\t    <\/div>\n\t\t    <div class=\"ci-text\">\n\t\t        <h4>The meaning<\/h4>\n\t\t        <p>The idea behind this LOGO sketch is based on the concept of \"being different\". \"Be different\" can also be understood as \"Be yourself\", emphasizing self-respect, encouraging everyone to find their own unique qualities. The four graphic branches all point in the same direction, symbolizing the constraints or instructions to follow the same path. Meanwhile, the remaining graphic branch intersects, heading in the opposite direction, creating a contrast, breaking the inherent order to imply that it is time to create a difference, a breakthrough. Why are there 5 graphic branches? These are the 5 main branches in the art of Feng Shui: Metal - Wood - Water - Fire - Earth. A fresh green Wood branch adds more vitality to the entire LOGO.<\/p>\n\t\t    <\/div>\n\t\t<\/div>\n\t<\/div>\n\t<\/div>\r\n<\/div>\r\n<\/div>\n\n<div class=\"row\">\n\t\r\n\r\n<div class=\"col-xs-12 col-sm-12\">\r\n    <div id=\"col_inner_id-69dd434189336\" class=\"fw-col-inner\" data-paddings=\"0px 0px 0px 0px\">\r\n\t\t\n\t<div class=\"fw-divider-space\" style=\"padding-top: 50px;\"><\/div>\n\t<\/div>\r\n<\/div>\r\n<\/div>\n\n<div class=\"row\">\n\t\r\n\r\n<div class=\"col-xs-12 col-sm-6\">\r\n    <div id=\"col_inner_id-69dd4341894d8\" class=\"fw-col-inner\" data-paddings=\"0px 0px 0px 0px\">\r\n\t\t\n<div id=\"info-list-69dd434189561\" class=\"info-list-w-icon\">\n\t\n\t\t\t\t\t<div id=\"info_block_with_icon_8ed110e1a4cb29d9014f0500fc31e04a\" class=\"info-block-w-icon\" data-color=\"#888\">\n\t\t\t\t    <div class=\"ci-icon\">\n\t\t        \t\t        \t\t    <\/div>\n\t\t    <div class=\"ci-text\">\n\t\t        <h4>Please BE AWARE\u2026<\/h4>\n\t\t        <p>Maintain the proper spacing around \u0110inh Ti\u00ean Minh's brand assets to ensure they appear clean and organized.\n\nUse the \u0110inh Ti\u00ean Minh logo with a clear call to action to indicate that your product is compatible with \u0110inh Ti\u00ean Minh (e.g., \"Source from \u0110inh Ti\u00ean Minh's website\").\n\nIn cases where color is limited, use a single-color logo in any color.\n\nFollow other terms of \u0110inh Ti\u00ean Minh.<\/p>\n\t\t    <\/div>\n\t\t<\/div>\n\t<\/div>\n\t<\/div>\r\n<\/div>\r\n\r\n\r\n<div class=\"col-xs-12 col-sm-6\">\r\n    <div id=\"col_inner_id-69dd4341895dd\" class=\"fw-col-inner\" data-paddings=\"0px 0px 0px 0px\">\r\n\t\t\n<div id=\"info-list-69dd434189669\" class=\"info-list-w-icon\">\n\t\n\t\t\t\t\t<div id=\"info_block_with_icon_6f2ba53211a2cf401fdf37d967a2fa5f\" class=\"info-block-w-icon\" data-color=\"#888\">\n\t\t\t\t    <div class=\"ci-icon\">\n\t\t        \t\t        \t\t    <\/div>\n\t\t    <div class=\"ci-text\">\n\t\t        <h4>Please don't\u2026<\/h4>\n\t\t        <p>Use Dinh Tien Minh's brand in a manner related to collaboration, sponsorship, or endorsement.\n\nUse trademarks, names, domain names, usernames, logos, or other content that imitates or could be confused with Dinh Tien Minh's website.\n\nCopy \u0110inh Ti\u00ean Minh's design.\n\nClaim rights to Dinh Tien Minh's trademark through trademark registration, domain name registration, username registration, or other methods.\n\nUse Dinh Tien Minh's data or information in materials related to pornographic, illegal activities, or other materials that violate Dinh Tien Minh's Terms.\n\nModify Dinh Tien Minh's brand assets in any way, such as by changing the design or colors of the multi-color logo.<\/p>\n\t\t    <\/div>\n\t\t<\/div>\n\t<\/div>\n\t<\/div>\r\n<\/div>\r\n<\/div>\n\n<div class=\"row\">\n\t\r\n\r\n<div class=\"col-xs-12 col-sm-12\">\r\n    <div id=\"col_inner_id-69dd43418972b\" class=\"fw-col-inner\" data-paddings=\"0px 0px 0px 0px\">\r\n\t\t\n\t<div class=\"fw-divider-space\" style=\"padding-top: 50px;\"><\/div>\n\t<\/div>\r\n<\/div>\r\n<\/div>\n\n<div class=\"row\">\n\t\r\n\r\n<div class=\"col-xs-12 col-sm-12\">\r\n    <div id=\"col_inner_id-69dd434189880\" class=\"fw-col-inner\" data-paddings=\"0px 0px 0px 0px\">\r\n\t\t\r\n            <div id=\"#single_image_72d401cc5c16270b3b41657e31dba61c\"  class=\"single-image\">\r\n                            <a href=\"\/\/dinhtienminh.net\/wp-content\/uploads\/2022\/04\/DINHTIENMINHLOGPACK.jpg\" class=\"lightbox\">\r\n                    <img decoding=\"async\" src=\"\/\/dinhtienminh.net\/wp-content\/uploads\/2022\/04\/DINHTIENMINHLOGPACK.jpg\" alt=\"image\">\r\n                <\/a>\r\n                    <\/div>\r\n\r\n    \r\n\t<\/div>\r\n<\/div>\r\n<\/div>\n\n<div class=\"row\">\n\t\r\n\r\n<div class=\"col-xs-12 col-sm-12\">\r\n    <div id=\"col_inner_id-69dd43418a080\" class=\"fw-col-inner\" data-paddings=\"0px 0px 0px 0px\">\r\n\t\t\n\t<div class=\"fw-divider-space\" style=\"padding-top: 50px;\"><\/div>\n\t<\/div>\r\n<\/div>\r\n<\/div>\n\n<div class=\"row\">\n\t\r\n\r\n<div class=\"col-xs-12 col-sm-4\">\r\n    <div id=\"col_inner_id-69dd43418a1ca\" class=\"fw-col-inner\" data-paddings=\"0px 0px 0px 0px\">\r\n\t\t\t<\/div>\r\n<\/div>\r\n\r\n\r\n<div class=\"col-xs-12 col-sm-4\">\r\n    <div id=\"col_inner_id-69dd43418a207\" class=\"fw-col-inner\" data-paddings=\"0px 0px 0px 0px\">\r\n\t\t<a href=\"https:\/\/drive.google.com\/file\/d\/1J8BjAdMjKi8Ti5hl22G6JVO39SUm_p2v\/view?usp=sharing\" target=\"_blank\" id=\"button_6831cdc2ecbbb2f1c206ee74d4e5083e\" class=\"btn btn-primary\" data-mtop=\"0\" data-mbottom=\"0\">T\u1ea2I XU\u1ed0NG<\/a>\t<\/div>\r\n<\/div>\r\n\r\n\r\n<div class=\"col-xs-12 col-sm-4\">\r\n    <div id=\"col_inner_id-69dd43418a766\" class=\"fw-col-inner\" data-paddings=\"0px 0px 0px 0px\">\r\n\t\t\t<\/div>\r\n<\/div>\r\n<\/div>\n\n\t<\/div>\n<\/section>","protected":false},"excerpt":{"rendered":"<p>Logo \u00dd ngh\u0129a \u00dd t\u01b0\u1edfng \u0111\u1eb1ng sau m\u1eabu ph\u00e1c th\u1ea3o LOGO d\u1ef1a tr\u00ean kh\u00e1i ni\u1ec7m v\u1ec1 \u201cs\u1ef1 kh\u00e1c bi\u1ec7t\u201d. Be different hay c\u00f2n c\u00f3 th\u1ec3 hi\u1ec3u l\u00e0 Be yourself, nh\u1ea5n m\u1ea1nh v\u00e0o s\u1ef1 t\u1ef1 t\u00f4n c\u1ee7a b\u1ea3n th\u00e2n, th\u00fac \u0111\u1ea9y m\u1ecdi ng\u01b0\u1eddi t\u00ecm \u0111\u1ebfn nh\u1eefng g\u00ec \u0111\u1eb7c s\u1eafc nh\u1ea5t c\u1ee7a m\u00ecnh. B\u1ed1n nh\u00e1nh graphic \u0111\u1ec1u&#8230;<\/p>\n<p><a class=\"read-more\" href=\"https:\/\/dinhtienminh.net\/en\/brand\/\">Read More<\/a><\/p>","protected":false},"author":1,"featured_media":0,"parent":0,"menu_order":0,"comment_status":"closed","ping_status":"closed","template":"","meta":{"_editorskit_title_hidden":false,"_editorskit_reading_time":0,"_editorskit_is_block_options_detached":false,"_editorskit_block_options_position":"{}","footnotes":""},"class_list":["post-5069","page","type-page","status-publish","hentry"],"yoast_head":"<!-- This site is optimized with the Yoast SEO plugin v22.8 - https:\/\/yoast.com\/wordpress\/plugins\/seo\/ -->\n<title>Nh\u1eadn di\u1ec7n th\u01b0\u01a1ng hi\u1ec7u - Assoc. Prof - \u0110inh Ti\u00ean Minh&#039;s Website<\/title>\n<meta name=\"robots\" content=\"index, follow, max-snippet:-1, max-image-preview:large, max-video-preview:-1\" \/>\n<link rel=\"canonical\" href=\"https:\/\/dinhtienminh.net\/en\/brand\/\" \/>\n<meta property=\"og:locale\" content=\"en_US\" \/>\n<meta property=\"og:type\" content=\"article\" \/>\n<meta property=\"og:title\" content=\"Nh\u1eadn di\u1ec7n th\u01b0\u01a1ng hi\u1ec7u - Assoc. Prof - \u0110inh Ti\u00ean Minh&#039;s Website\" \/>\n<meta property=\"og:description\" content=\"Logo \u00dd ngh\u0129a \u00dd t\u01b0\u1edfng \u0111\u1eb1ng sau m\u1eabu ph\u00e1c th\u1ea3o LOGO d\u1ef1a tr\u00ean kh\u00e1i ni\u1ec7m v\u1ec1 \u201cs\u1ef1 kh\u00e1c bi\u1ec7t\u201d. Be different hay c\u00f2n c\u00f3 th\u1ec3 hi\u1ec3u l\u00e0 Be yourself, nh\u1ea5n m\u1ea1nh v\u00e0o s\u1ef1 t\u1ef1 t\u00f4n c\u1ee7a b\u1ea3n th\u00e2n, th\u00fac \u0111\u1ea9y m\u1ecdi ng\u01b0\u1eddi t\u00ecm \u0111\u1ebfn nh\u1eefng g\u00ec \u0111\u1eb7c s\u1eafc nh\u1ea5t c\u1ee7a m\u00ecnh. B\u1ed1n nh\u00e1nh graphic \u0111\u1ec1u...Read More\" \/>\n<meta property=\"og:url\" content=\"https:\/\/dinhtienminh.net\/en\/brand\/\" \/>\n<meta property=\"og:site_name\" content=\"Assoc. Prof - \u0110inh Ti\u00ean Minh&#039;s Website\" \/>\n<meta property=\"article:modified_time\" content=\"2022-04-23T11:57:20+00:00\" \/>\n<meta name=\"twitter:card\" content=\"summary_large_image\" \/>\n<meta name=\"twitter:label1\" content=\"Est. reading time\" \/>\n\t<meta name=\"twitter:data1\" content=\"3 minutes\" \/>\n<script type=\"application\/ld+json\" class=\"yoast-schema-graph\">{\"@context\":\"https:\/\/schema.org\",\"@graph\":[{\"@type\":\"WebPage\",\"@id\":\"https:\/\/dinhtienminh.net\/brand\/\",\"url\":\"https:\/\/dinhtienminh.net\/brand\/\",\"name\":\"Nh\u1eadn di\u1ec7n th\u01b0\u01a1ng hi\u1ec7u - Assoc. Prof - \u0110inh Ti\u00ean Minh&#039;s Website\",\"isPartOf\":{\"@id\":\"https:\/\/dinhtienminh.net\/#website\"},\"datePublished\":\"2022-04-10T17:44:04+00:00\",\"dateModified\":\"2022-04-23T11:57:20+00:00\",\"breadcrumb\":{\"@id\":\"https:\/\/dinhtienminh.net\/brand\/#breadcrumb\"},\"inLanguage\":\"en-US\",\"potentialAction\":[{\"@type\":\"ReadAction\",\"target\":[\"https:\/\/dinhtienminh.net\/brand\/\"]}]},{\"@type\":\"BreadcrumbList\",\"@id\":\"https:\/\/dinhtienminh.net\/brand\/#breadcrumb\",\"itemListElement\":[{\"@type\":\"ListItem\",\"position\":1,\"name\":\"Trang ch\u1ee7\",\"item\":\"https:\/\/dinhtienminh.net\/\"},{\"@type\":\"ListItem\",\"position\":2,\"name\":\"Nh\u1eadn di\u1ec7n th\u01b0\u01a1ng hi\u1ec7u\"}]},{\"@type\":\"WebSite\",\"@id\":\"https:\/\/dinhtienminh.net\/#website\",\"url\":\"https:\/\/dinhtienminh.net\/\",\"name\":\"PHD - \u0110inh TI\u00ean Minh's Website\",\"description\":\"\u0110\u01a0N GI\u1ea2N L\u00c0 KH\u00c1C BI\u1ec6T\",\"publisher\":{\"@id\":\"https:\/\/dinhtienminh.net\/#organization\"},\"potentialAction\":[{\"@type\":\"SearchAction\",\"target\":{\"@type\":\"EntryPoint\",\"urlTemplate\":\"https:\/\/dinhtienminh.net\/?s={search_term_string}\"},\"query-input\":\"required name=search_term_string\"}],\"inLanguage\":\"en-US\"},{\"@type\":\"Organization\",\"@id\":\"https:\/\/dinhtienminh.net\/#organization\",\"name\":\"PHD - \u0110inh TI\u00ean Minh's Website\",\"url\":\"https:\/\/dinhtienminh.net\/\",\"logo\":{\"@type\":\"ImageObject\",\"inLanguage\":\"en-US\",\"@id\":\"https:\/\/dinhtienminh.net\/#\/schema\/logo\/image\/\",\"url\":\"https:\/\/dinhtienminh.net\/wp-content\/uploads\/2022\/04\/cropped-cropped-cropped-LogoName-e1627360354414-removebg.png\",\"contentUrl\":\"https:\/\/dinhtienminh.net\/wp-content\/uploads\/2022\/04\/cropped-cropped-cropped-LogoName-e1627360354414-removebg.png\",\"width\":512,\"height\":512,\"caption\":\"PHD - \u0110inh TI\u00ean Minh's Website\"},\"image\":{\"@id\":\"https:\/\/dinhtienminh.net\/#\/schema\/logo\/image\/\"}}]}<\/script>\n<!-- \/ Yoast SEO plugin. -->","yoast_head_json":{"title":"Nh\u1eadn di\u1ec7n th\u01b0\u01a1ng hi\u1ec7u - Assoc. Prof - \u0110inh Ti\u00ean Minh&#039;s Website","robots":{"index":"index","follow":"follow","max-snippet":"max-snippet:-1","max-image-preview":"max-image-preview:large","max-video-preview":"max-video-preview:-1"},"canonical":"https:\/\/dinhtienminh.net\/en\/brand\/","og_locale":"en_US","og_type":"article","og_title":"Nh\u1eadn di\u1ec7n th\u01b0\u01a1ng hi\u1ec7u - Assoc. Prof - \u0110inh Ti\u00ean Minh&#039;s Website","og_description":"Logo \u00dd ngh\u0129a \u00dd t\u01b0\u1edfng \u0111\u1eb1ng sau m\u1eabu ph\u00e1c th\u1ea3o LOGO d\u1ef1a tr\u00ean kh\u00e1i ni\u1ec7m v\u1ec1 \u201cs\u1ef1 kh\u00e1c bi\u1ec7t\u201d. Be different hay c\u00f2n c\u00f3 th\u1ec3 hi\u1ec3u l\u00e0 Be yourself, nh\u1ea5n m\u1ea1nh v\u00e0o s\u1ef1 t\u1ef1 t\u00f4n c\u1ee7a b\u1ea3n th\u00e2n, th\u00fac \u0111\u1ea9y m\u1ecdi ng\u01b0\u1eddi t\u00ecm \u0111\u1ebfn nh\u1eefng g\u00ec \u0111\u1eb7c s\u1eafc nh\u1ea5t c\u1ee7a m\u00ecnh. B\u1ed1n nh\u00e1nh graphic \u0111\u1ec1u...Read More","og_url":"https:\/\/dinhtienminh.net\/en\/brand\/","og_site_name":"Assoc. Prof - \u0110inh Ti\u00ean Minh&#039;s Website","article_modified_time":"2022-04-23T11:57:20+00:00","twitter_card":"summary_large_image","twitter_misc":{"Est. reading time":"3 minutes"},"schema":{"@context":"https:\/\/schema.org","@graph":[{"@type":"WebPage","@id":"https:\/\/dinhtienminh.net\/brand\/","url":"https:\/\/dinhtienminh.net\/brand\/","name":"Nh\u1eadn di\u1ec7n th\u01b0\u01a1ng hi\u1ec7u - Assoc. Prof - \u0110inh Ti\u00ean Minh&#039;s Website","isPartOf":{"@id":"https:\/\/dinhtienminh.net\/#website"},"datePublished":"2022-04-10T17:44:04+00:00","dateModified":"2022-04-23T11:57:20+00:00","breadcrumb":{"@id":"https:\/\/dinhtienminh.net\/brand\/#breadcrumb"},"inLanguage":"en-US","potentialAction":[{"@type":"ReadAction","target":["https:\/\/dinhtienminh.net\/brand\/"]}]},{"@type":"BreadcrumbList","@id":"https:\/\/dinhtienminh.net\/brand\/#breadcrumb","itemListElement":[{"@type":"ListItem","position":1,"name":"Trang ch\u1ee7","item":"https:\/\/dinhtienminh.net\/"},{"@type":"ListItem","position":2,"name":"Nh\u1eadn di\u1ec7n th\u01b0\u01a1ng hi\u1ec7u"}]},{"@type":"WebSite","@id":"https:\/\/dinhtienminh.net\/#website","url":"https:\/\/dinhtienminh.net\/","name":"PHD - \u0110inh TI\u00ean Minh's Website","description":"SIMPLICITY IS THE DIFFERENCE","publisher":{"@id":"https:\/\/dinhtienminh.net\/#organization"},"potentialAction":[{"@type":"SearchAction","target":{"@type":"EntryPoint","urlTemplate":"https:\/\/dinhtienminh.net\/?s={search_term_string}"},"query-input":"required name=search_term_string"}],"inLanguage":"en-US"},{"@type":"Organization","@id":"https:\/\/dinhtienminh.net\/#organization","name":"PHD - \u0110inh TI\u00ean Minh's Website","url":"https:\/\/dinhtienminh.net\/","logo":{"@type":"ImageObject","inLanguage":"en-US","@id":"https:\/\/dinhtienminh.net\/#\/schema\/logo\/image\/","url":"https:\/\/dinhtienminh.net\/wp-content\/uploads\/2022\/04\/cropped-cropped-cropped-LogoName-e1627360354414-removebg.png","contentUrl":"https:\/\/dinhtienminh.net\/wp-content\/uploads\/2022\/04\/cropped-cropped-cropped-LogoName-e1627360354414-removebg.png","width":512,"height":512,"caption":"PHD - \u0110inh TI\u00ean Minh's Website"},"image":{"@id":"https:\/\/dinhtienminh.net\/#\/schema\/logo\/image\/"}}]}},"_links":{"self":[{"href":"https:\/\/dinhtienminh.net\/en\/wp-json\/wp\/v2\/pages\/5069","targetHints":{"allow":["GET"]}}],"collection":[{"href":"https:\/\/dinhtienminh.net\/en\/wp-json\/wp\/v2\/pages"}],"about":[{"href":"https:\/\/dinhtienminh.net\/en\/wp-json\/wp\/v2\/types\/page"}],"author":[{"embeddable":true,"href":"https:\/\/dinhtienminh.net\/en\/wp-json\/wp\/v2\/users\/1"}],"replies":[{"embeddable":true,"href":"https:\/\/dinhtienminh.net\/en\/wp-json\/wp\/v2\/comments?post=5069"}],"version-history":[{"count":0,"href":"https:\/\/dinhtienminh.net\/en\/wp-json\/wp\/v2\/pages\/5069\/revisions"}],"wp:attachment":[{"href":"https:\/\/dinhtienminh.net\/en\/wp-json\/wp\/v2\/media?parent=5069"}],"curies":[{"name":"wp","href":"https:\/\/api.w.org\/{rel}","templated":true}]}}