{"id":5080,"date":"2022-04-10T17:53:32","date_gmt":"2022-04-10T17:53:32","guid":{"rendered":"http:\/\/dinhtienminh.net\/?page_id=5080"},"modified":"2022-09-28T06:57:12","modified_gmt":"2022-09-28T06:57:12","slug":"lien-he-w","status":"publish","type":"page","link":"https:\/\/dinhtienminh.net\/en\/lien-he-w\/","title":{"rendered":"Li\u00ean H\u1ec7 &#8211; W"},"content":{"rendered":"<section class=\"fw-main-row\"  >\n\t<div class=\"fw-container\">\n\t\t<div class=\"row\">\n\t\r\n\r\n<div class=\"col-xs-12 col-sm-12\">\r\n    <div id=\"col_inner_id-69d61326b0fe1\" class=\"fw-col-inner\" data-paddings=\"0px 0px 0px 0px\">\r\n\t\t<p><iframe loading=\"lazy\" id=\"gcalendar_frame\" class=\"gcalendar\" style=\"border: 0;\" src=\"https:\/\/calendar.google.com\/calendar\/embed? showTitle=0&amp;showNav=1&amp;showDate=1&amp;showPrint=1&amp;showTabs=1&amp;showCalendars=0&amp;showTz=0&amp;mode=WEEK&amp;wkst=2&amp;bgcolor=%23FFFFFF&amp;hl=vi-VN&amp;ctz=Asia\/Saigon&amp;height=500&amp;src=dtm150909%40gmail.com&amp;ctz=Asia%2FHo_Chi_Minh\" width=\"100%\" height=\"800\" frameborder=\"0\" scrolling=\"no\"><\/iframe><\/p>\t<\/div>\r\n<\/div>\r\n<\/div>\n\n<div class=\"row\">\n\t\r\n\r\n<div class=\"col-xs-12 col-sm-12\">\r\n    <div id=\"col_inner_id-69d61326b118f\" class=\"fw-col-inner\" data-paddings=\"0px 0px 30px 0px\">\r\n\t\t<div class=\"lmpixels-map\">\n\t\t\t<iframe frameborder=\"0\" scrolling=\"no\" marginheight=\"0\" marginwidth=\"0\" src=\"https:\/\/maps.google.com\/maps?q=59C%20Nguy%E1%BB%85n%20%C4%90%C3%ACnh%20Chi%E1%BB%83u&amp;t=m&amp;z=16&amp;output=embed&amp;iwloc=near\" title=\"59C Nguy\u1ec5n \u0110\u00ecnh Chi\u1ec3u\" aria-label=\"59C Nguy\u1ec5n \u0110\u00ecnh Chi\u1ec3u\" style=\"height: 150px;\"><\/iframe>\n\t<\/div>\t<\/div>\r\n<\/div>\r\n<\/div>\n\n<div class=\"row\">\n\t\r\n\r\n<div class=\"col-xs-12 col-sm-3\">\r\n    <div id=\"col_inner_id-69d61326b1354\" class=\"fw-col-inner\" data-paddings=\"0px 0px 30px 0px\">\r\n\t\t\n<div id=\"info_block_a3e0d7c2ecaf3b5908833152ba742efe\" class=\"lm-info-block gray-default\" data-color=\"#b5b5b5\">\n                        <i class=\"lnr lnr-phone-handset\"><\/i>\n                <h4>415-832-2000<\/h4>\n    <span class=\"lm-info-block-value\"><\/span>\n    <span class=\"lm-info-block-text\"><\/span>\n<\/div>\n\t<\/div>\r\n<\/div>\r\n\r\n\r\n<div class=\"col-xs-12 col-sm-3\">\r\n    <div id=\"col_inner_id-69d61326b150b\" class=\"fw-col-inner\" data-paddings=\"0px 0px 30px 0px\">\r\n\t\t\n<div id=\"info_block_972fe2f61114e825e8dad708d2a7cd6e\" class=\"lm-info-block gray-default\" data-color=\"#b5b5b5\">\n                        <i class=\"lnr lnr-map-marker\"><\/i>\n                <h4>San Francisco<\/h4>\n    <span class=\"lm-info-block-value\"><\/span>\n    <span class=\"lm-info-block-text\"><\/span>\n<\/div>\n\t<\/div>\r\n<\/div>\r\n\r\n\r\n<div class=\"col-xs-12 col-sm-3\">\r\n    <div id=\"col_inner_id-69d61326b1603\" class=\"fw-col-inner\" data-paddings=\"0px 0px 30px 0px\">\r\n\t\t\n<div id=\"info_block_43bda8647574b191461ee53b2f7dd40a\" class=\"lm-info-block gray-default\" data-color=\"#b5b5b5\">\n                        <i class=\"lnr lnr-envelope\"><\/i>\n                <h4>hello@example.com<\/h4>\n    <span class=\"lm-info-block-value\"><\/span>\n    <span class=\"lm-info-block-text\"><\/span>\n<\/div>\n\t<\/div>\r\n<\/div>\r\n\r\n\r\n<div class=\"col-xs-12 col-sm-3\">\r\n    <div id=\"col_inner_id-69d61326b16dc\" class=\"fw-col-inner\" data-paddings=\"0px 0px 30px 0px\">\r\n\t\t\n<div id=\"info_block_af0512473d1df645210963531e34632b\" class=\"lm-info-block gray-default\" data-color=\"#b5b5b5\">\n                        <i class=\"lnr lnr-checkmark-circle\"><\/i>\n                <h4>Freelance Available<\/h4>\n    <span class=\"lm-info-block-value\"><\/span>\n    <span class=\"lm-info-block-text\"><\/span>\n<\/div>\n\t<\/div>\r\n<\/div>\r\n<\/div>\n\n<div class=\"row\">\n\t\r\n\r\n<div class=\"col-xs-12 col-sm-2\">\r\n    <div id=\"col_inner_id-69d61326b1876\" class=\"fw-col-inner\" data-paddings=\"0px 0px 0px 0px\">\r\n\t\t\t<\/div>\r\n<\/div>\r\n\r\n\r\n<div class=\"col-xs-12 col-sm-8\">\r\n    <div id=\"col_inner_id-69d61326b18b2\" class=\"fw-col-inner\" data-paddings=\"0px 0px 0px 0px\">\r\n\t\t\n<div class=\"block-title\">\n    <h3>T\u00f4i c\u00f3 th\u1ec3 gi\u00fap g\u00ec cho b\u1ea1n ? <span><\/span><\/h3>\n<\/div>\n\r\n\r\n<form id=\"contact_form_69d61326b1a3d\" class=\"contact-form\" action=\"#\" method=\"post\" data-trp-original-action=\"#\">\r\n\r\n\t<div class=\"messages\"><\/div>\r\n\r\n\t<div class=\"controls\">\r\n\r\n\t\t\r\n\t\t\t\r\n\t\t\t<div class=\"form-group\">\r\n\t\t\t\t\t\t\t<input type=\"text\" name=\"cf_field[]\" class=\"form-control\" placeholder=\"Full Name\" required=\"required\" data-error=\"\">\r\n\t\t\t\t\t\t\t<div class=\"form-control-border\"><\/div>\r\n\t\t\t\t\t\t\t<div class=\"help-block with-errors\"><\/div>\r\n\t\t\t<\/div>\r\n\r\n\r\n\t\t\r\n\t\t\t\r\n\t\t\t<div class=\"form-group\">\r\n\t\t\t\t\t\t\t<input type=\"tel\" name=\"cf_field[]\" class=\"form-control\" placeholder=\"Phone Number\" required=\"required\" data-error=\"\">\r\n\t\t\t\t\t\t\t<div class=\"form-control-border\"><\/div>\r\n\t\t\t\t\t\t\t<div class=\"help-block with-errors\"><\/div>\r\n\t\t\t<\/div>\r\n\r\n\r\n\t\t\r\n\t\t\t\r\n\t\t\t<div class=\"form-group\">\r\n\t\t\t\t\t\t\t<input type=\"email\" name=\"cf_field[]\" class=\"form-control\" placeholder=\"Email\" required=\"required\" data-error=\"\">\r\n\t\t\t\t\t\t\t<div class=\"form-control-border\"><\/div>\r\n\t\t\t\t\t\t\t<div class=\"help-block with-errors\"><\/div>\r\n\t\t\t<\/div>\r\n\r\n\r\n\t\t\r\n\t\t\t\r\n\t\t\t<div class=\"form-group\">\r\n\t\t\t\t\t\t\t<textarea name=\"cf_field[]\" class=\"form-control\" placeholder=\"Message\" rows=\"4\" required=\"required\" data-error=\"\"><\/textarea>\r\n\t\t\t\t\t\t\t<div class=\"form-control-border\"><\/div>\r\n\t\t\t\t\t\t\t<div class=\"help-block with-errors\"><\/div>\r\n\t\t\t<\/div>\r\n\r\n\r\n\t\t\r\n\r\n\r\n\t\t\r\n\t\t<input type=\"submit\" class=\"button btn-send\" value=\"Send\">\r\n\t<\/div>\r\n<input type=\"hidden\" name=\"trp-form-language\" value=\"en\"\/><\/form>\r\n\t<\/div>\r\n<\/div>\r\n\r\n\r\n<div class=\"col-xs-12 col-sm-2\">\r\n    <div id=\"col_inner_id-69d61326b1aac\" class=\"fw-col-inner\" data-paddings=\"0px 0px 0px 0px\">\r\n\t\t\t<\/div>\r\n<\/div>\r\n<\/div>\n\n\t<\/div>\n<\/section>","protected":false},"excerpt":{"rendered":"<p>415-832-2000 San Francisco hello@example.com Freelance Available T\u00f4i c\u00f3 th\u1ec3 gi\u00fap g\u00ec cho b\u1ea1n ?<\/p>","protected":false},"author":1,"featured_media":0,"parent":0,"menu_order":0,"comment_status":"closed","ping_status":"closed","template":"","meta":{"_editorskit_title_hidden":false,"_editorskit_reading_time":0,"_editorskit_is_block_options_detached":false,"_editorskit_block_options_position":"{}","footnotes":""},"class_list":["post-5080","page","type-page","status-publish","hentry"],"yoast_head":"<!-- This site is optimized with the Yoast SEO plugin v22.8 - https:\/\/yoast.com\/wordpress\/plugins\/seo\/ -->\n<title>Li\u00ean H\u1ec7 - W - Assoc. Prof - \u0110inh Ti\u00ean Minh&#039;s Website<\/title>\n<meta name=\"robots\" content=\"index, follow, max-snippet:-1, max-image-preview:large, max-video-preview:-1\" \/>\n<link rel=\"canonical\" href=\"https:\/\/dinhtienminh.net\/en\/lien-he-w\/\" \/>\n<meta property=\"og:locale\" content=\"en_US\" \/>\n<meta property=\"og:type\" content=\"article\" \/>\n<meta property=\"og:title\" content=\"Li\u00ean H\u1ec7 - W - Assoc. Prof - \u0110inh Ti\u00ean Minh&#039;s Website\" \/>\n<meta property=\"og:description\" content=\"415-832-2000 San Francisco hello@example.com Freelance Available T\u00f4i c\u00f3 th\u1ec3 gi\u00fap g\u00ec cho b\u1ea1n ?\" \/>\n<meta property=\"og:url\" content=\"https:\/\/dinhtienminh.net\/en\/lien-he-w\/\" \/>\n<meta property=\"og:site_name\" content=\"Assoc. Prof - \u0110inh Ti\u00ean Minh&#039;s Website\" \/>\n<meta property=\"article:modified_time\" content=\"2022-09-28T06:57:12+00:00\" \/>\n<meta name=\"twitter:card\" content=\"summary_large_image\" \/>\n<script type=\"application\/ld+json\" class=\"yoast-schema-graph\">{\"@context\":\"https:\/\/schema.org\",\"@graph\":[{\"@type\":\"WebPage\",\"@id\":\"https:\/\/dinhtienminh.net\/lien-he-w\/\",\"url\":\"https:\/\/dinhtienminh.net\/lien-he-w\/\",\"name\":\"Li\u00ean H\u1ec7 - W - Assoc. Prof - \u0110inh Ti\u00ean Minh&#039;s Website\",\"isPartOf\":{\"@id\":\"https:\/\/dinhtienminh.net\/#website\"},\"datePublished\":\"2022-04-10T17:53:32+00:00\",\"dateModified\":\"2022-09-28T06:57:12+00:00\",\"breadcrumb\":{\"@id\":\"https:\/\/dinhtienminh.net\/lien-he-w\/#breadcrumb\"},\"inLanguage\":\"en-US\",\"potentialAction\":[{\"@type\":\"ReadAction\",\"target\":[\"https:\/\/dinhtienminh.net\/lien-he-w\/\"]}]},{\"@type\":\"BreadcrumbList\",\"@id\":\"https:\/\/dinhtienminh.net\/lien-he-w\/#breadcrumb\",\"itemListElement\":[{\"@type\":\"ListItem\",\"position\":1,\"name\":\"Trang ch\u1ee7\",\"item\":\"https:\/\/dinhtienminh.net\/\"},{\"@type\":\"ListItem\",\"position\":2,\"name\":\"Li\u00ean H\u1ec7 &#8211; W\"}]},{\"@type\":\"WebSite\",\"@id\":\"https:\/\/dinhtienminh.net\/#website\",\"url\":\"https:\/\/dinhtienminh.net\/\",\"name\":\"PHD - \u0110inh TI\u00ean Minh's Website\",\"description\":\"\u0110\u01a0N GI\u1ea2N L\u00c0 KH\u00c1C BI\u1ec6T\",\"publisher\":{\"@id\":\"https:\/\/dinhtienminh.net\/#organization\"},\"potentialAction\":[{\"@type\":\"SearchAction\",\"target\":{\"@type\":\"EntryPoint\",\"urlTemplate\":\"https:\/\/dinhtienminh.net\/?s={search_term_string}\"},\"query-input\":\"required name=search_term_string\"}],\"inLanguage\":\"en-US\"},{\"@type\":\"Organization\",\"@id\":\"https:\/\/dinhtienminh.net\/#organization\",\"name\":\"PHD - \u0110inh TI\u00ean Minh's Website\",\"url\":\"https:\/\/dinhtienminh.net\/\",\"logo\":{\"@type\":\"ImageObject\",\"inLanguage\":\"en-US\",\"@id\":\"https:\/\/dinhtienminh.net\/#\/schema\/logo\/image\/\",\"url\":\"https:\/\/dinhtienminh.net\/wp-content\/uploads\/2022\/04\/cropped-cropped-cropped-LogoName-e1627360354414-removebg.png\",\"contentUrl\":\"https:\/\/dinhtienminh.net\/wp-content\/uploads\/2022\/04\/cropped-cropped-cropped-LogoName-e1627360354414-removebg.png\",\"width\":512,\"height\":512,\"caption\":\"PHD - \u0110inh TI\u00ean Minh's Website\"},\"image\":{\"@id\":\"https:\/\/dinhtienminh.net\/#\/schema\/logo\/image\/\"}}]}<\/script>\n<!-- \/ Yoast SEO plugin. -->","yoast_head_json":{"title":"Li\u00ean H\u1ec7 - W - Assoc. Prof - \u0110inh Ti\u00ean Minh&#039;s Website","robots":{"index":"index","follow":"follow","max-snippet":"max-snippet:-1","max-image-preview":"max-image-preview:large","max-video-preview":"max-video-preview:-1"},"canonical":"https:\/\/dinhtienminh.net\/en\/lien-he-w\/","og_locale":"en_US","og_type":"article","og_title":"Li\u00ean H\u1ec7 - W - Assoc. Prof - \u0110inh Ti\u00ean Minh&#039;s Website","og_description":"415-832-2000 San Francisco hello@example.com Freelance Available T\u00f4i c\u00f3 th\u1ec3 gi\u00fap g\u00ec cho b\u1ea1n ?","og_url":"https:\/\/dinhtienminh.net\/en\/lien-he-w\/","og_site_name":"Assoc. Prof - \u0110inh Ti\u00ean Minh&#039;s Website","article_modified_time":"2022-09-28T06:57:12+00:00","twitter_card":"summary_large_image","schema":{"@context":"https:\/\/schema.org","@graph":[{"@type":"WebPage","@id":"https:\/\/dinhtienminh.net\/lien-he-w\/","url":"https:\/\/dinhtienminh.net\/lien-he-w\/","name":"Li\u00ean H\u1ec7 - W - Assoc. Prof - \u0110inh Ti\u00ean Minh&#039;s Website","isPartOf":{"@id":"https:\/\/dinhtienminh.net\/#website"},"datePublished":"2022-04-10T17:53:32+00:00","dateModified":"2022-09-28T06:57:12+00:00","breadcrumb":{"@id":"https:\/\/dinhtienminh.net\/lien-he-w\/#breadcrumb"},"inLanguage":"en-US","potentialAction":[{"@type":"ReadAction","target":["https:\/\/dinhtienminh.net\/lien-he-w\/"]}]},{"@type":"BreadcrumbList","@id":"https:\/\/dinhtienminh.net\/lien-he-w\/#breadcrumb","itemListElement":[{"@type":"ListItem","position":1,"name":"Trang ch\u1ee7","item":"https:\/\/dinhtienminh.net\/"},{"@type":"ListItem","position":2,"name":"Li\u00ean H\u1ec7 &#8211; W"}]},{"@type":"WebSite","@id":"https:\/\/dinhtienminh.net\/#website","url":"https:\/\/dinhtienminh.net\/","name":"PHD - \u0110inh TI\u00ean Minh's Website","description":"SIMPLICITY IS THE DIFFERENCE","publisher":{"@id":"https:\/\/dinhtienminh.net\/#organization"},"potentialAction":[{"@type":"SearchAction","target":{"@type":"EntryPoint","urlTemplate":"https:\/\/dinhtienminh.net\/?s={search_term_string}"},"query-input":"required name=search_term_string"}],"inLanguage":"en-US"},{"@type":"Organization","@id":"https:\/\/dinhtienminh.net\/#organization","name":"PHD - \u0110inh TI\u00ean Minh's Website","url":"https:\/\/dinhtienminh.net\/","logo":{"@type":"ImageObject","inLanguage":"en-US","@id":"https:\/\/dinhtienminh.net\/#\/schema\/logo\/image\/","url":"https:\/\/dinhtienminh.net\/wp-content\/uploads\/2022\/04\/cropped-cropped-cropped-LogoName-e1627360354414-removebg.png","contentUrl":"https:\/\/dinhtienminh.net\/wp-content\/uploads\/2022\/04\/cropped-cropped-cropped-LogoName-e1627360354414-removebg.png","width":512,"height":512,"caption":"PHD - \u0110inh TI\u00ean Minh's Website"},"image":{"@id":"https:\/\/dinhtienminh.net\/#\/schema\/logo\/image\/"}}]}},"_links":{"self":[{"href":"https:\/\/dinhtienminh.net\/en\/wp-json\/wp\/v2\/pages\/5080","targetHints":{"allow":["GET"]}}],"collection":[{"href":"https:\/\/dinhtienminh.net\/en\/wp-json\/wp\/v2\/pages"}],"about":[{"href":"https:\/\/dinhtienminh.net\/en\/wp-json\/wp\/v2\/types\/page"}],"author":[{"embeddable":true,"href":"https:\/\/dinhtienminh.net\/en\/wp-json\/wp\/v2\/users\/1"}],"replies":[{"embeddable":true,"href":"https:\/\/dinhtienminh.net\/en\/wp-json\/wp\/v2\/comments?post=5080"}],"version-history":[{"count":0,"href":"https:\/\/dinhtienminh.net\/en\/wp-json\/wp\/v2\/pages\/5080\/revisions"}],"wp:attachment":[{"href":"https:\/\/dinhtienminh.net\/en\/wp-json\/wp\/v2\/media?parent=5080"}],"curies":[{"name":"wp","href":"https:\/\/api.w.org\/{rel}","templated":true}]}}