{"id":5126,"date":"2022-04-25T10:27:26","date_gmt":"2022-04-25T10:27:26","guid":{"rendered":"http:\/\/dinhtienminh.net\/?page_id=5126"},"modified":"2025-05-17T07:22:00","modified_gmt":"2025-05-17T07:22:00","slug":"blog-2","status":"publish","type":"page","link":"https:\/\/dinhtienminh.net\/en\/blog-2\/","title":{"rendered":"Blog"},"content":{"rendered":"","protected":false},"excerpt":{"rendered":"","protected":false},"author":1,"featured_media":0,"parent":0,"menu_order":0,"comment_status":"closed","ping_status":"closed","template":"","meta":{"_editorskit_title_hidden":false,"_editorskit_reading_time":0,"_editorskit_is_block_options_detached":false,"_editorskit_block_options_position":"{}","footnotes":""},"class_list":["post-5126","page","type-page","status-publish","hentry"],"yoast_head":"<!-- This site is optimized with the Yoast SEO plugin v27.4 - https:\/\/yoast.com\/product\/yoast-seo-wordpress\/ -->\n<title>Blog - Assoc. Prof - \u0110inh Ti\u00ean Minh&#039;s Website<\/title>\n<meta name=\"description\" content=\"Chia s\u1ebb g\u00f3c nh\u00ecn v\u00e0 nh\u1eefng c\u00e2u chuy\u1ec7n l\u1edbp h\u1ecdc. Blog l\u00e0 n\u01a1i l\u01b0u gi\u1eef c\u00e1c ho\u1ea1t \u0111\u1ed9ng \u0111\u00e0o t\u1ea1o v\u00e0 tr\u1ea3i nghi\u1ec7m th\u1ef1c t\u1ebf c\u1ee7a t\u00f4i.\" \/>\n<meta name=\"robots\" content=\"index, follow, max-snippet:-1, max-image-preview:large, max-video-preview:-1\" \/>\n<link rel=\"canonical\" href=\"https:\/\/dinhtienminh.net\/en\/blog-2\/\" \/>\n<meta property=\"og:locale\" content=\"en_US\" \/>\n<meta property=\"og:type\" content=\"article\" \/>\n<meta property=\"og:title\" content=\"Blog - Assoc. Prof - \u0110inh Ti\u00ean Minh&#039;s Website\" \/>\n<meta property=\"og:description\" content=\"Chia s\u1ebb g\u00f3c nh\u00ecn v\u00e0 nh\u1eefng c\u00e2u chuy\u1ec7n l\u1edbp h\u1ecdc. Blog l\u00e0 n\u01a1i l\u01b0u gi\u1eef c\u00e1c ho\u1ea1t \u0111\u1ed9ng \u0111\u00e0o t\u1ea1o v\u00e0 tr\u1ea3i nghi\u1ec7m th\u1ef1c t\u1ebf c\u1ee7a t\u00f4i.\" \/>\n<meta property=\"og:url\" content=\"https:\/\/dinhtienminh.net\/en\/blog-2\/\" \/>\n<meta property=\"og:site_name\" content=\"Assoc. Prof - \u0110inh Ti\u00ean Minh&#039;s Website\" \/>\n<meta property=\"article:modified_time\" content=\"2025-05-17T07:22:00+00:00\" \/>\n<meta property=\"og:image\" content=\"https:\/\/dinhtienminh.net\/wp-content\/uploads\/2025\/03\/blog.jpg\" \/>\n\t<meta property=\"og:image:width\" content=\"800\" \/>\n\t<meta property=\"og:image:height\" content=\"600\" \/>\n\t<meta property=\"og:image:type\" content=\"image\/jpeg\" \/>\n<meta name=\"twitter:card\" content=\"summary_large_image\" \/>\n<meta name=\"twitter:label1\" content=\"Est. reading time\" \/>\n\t<meta name=\"twitter:data1\" content=\"1 minute\" \/>\n<script type=\"application\/ld+json\" class=\"yoast-schema-graph\">{\"@context\":\"https:\\\/\\\/schema.org\",\"@graph\":[{\"@type\":\"WebPage\",\"@id\":\"https:\\\/\\\/dinhtienminh.net\\\/blog-2\\\/\",\"url\":\"https:\\\/\\\/dinhtienminh.net\\\/blog-2\\\/\",\"name\":\"Blog - Assoc. Prof - \u0110inh Ti\u00ean Minh&#039;s Website\",\"isPartOf\":{\"@id\":\"https:\\\/\\\/dinhtienminh.net\\\/#website\"},\"datePublished\":\"2022-04-25T10:27:26+00:00\",\"dateModified\":\"2025-05-17T07:22:00+00:00\",\"description\":\"Chia s\u1ebb g\u00f3c nh\u00ecn v\u00e0 nh\u1eefng c\u00e2u chuy\u1ec7n l\u1edbp h\u1ecdc. Blog l\u00e0 n\u01a1i l\u01b0u gi\u1eef c\u00e1c ho\u1ea1t \u0111\u1ed9ng \u0111\u00e0o t\u1ea1o v\u00e0 tr\u1ea3i nghi\u1ec7m th\u1ef1c t\u1ebf c\u1ee7a t\u00f4i.\",\"breadcrumb\":{\"@id\":\"https:\\\/\\\/dinhtienminh.net\\\/blog-2\\\/#breadcrumb\"},\"inLanguage\":\"en-US\",\"potentialAction\":[{\"@type\":\"ReadAction\",\"target\":[\"https:\\\/\\\/dinhtienminh.net\\\/blog-2\\\/\"]}]},{\"@type\":\"BreadcrumbList\",\"@id\":\"https:\\\/\\\/dinhtienminh.net\\\/blog-2\\\/#breadcrumb\",\"itemListElement\":[{\"@type\":\"ListItem\",\"position\":1,\"name\":\"Trang ch\u1ee7\",\"item\":\"https:\\\/\\\/dinhtienminh.net\\\/\"},{\"@type\":\"ListItem\",\"position\":2,\"name\":\"Blog\"}]},{\"@type\":\"WebSite\",\"@id\":\"https:\\\/\\\/dinhtienminh.net\\\/#website\",\"url\":\"https:\\\/\\\/dinhtienminh.net\\\/\",\"name\":\"PHD - \u0110inh TI\u00ean Minh's Website\",\"description\":\"\u0110\u01a0N GI\u1ea2N L\u00c0 KH\u00c1C BI\u1ec6T\",\"publisher\":{\"@id\":\"https:\\\/\\\/dinhtienminh.net\\\/#organization\"},\"potentialAction\":[{\"@type\":\"SearchAction\",\"target\":{\"@type\":\"EntryPoint\",\"urlTemplate\":\"https:\\\/\\\/dinhtienminh.net\\\/?s={search_term_string}\"},\"query-input\":{\"@type\":\"PropertyValueSpecification\",\"valueRequired\":true,\"valueName\":\"search_term_string\"}}],\"inLanguage\":\"en-US\"},{\"@type\":\"Organization\",\"@id\":\"https:\\\/\\\/dinhtienminh.net\\\/#organization\",\"name\":\"PHD - \u0110inh TI\u00ean Minh's Website\",\"url\":\"https:\\\/\\\/dinhtienminh.net\\\/\",\"logo\":{\"@type\":\"ImageObject\",\"inLanguage\":\"en-US\",\"@id\":\"https:\\\/\\\/dinhtienminh.net\\\/#\\\/schema\\\/logo\\\/image\\\/\",\"url\":\"https:\\\/\\\/dinhtienminh.net\\\/wp-content\\\/uploads\\\/2022\\\/04\\\/cropped-cropped-cropped-LogoName-e1627360354414-removebg.png\",\"contentUrl\":\"https:\\\/\\\/dinhtienminh.net\\\/wp-content\\\/uploads\\\/2022\\\/04\\\/cropped-cropped-cropped-LogoName-e1627360354414-removebg.png\",\"width\":512,\"height\":512,\"caption\":\"PHD - \u0110inh TI\u00ean Minh's Website\"},\"image\":{\"@id\":\"https:\\\/\\\/dinhtienminh.net\\\/#\\\/schema\\\/logo\\\/image\\\/\"}}]}<\/script>\n<!-- \/ Yoast SEO plugin. -->","yoast_head_json":{"title":"Blog - Assoc. Prof - \u0110inh Ti\u00ean Minh&#039;s Website","description":"Chia s\u1ebb g\u00f3c nh\u00ecn v\u00e0 nh\u1eefng c\u00e2u chuy\u1ec7n l\u1edbp h\u1ecdc. Blog l\u00e0 n\u01a1i l\u01b0u gi\u1eef c\u00e1c ho\u1ea1t \u0111\u1ed9ng \u0111\u00e0o t\u1ea1o v\u00e0 tr\u1ea3i nghi\u1ec7m th\u1ef1c t\u1ebf c\u1ee7a t\u00f4i.","robots":{"index":"index","follow":"follow","max-snippet":"max-snippet:-1","max-image-preview":"max-image-preview:large","max-video-preview":"max-video-preview:-1"},"canonical":"https:\/\/dinhtienminh.net\/en\/blog-2\/","og_locale":"en_US","og_type":"article","og_title":"Blog - Assoc. Prof - \u0110inh Ti\u00ean Minh&#039;s Website","og_description":"Chia s\u1ebb g\u00f3c nh\u00ecn v\u00e0 nh\u1eefng c\u00e2u chuy\u1ec7n l\u1edbp h\u1ecdc. Blog l\u00e0 n\u01a1i l\u01b0u gi\u1eef c\u00e1c ho\u1ea1t \u0111\u1ed9ng \u0111\u00e0o t\u1ea1o v\u00e0 tr\u1ea3i nghi\u1ec7m th\u1ef1c t\u1ebf c\u1ee7a t\u00f4i.","og_url":"https:\/\/dinhtienminh.net\/en\/blog-2\/","og_site_name":"Assoc. Prof - \u0110inh Ti\u00ean Minh&#039;s Website","article_modified_time":"2025-05-17T07:22:00+00:00","og_image":[{"width":800,"height":600,"url":"https:\/\/dinhtienminh.net\/wp-content\/uploads\/2025\/03\/blog.jpg","type":"image\/jpeg"}],"twitter_card":"summary_large_image","twitter_misc":{"Est. reading time":"1 minute"},"schema":{"@context":"https:\/\/schema.org","@graph":[{"@type":"WebPage","@id":"https:\/\/dinhtienminh.net\/blog-2\/","url":"https:\/\/dinhtienminh.net\/blog-2\/","name":"Blog - Assoc. Prof - \u0110inh Ti\u00ean Minh&#039;s Website","isPartOf":{"@id":"https:\/\/dinhtienminh.net\/#website"},"datePublished":"2022-04-25T10:27:26+00:00","dateModified":"2025-05-17T07:22:00+00:00","description":"Chia s\u1ebb g\u00f3c nh\u00ecn v\u00e0 nh\u1eefng c\u00e2u chuy\u1ec7n l\u1edbp h\u1ecdc. Blog l\u00e0 n\u01a1i l\u01b0u gi\u1eef c\u00e1c ho\u1ea1t \u0111\u1ed9ng \u0111\u00e0o t\u1ea1o v\u00e0 tr\u1ea3i nghi\u1ec7m th\u1ef1c t\u1ebf c\u1ee7a t\u00f4i.","breadcrumb":{"@id":"https:\/\/dinhtienminh.net\/blog-2\/#breadcrumb"},"inLanguage":"en-US","potentialAction":[{"@type":"ReadAction","target":["https:\/\/dinhtienminh.net\/blog-2\/"]}]},{"@type":"BreadcrumbList","@id":"https:\/\/dinhtienminh.net\/blog-2\/#breadcrumb","itemListElement":[{"@type":"ListItem","position":1,"name":"Trang ch\u1ee7","item":"https:\/\/dinhtienminh.net\/"},{"@type":"ListItem","position":2,"name":"Blog"}]},{"@type":"WebSite","@id":"https:\/\/dinhtienminh.net\/#website","url":"https:\/\/dinhtienminh.net\/","name":"PHD - \u0110inh TI\u00ean Minh's Website","description":"SIMPLICITY IS THE DIFFERENCE","publisher":{"@id":"https:\/\/dinhtienminh.net\/#organization"},"potentialAction":[{"@type":"SearchAction","target":{"@type":"EntryPoint","urlTemplate":"https:\/\/dinhtienminh.net\/?s={search_term_string}"},"query-input":{"@type":"PropertyValueSpecification","valueRequired":true,"valueName":"search_term_string"}}],"inLanguage":"en-US"},{"@type":"Organization","@id":"https:\/\/dinhtienminh.net\/#organization","name":"PHD - \u0110inh TI\u00ean Minh's Website","url":"https:\/\/dinhtienminh.net\/","logo":{"@type":"ImageObject","inLanguage":"en-US","@id":"https:\/\/dinhtienminh.net\/#\/schema\/logo\/image\/","url":"https:\/\/dinhtienminh.net\/wp-content\/uploads\/2022\/04\/cropped-cropped-cropped-LogoName-e1627360354414-removebg.png","contentUrl":"https:\/\/dinhtienminh.net\/wp-content\/uploads\/2022\/04\/cropped-cropped-cropped-LogoName-e1627360354414-removebg.png","width":512,"height":512,"caption":"PHD - \u0110inh TI\u00ean Minh's Website"},"image":{"@id":"https:\/\/dinhtienminh.net\/#\/schema\/logo\/image\/"}}]}},"_links":{"self":[{"href":"https:\/\/dinhtienminh.net\/en\/wp-json\/wp\/v2\/pages\/5126","targetHints":{"allow":["GET"]}}],"collection":[{"href":"https:\/\/dinhtienminh.net\/en\/wp-json\/wp\/v2\/pages"}],"about":[{"href":"https:\/\/dinhtienminh.net\/en\/wp-json\/wp\/v2\/types\/page"}],"author":[{"embeddable":true,"href":"https:\/\/dinhtienminh.net\/en\/wp-json\/wp\/v2\/users\/1"}],"replies":[{"embeddable":true,"href":"https:\/\/dinhtienminh.net\/en\/wp-json\/wp\/v2\/comments?post=5126"}],"version-history":[{"count":10,"href":"https:\/\/dinhtienminh.net\/en\/wp-json\/wp\/v2\/pages\/5126\/revisions"}],"predecessor-version":[{"id":6212,"href":"https:\/\/dinhtienminh.net\/en\/wp-json\/wp\/v2\/pages\/5126\/revisions\/6212"}],"wp:attachment":[{"href":"https:\/\/dinhtienminh.net\/en\/wp-json\/wp\/v2\/media?parent=5126"}],"curies":[{"name":"wp","href":"https:\/\/api.w.org\/{rel}","templated":true}]}}