{"id":5193,"date":"2022-09-29T04:53:49","date_gmt":"2022-09-29T04:53:49","guid":{"rendered":"http:\/\/dinhtienminh.net\/?page_id=5193"},"modified":"2022-10-03T11:04:59","modified_gmt":"2022-10-03T11:04:59","slug":"lien-he","status":"publish","type":"page","link":"https:\/\/dinhtienminh.net\/en\/lien-he\/","title":{"rendered":"Contact"},"content":{"rendered":"<section class=\"fw-main-row\"  >\n\t<div class=\"fw-container\">\n\t\t<div class=\"row\">\n\t\r\n\r\n<div class=\"col-xs-12 col-sm-12\">\r\n    <div id=\"col_inner_id-69dd433609555\" class=\"fw-col-inner\" data-paddings=\"0px 0px 0px 0px\">\r\n\t\t\n<div class=\"block-title\">\n    <h3>Contact Details<span><\/span><\/h3>\n<\/div>\n\t<\/div>\r\n<\/div>\r\n<\/div>\n\n<div class=\"row\">\n\t\r\n\r\n<div class=\"col-xs-12 col-sm-12\">\r\n    <div id=\"col_inner_id-69dd4336098b5\" class=\"fw-col-inner\" data-paddings=\"0px 0px 0px 0px\">\r\n\t\t\n\t<div class=\"fw-divider-space\" style=\"padding-top: 50px;\"><\/div>\n\t<\/div>\r\n<\/div>\r\n<\/div>\n\n<div class=\"row\">\n\t\r\n\r\n<div class=\"col-xs-12 col-sm-4\">\r\n    <div id=\"col_inner_id-69dd433609c38\" class=\"fw-col-inner\" data-paddings=\"0px 0px 30px 0px\">\r\n\t\t\n<div id=\"info_block_a3e0d7c2ecaf3b5908833152ba742efe\" class=\"lm-info-block gray-default\" data-color=\"#417505\">\n                        <i class=\"lnr lnr-phone-handset\"><\/i>\n                <h4><\/h4>\n    <span class=\"lm-info-block-value\"><\/span>\n    <span class=\"lm-info-block-text\">Contact me at <br>+84 838292170<\/span>\n<\/div>\n\t<\/div>\r\n<\/div>\r\n\r\n\r\n<div class=\"col-xs-12 col-sm-4\">\r\n    <div id=\"col_inner_id-69dd43360a042\" class=\"fw-col-inner\" data-paddings=\"0px 0px 30px 0px\">\r\n\t\t\n<div id=\"info_block_43bda8647574b191461ee53b2f7dd40a\" class=\"lm-info-block gray-default\" data-color=\"#417505\">\n                        <i class=\"lnr lnr-envelope\"><\/i>\n                <h4><\/h4>\n    <span class=\"lm-info-block-value\"><\/span>\n    <span class=\"lm-info-block-text\">info@dinhtienminh.net <br>\ndinhtienminh@ueh.edu.vn<\/span>\n<\/div>\n\t<\/div>\r\n<\/div>\r\n\r\n\r\n<div class=\"col-xs-12 col-sm-4\">\r\n    <div id=\"col_inner_id-69dd43360a1ae\" class=\"fw-col-inner\" data-paddings=\"0px 0px 30px 0px\">\r\n\t\t\n<div id=\"info_block_972fe2f61114e825e8dad708d2a7cd6e\" class=\"lm-info-block gray-default\" data-color=\"#417505\">\n                        <i class=\"lnr lnr-map-marker\"><\/i>\n                <h4><\/h4>\n    <span class=\"lm-info-block-value\"><\/span>\n    <span class=\"lm-info-block-text\">Office 1206, Building B1<br>279 Nguyen Tri Phuong Street, Ward 5, District 10, Ho Chi Minh City<\/span>\n<\/div>\n\t<\/div>\r\n<\/div>\r\n<\/div>\n\n<div class=\"row\">\n\t\r\n\r\n<div class=\"col-xs-12 col-sm-12\">\r\n    <div id=\"col_inner_id-69dd43360a374\" class=\"fw-col-inner\" data-paddings=\"0px 0px 0px 0px\">\r\n\t\t\n\t<div class=\"fw-divider-space\" style=\"padding-top: 50px;\"><\/div>\n\t<\/div>\r\n<\/div>\r\n<\/div>\n\n<div class=\"row\">\n\t\r\n\r\n<div class=\"col-xs-12 col-sm-6\">\r\n    <div id=\"col_inner_id-69dd43360a543\" class=\"fw-col-inner\" data-paddings=\"0px 0px 30px 0px\">\r\n\t\t\n<div class=\"block-title\">\n    <h3>Schedule<span><\/span><\/h3>\n<\/div>\n<p><iframe loading=\"lazy\" style=\"border: solid 1px #777;\" src=\"https:\/\/calendar.google.com\/calendar\/embed?height=600&amp;wkst=2&amp;bgcolor=%23ffffff&amp;ctz=Asia%2FHo_Chi_Minh&amp;showTitle=0&amp;showCalendars=0&amp;showTabs=1&amp;mode=WEEK&amp;showTz=0&amp;src=ZHRtMTUwOTA5QGdtYWlsLmNvbQ&amp;src=dmkudmlldG5hbWVzZSNob2xpZGF5QGdyb3VwLnYuY2FsZW5kYXIuZ29vZ2xlLmNvbQ&amp;src=YWRkcmVzc2Jvb2sjY29udGFjdHNAZ3JvdXAudi5jYWxlbmRhci5nb29nbGUuY29t&amp;color=%237986CB&amp;color=%23E67C73&amp;color=%230083c6\" width=\"800\" height=\"600\" frameborder=\"0\" scrolling=\"no\"><\/iframe><\/p>\t<\/div>\r\n<\/div>\r\n\r\n\r\n<div class=\"col-xs-12 col-sm-6\">\r\n    <div id=\"col_inner_id-69dd43360a7e3\" class=\"fw-col-inner\" data-paddings=\"0px 0px 0px 0px\">\r\n\t\t\n<div class=\"block-title\">\n    <h3>Location<span><\/span><\/h3>\n<\/div>\n<div class=\"lmpixels-map\">\n\t\t\t<iframe frameborder=\"0\" scrolling=\"no\" marginheight=\"0\" marginwidth=\"0\" src=\"https:\/\/maps.google.com\/maps?q=279%20Nguy%E1%BB%85n%20Tri%20Ph%C6%B0%C6%A1ng&amp;t=m&amp;z=16&amp;output=embed&amp;iwloc=near\" title=\"279 Nguy\u1ec5n Tri Ph\u01b0\u01a1ng\" aria-label=\"279 Nguy\u1ec5n Tri Ph\u01b0\u01a1ng\" style=\"height: 600px;\"><\/iframe>\n\t<\/div>\t<\/div>\r\n<\/div>\r\n<\/div>\n\n<div class=\"row\">\n\t\r\n\r\n<div class=\"col-xs-12 col-sm-12\">\r\n    <div id=\"col_inner_id-69dd43360aae7\" class=\"fw-col-inner\" data-paddings=\"0px 0px 0px 0px\">\r\n\t\t\n\t<div class=\"fw-divider-space\" style=\"padding-top: 50px;\"><\/div>\n\t<\/div>\r\n<\/div>\r\n<\/div>\n\n<div class=\"row\">\n\t\r\n\r\n<div class=\"col-xs-12 col-sm-6\">\r\n    <div id=\"col_inner_id-69dd43360acb8\" class=\"fw-col-inner\" data-paddings=\"0px 0px 0px 0px\">\r\n\t\t\n<div class=\"block-title\">\n    <h3>Get in Touch<span><\/span><\/h3>\n<\/div>\n\r\n\r\n<form id=\"contact_form_69dd43360af3d\" class=\"contact-form\" action=\"#\" method=\"post\" data-trp-original-action=\"#\">\r\n\r\n\t<div class=\"messages\"><\/div>\r\n\r\n\t<div class=\"controls\">\r\n\r\n\t\t\r\n\t\t\t\r\n\t\t\t<div class=\"form-group\">\r\n\t\t\t\t\t\t\t<input type=\"text\" name=\"cf_field[]\" class=\"form-control\" placeholder=\"Full Name\" required=\"required\" data-error=\"\">\r\n\t\t\t\t\t\t\t<div class=\"form-control-border\"><\/div>\r\n\t\t\t\t\t\t\t<div class=\"help-block with-errors\"><\/div>\r\n\t\t\t<\/div>\r\n\r\n\r\n\t\t\r\n\t\t\t\r\n\t\t\t<div class=\"form-group\">\r\n\t\t\t\t\t\t\t<input type=\"tel\" name=\"cf_field[]\" class=\"form-control\" placeholder=\"Phone Number\" required=\"required\" data-error=\"\">\r\n\t\t\t\t\t\t\t<div class=\"form-control-border\"><\/div>\r\n\t\t\t\t\t\t\t<div class=\"help-block with-errors\"><\/div>\r\n\t\t\t<\/div>\r\n\r\n\r\n\t\t\r\n\t\t\t\r\n\t\t\t<div class=\"form-group\">\r\n\t\t\t\t\t\t\t<input type=\"email\" name=\"cf_field[]\" class=\"form-control\" placeholder=\"Email\" required=\"required\" data-error=\"\">\r\n\t\t\t\t\t\t\t<div class=\"form-control-border\"><\/div>\r\n\t\t\t\t\t\t\t<div class=\"help-block with-errors\"><\/div>\r\n\t\t\t<\/div>\r\n\r\n\r\n\t\t\r\n\t\t\t\r\n\t\t\t<div class=\"form-group\">\r\n\t\t\t\t\t\t\t<textarea name=\"cf_field[]\" class=\"form-control\" placeholder=\"Message\" rows=\"4\" required=\"required\" data-error=\"\"><\/textarea>\r\n\t\t\t\t\t\t\t<div class=\"form-control-border\"><\/div>\r\n\t\t\t\t\t\t\t<div class=\"help-block with-errors\"><\/div>\r\n\t\t\t<\/div>\r\n\r\n\r\n\t\t\r\n\r\n\r\n\t\t\r\n\t\t<input type=\"submit\" class=\"button btn-send\" value=\"Send\">\r\n\t<\/div>\r\n<input type=\"hidden\" name=\"trp-form-language\" value=\"en\"\/><\/form>\r\n\t<\/div>\r\n<\/div>\r\n<\/div>\n\n\t<\/div>\n<\/section>","protected":false},"excerpt":{"rendered":"<p>Chi Ti\u1ebft Li\u00ean H\u1ec7 B\u1ea1n c\u00f3 th\u1ec3 li\u00ean l\u1ea1c qua s\u1ed1 \u0111i\u1ec7n tho\u1ea1i: +84 838292170 info@dinhtienminh.net dinhtienminh@ueh.edu.vn Ph\u00f2ng 1206, T\u00f2a nh\u00e0 B1279 Nguy\u1ec5n Tri Ph\u01b0\u01a1ng, Ph\u01b0\u1eddng 5, Qu\u1eadn 10, Tp H\u1ed3 Ch\u00ed Minh L\u1ecbch L\u00e0m Vi\u1ec7c B\u1ea3n \u0110\u1ed3 G\u1eedi Tin Nh\u1eafn<\/p>","protected":false},"author":1,"featured_media":0,"parent":0,"menu_order":0,"comment_status":"closed","ping_status":"closed","template":"","meta":{"_editorskit_title_hidden":false,"_editorskit_reading_time":0,"_editorskit_is_block_options_detached":false,"_editorskit_block_options_position":"{}","footnotes":""},"class_list":["post-5193","page","type-page","status-publish","hentry"],"yoast_head":"<!-- This site is optimized with the Yoast SEO plugin v22.8 - https:\/\/yoast.com\/wordpress\/plugins\/seo\/ -->\n<title>Li\u00ean H\u1ec7 - Assoc. Prof - \u0110inh Ti\u00ean Minh&#039;s Website<\/title>\n<meta name=\"robots\" content=\"index, follow, max-snippet:-1, max-image-preview:large, max-video-preview:-1\" \/>\n<link rel=\"canonical\" href=\"https:\/\/dinhtienminh.net\/en\/lien-he\/\" \/>\n<meta property=\"og:locale\" content=\"en_US\" \/>\n<meta property=\"og:type\" content=\"article\" \/>\n<meta property=\"og:title\" content=\"Li\u00ean H\u1ec7 - Assoc. Prof - \u0110inh Ti\u00ean Minh&#039;s Website\" \/>\n<meta property=\"og:description\" content=\"Chi Ti\u1ebft Li\u00ean H\u1ec7 B\u1ea1n c\u00f3 th\u1ec3 li\u00ean l\u1ea1c qua s\u1ed1 \u0111i\u1ec7n tho\u1ea1i: +84 838292170 info@dinhtienminh.net dinhtienminh@ueh.edu.vn Ph\u00f2ng 1206, T\u00f2a nh\u00e0 B1279 Nguy\u1ec5n Tri Ph\u01b0\u01a1ng, Ph\u01b0\u1eddng 5, Qu\u1eadn 10, Tp H\u1ed3 Ch\u00ed Minh L\u1ecbch L\u00e0m Vi\u1ec7c B\u1ea3n \u0110\u1ed3 G\u1eedi Tin Nh\u1eafn\" \/>\n<meta property=\"og:url\" content=\"https:\/\/dinhtienminh.net\/en\/lien-he\/\" \/>\n<meta property=\"og:site_name\" content=\"Assoc. Prof - \u0110inh Ti\u00ean Minh&#039;s Website\" \/>\n<meta property=\"article:modified_time\" content=\"2022-10-03T11:04:59+00:00\" \/>\n<meta name=\"twitter:card\" content=\"summary_large_image\" \/>\n<script type=\"application\/ld+json\" class=\"yoast-schema-graph\">{\"@context\":\"https:\/\/schema.org\",\"@graph\":[{\"@type\":\"WebPage\",\"@id\":\"https:\/\/dinhtienminh.net\/lien-he\/\",\"url\":\"https:\/\/dinhtienminh.net\/lien-he\/\",\"name\":\"Li\u00ean H\u1ec7 - Assoc. Prof - \u0110inh Ti\u00ean Minh&#039;s Website\",\"isPartOf\":{\"@id\":\"https:\/\/dinhtienminh.net\/#website\"},\"datePublished\":\"2022-09-29T04:53:49+00:00\",\"dateModified\":\"2022-10-03T11:04:59+00:00\",\"breadcrumb\":{\"@id\":\"https:\/\/dinhtienminh.net\/lien-he\/#breadcrumb\"},\"inLanguage\":\"en-US\",\"potentialAction\":[{\"@type\":\"ReadAction\",\"target\":[\"https:\/\/dinhtienminh.net\/lien-he\/\"]}]},{\"@type\":\"BreadcrumbList\",\"@id\":\"https:\/\/dinhtienminh.net\/lien-he\/#breadcrumb\",\"itemListElement\":[{\"@type\":\"ListItem\",\"position\":1,\"name\":\"Trang ch\u1ee7\",\"item\":\"https:\/\/dinhtienminh.net\/\"},{\"@type\":\"ListItem\",\"position\":2,\"name\":\"Li\u00ean H\u1ec7\"}]},{\"@type\":\"WebSite\",\"@id\":\"https:\/\/dinhtienminh.net\/#website\",\"url\":\"https:\/\/dinhtienminh.net\/\",\"name\":\"PHD - \u0110inh TI\u00ean Minh's Website\",\"description\":\"\u0110\u01a0N GI\u1ea2N L\u00c0 KH\u00c1C BI\u1ec6T\",\"publisher\":{\"@id\":\"https:\/\/dinhtienminh.net\/#organization\"},\"potentialAction\":[{\"@type\":\"SearchAction\",\"target\":{\"@type\":\"EntryPoint\",\"urlTemplate\":\"https:\/\/dinhtienminh.net\/?s={search_term_string}\"},\"query-input\":\"required name=search_term_string\"}],\"inLanguage\":\"en-US\"},{\"@type\":\"Organization\",\"@id\":\"https:\/\/dinhtienminh.net\/#organization\",\"name\":\"PHD - \u0110inh TI\u00ean Minh's Website\",\"url\":\"https:\/\/dinhtienminh.net\/\",\"logo\":{\"@type\":\"ImageObject\",\"inLanguage\":\"en-US\",\"@id\":\"https:\/\/dinhtienminh.net\/#\/schema\/logo\/image\/\",\"url\":\"https:\/\/dinhtienminh.net\/wp-content\/uploads\/2022\/04\/cropped-cropped-cropped-LogoName-e1627360354414-removebg.png\",\"contentUrl\":\"https:\/\/dinhtienminh.net\/wp-content\/uploads\/2022\/04\/cropped-cropped-cropped-LogoName-e1627360354414-removebg.png\",\"width\":512,\"height\":512,\"caption\":\"PHD - \u0110inh TI\u00ean Minh's Website\"},\"image\":{\"@id\":\"https:\/\/dinhtienminh.net\/#\/schema\/logo\/image\/\"}}]}<\/script>\n<!-- \/ Yoast SEO plugin. -->","yoast_head_json":{"title":"Li\u00ean H\u1ec7 - Assoc. Prof - \u0110inh Ti\u00ean Minh&#039;s Website","robots":{"index":"index","follow":"follow","max-snippet":"max-snippet:-1","max-image-preview":"max-image-preview:large","max-video-preview":"max-video-preview:-1"},"canonical":"https:\/\/dinhtienminh.net\/en\/lien-he\/","og_locale":"en_US","og_type":"article","og_title":"Li\u00ean H\u1ec7 - Assoc. Prof - \u0110inh Ti\u00ean Minh&#039;s Website","og_description":"Chi Ti\u1ebft Li\u00ean H\u1ec7 B\u1ea1n c\u00f3 th\u1ec3 li\u00ean l\u1ea1c qua s\u1ed1 \u0111i\u1ec7n tho\u1ea1i: +84 838292170 info@dinhtienminh.net dinhtienminh@ueh.edu.vn Ph\u00f2ng 1206, T\u00f2a nh\u00e0 B1279 Nguy\u1ec5n Tri Ph\u01b0\u01a1ng, Ph\u01b0\u1eddng 5, Qu\u1eadn 10, Tp H\u1ed3 Ch\u00ed Minh L\u1ecbch L\u00e0m Vi\u1ec7c B\u1ea3n \u0110\u1ed3 G\u1eedi Tin Nh\u1eafn","og_url":"https:\/\/dinhtienminh.net\/en\/lien-he\/","og_site_name":"Assoc. Prof - \u0110inh Ti\u00ean Minh&#039;s Website","article_modified_time":"2022-10-03T11:04:59+00:00","twitter_card":"summary_large_image","schema":{"@context":"https:\/\/schema.org","@graph":[{"@type":"WebPage","@id":"https:\/\/dinhtienminh.net\/lien-he\/","url":"https:\/\/dinhtienminh.net\/lien-he\/","name":"Li\u00ean H\u1ec7 - Assoc. Prof - \u0110inh Ti\u00ean Minh&#039;s Website","isPartOf":{"@id":"https:\/\/dinhtienminh.net\/#website"},"datePublished":"2022-09-29T04:53:49+00:00","dateModified":"2022-10-03T11:04:59+00:00","breadcrumb":{"@id":"https:\/\/dinhtienminh.net\/lien-he\/#breadcrumb"},"inLanguage":"en-US","potentialAction":[{"@type":"ReadAction","target":["https:\/\/dinhtienminh.net\/lien-he\/"]}]},{"@type":"BreadcrumbList","@id":"https:\/\/dinhtienminh.net\/lien-he\/#breadcrumb","itemListElement":[{"@type":"ListItem","position":1,"name":"Trang ch\u1ee7","item":"https:\/\/dinhtienminh.net\/"},{"@type":"ListItem","position":2,"name":"Li\u00ean H\u1ec7"}]},{"@type":"WebSite","@id":"https:\/\/dinhtienminh.net\/#website","url":"https:\/\/dinhtienminh.net\/","name":"PHD - \u0110inh TI\u00ean Minh's Website","description":"SIMPLICITY IS THE DIFFERENCE","publisher":{"@id":"https:\/\/dinhtienminh.net\/#organization"},"potentialAction":[{"@type":"SearchAction","target":{"@type":"EntryPoint","urlTemplate":"https:\/\/dinhtienminh.net\/?s={search_term_string}"},"query-input":"required name=search_term_string"}],"inLanguage":"en-US"},{"@type":"Organization","@id":"https:\/\/dinhtienminh.net\/#organization","name":"PHD - \u0110inh TI\u00ean Minh's Website","url":"https:\/\/dinhtienminh.net\/","logo":{"@type":"ImageObject","inLanguage":"en-US","@id":"https:\/\/dinhtienminh.net\/#\/schema\/logo\/image\/","url":"https:\/\/dinhtienminh.net\/wp-content\/uploads\/2022\/04\/cropped-cropped-cropped-LogoName-e1627360354414-removebg.png","contentUrl":"https:\/\/dinhtienminh.net\/wp-content\/uploads\/2022\/04\/cropped-cropped-cropped-LogoName-e1627360354414-removebg.png","width":512,"height":512,"caption":"PHD - \u0110inh TI\u00ean Minh's Website"},"image":{"@id":"https:\/\/dinhtienminh.net\/#\/schema\/logo\/image\/"}}]}},"_links":{"self":[{"href":"https:\/\/dinhtienminh.net\/en\/wp-json\/wp\/v2\/pages\/5193","targetHints":{"allow":["GET"]}}],"collection":[{"href":"https:\/\/dinhtienminh.net\/en\/wp-json\/wp\/v2\/pages"}],"about":[{"href":"https:\/\/dinhtienminh.net\/en\/wp-json\/wp\/v2\/types\/page"}],"author":[{"embeddable":true,"href":"https:\/\/dinhtienminh.net\/en\/wp-json\/wp\/v2\/users\/1"}],"replies":[{"embeddable":true,"href":"https:\/\/dinhtienminh.net\/en\/wp-json\/wp\/v2\/comments?post=5193"}],"version-history":[{"count":0,"href":"https:\/\/dinhtienminh.net\/en\/wp-json\/wp\/v2\/pages\/5193\/revisions"}],"wp:attachment":[{"href":"https:\/\/dinhtienminh.net\/en\/wp-json\/wp\/v2\/media?parent=5193"}],"curies":[{"name":"wp","href":"https:\/\/api.w.org\/{rel}","templated":true}]}}