{"id":5255,"date":"2022-09-30T05:58:27","date_gmt":"2022-09-30T05:58:27","guid":{"rendered":"http:\/\/dinhtienminh.net\/?page_id=5255"},"modified":"2025-05-07T10:20:52","modified_gmt":"2025-05-07T10:20:52","slug":"blog","status":"publish","type":"page","link":"https:\/\/dinhtienminh.net\/en\/blog\/","title":{"rendered":"Blog"},"content":{"rendered":"<section class=\"fw-main-row\"  >\n\t<div class=\"fw-container\">\n\t\t<div class=\"row\">\n\t\r\n\r\n<div class=\"col-xs-12 col-sm-12\">\r\n    <div id=\"col_inner_id-69d30d769635b\" class=\"fw-col-inner\" data-paddings=\"0px 0px 0px 0px\">\r\n\t\t\n<div class=\"blog-masonry two-columns clearfix\">\n                            <!-- Blog Post 6448 -->\n                        <div class=\"item post-6448\">\n                          <div class=\"blog-card blog-card-without-img\">\n                            <div class=\"media-block\">\n                                <a href=\"https:\/\/dinhtienminh.net\/en\/toa-dam-kinh-te-dem-go-diem-nghen-de-tp-hcm-but-pha\/\">\n                                                                    <\/a>\n                            <\/div>\n                            <div class=\"post-info\">\n                                <div class=\"category\">\n                                    <a href=\"https:\/\/dinhtienminh.net\/en\/category\/blog\/bao-chi\/\" title=\"View all posts in B\u00e1o ch\u00ed\">The Press<\/a> <a href=\"https:\/\/dinhtienminh.net\/en\/category\/blog\/\" title=\"View all posts in Blog\">Blog<\/a>                                <\/div>\n                                <div class=\"post-date\">26 Mar 2026<\/div>\n                                <a href=\"https:\/\/dinhtienminh.net\/en\/toa-dam-kinh-te-dem-go-diem-nghen-de-tp-hcm-but-pha\/\"><h4 class=\"blog-item-title\">T\u1ecda \u0111\u00e0m kinh t\u1ebf \u0111\u00eam: G\u1ee1 \u0111i\u1ec3m ngh\u1ebdn \u0111\u1ec3 TP.HCM b\u1ee9t ph\u00e1<\/h4><\/a>\n                                <div class=\"excerpt\">\n                                    <p>Chi\u1ec1u ng\u00e0y 25 th\u00e1ng 3 n\u0103m 2026, TP.HCM t\u1ed5 ch\u1ee9c t\u1ecda \u0111\u00e0m \u201cPh\u00e1t tri\u1ec3n kinh t\u1ebf \u0111\u00eam &#8211; \u0110\u1ed9ng l\u1ef1c th\u00fac \u0111\u1ea9y t\u0103ng tr\u01b0\u1edfng TP.HCM\u201d, thu h\u00fat s\u1ef1 tham gia c\u1ee7a \u0111\u1ea1i di\u1ec7n c\u01a1 quan qu\u1ea3n l\u00fd, gi\u1edbi chuy\u00ean gia v\u00e0 doanh nghi\u1ec7p trong \u0111a l\u0129nh v\u1ef1c c\u00f9ng nhi\u1ec1u hi\u1ec7p h\u1ed9i ng\u00e0nh h\u00e0ng. Nh\u1eefng trao&#8230;<\/p>\n<p><a class=\"read-more\" href=\"https:\/\/dinhtienminh.net\/en\/toa-dam-kinh-te-dem-go-diem-nghen-de-tp-hcm-but-pha\/\">Read More<\/a><\/p>\n                                <\/div>\n                            <\/div>\n                          <\/div>\n                        <\/div>\n                        <!-- End of Blog Post 6448 -->\n                                            <!-- Blog Post 6440 -->\n                        <div class=\"item post-6440\">\n                          <div class=\"blog-card blog-card-without-img\">\n                            <div class=\"media-block\">\n                                <a href=\"https:\/\/dinhtienminh.net\/en\/chien-luoc-marketing-doi-moi-sang-tao\/\">\n                                                                    <\/a>\n                            <\/div>\n                            <div class=\"post-info\">\n                                <div class=\"category\">\n                                    <a href=\"https:\/\/dinhtienminh.net\/en\/category\/blog\/\" title=\"View all posts in Blog\">Blog<\/a> <a href=\"https:\/\/dinhtienminh.net\/en\/category\/blog\/lop-cua-toi\/\" title=\"View all posts in L\u1edbp c\u1ee7a t\u00f4i\">L\u1edbp c\u1ee7a t\u00f4i<\/a>                                <\/div>\n                                <div class=\"post-date\">13 Mar 2026<\/div>\n                                <a href=\"https:\/\/dinhtienminh.net\/en\/chien-luoc-marketing-doi-moi-sang-tao\/\"><h4 class=\"blog-item-title\">[L\u1edbp h\u1ecdc c\u1ee7a t\u00f4i] Chi\u1ebfn l\u01b0\u1ee3c marketing \u0111\u1ed5i m\u1edbi s\u00e1ng t\u1ea1o<\/h4><\/a>\n                                <div class=\"excerpt\">\n                                    <p>Trong b\u1ed1i c\u1ea3nh th\u1ecb tr\u01b0\u1eddng li\u00ean t\u1ee5c bi\u1ebfn \u0111\u1ed9ng, doanh nghi\u1ec7p kh\u00f4ng ch\u1ec9 c\u1ea1nh tranh b\u1eb1ng s\u1ea3n ph\u1ea9m hay gi\u00e1 c\u1ea3, m\u00e0 c\u00f2n c\u1ea1nh tranh b\u1eb1ng kh\u1ea3 n\u0103ng t\u1ea1o ra gi\u00e1 tr\u1ecb m\u1edbi. \u0110\u00e2y c\u0169ng l\u00e0 l\u00fd do chi\u1ebfn l\u01b0\u1ee3c marketing \u0111\u1ed5i m\u1edbi s\u00e1ng t\u1ea1o tr\u1edf th\u00e0nh m\u1ed9t trong nh\u1eefng n\u0103ng l\u1ef1c c\u1ed1t l\u00f5i \u0111\u1ed1i&#8230;<\/p>\n<p><a class=\"read-more\" href=\"https:\/\/dinhtienminh.net\/en\/chien-luoc-marketing-doi-moi-sang-tao\/\">Read More<\/a><\/p>\n                                <\/div>\n                            <\/div>\n                          <\/div>\n                        <\/div>\n                        <!-- End of Blog Post 6440 -->\n                                            <!-- Blog Post 6427 -->\n                        <div class=\"item post-6427\">\n                          <div class=\"blog-card blog-card-without-img\">\n                            <div class=\"media-block\">\n                                <a href=\"https:\/\/dinhtienminh.net\/en\/thuong-hieu-viet-trong-ky-nguyen-moi-giu-hon-viet-truoc-lan-song-sap-nhap\/\">\n                                                                    <\/a>\n                            <\/div>\n                            <div class=\"post-info\">\n                                <div class=\"category\">\n                                    <a href=\"https:\/\/dinhtienminh.net\/en\/category\/blog\/bao-chi\/\" title=\"View all posts in B\u00e1o ch\u00ed\">The Press<\/a> <a href=\"https:\/\/dinhtienminh.net\/en\/category\/blog\/\" title=\"View all posts in Blog\">Blog<\/a>                                <\/div>\n                                <div class=\"post-date\">23 Feb 2026<\/div>\n                                <a href=\"https:\/\/dinhtienminh.net\/en\/thuong-hieu-viet-trong-ky-nguyen-moi-giu-hon-viet-truoc-lan-song-sap-nhap\/\"><h4 class=\"blog-item-title\">Th\u01b0\u01a1ng hi\u1ec7u Vi\u1ec7t trong k\u1ef7 nguy\u00ean m\u1edbi: Gi\u1eef \u201ch\u1ed3n Vi\u1ec7t\u201d tr\u01b0\u1edbc l\u00e0n s\u00f3ng M&#038;A<\/h4><\/a>\n                                <div class=\"excerpt\">\n                                    <p>B\u00e0i vi\u1ebft tr\u00edch t\u1eeb b\u00e0i chia s\u1ebb c\u1ee7a t\u00f4i v\u1edbi B\u00e1o Ng\u01b0\u1eddi Lao \u0111\u1ed9ng: Th\u01b0\u01a1ng hi\u1ec7u Vi\u1ec7t trong k\u1ef7 nguy\u00ean m\u1edbi Th\u01b0\u01a1ng hi\u1ec7u Vi\u1ec7t trong k\u1ef7 nguy\u00ean m\u1edbi (*): B\u00e0i to\u00e1n gi\u1eef &#8220;h\u1ed3n Vi\u1ec7t&#8221; Th\u01b0\u01a1ng hi\u1ec7u Vi\u1ec7t trong k\u1ef7 nguy\u00ean m\u1edbi (*): Nh\u1eefng &#8220;con s\u1ebfu \u0111\u1ea7u \u0111\u00e0n&#8221; m\u1edbi (Link b\u00e0i b\u00e1o chi ti\u1ebft \u0111\u00e3 \u0111\u01b0\u1ee3c&#8230;<\/p>\n<p><a class=\"read-more\" href=\"https:\/\/dinhtienminh.net\/en\/thuong-hieu-viet-trong-ky-nguyen-moi-giu-hon-viet-truoc-lan-song-sap-nhap\/\">Read More<\/a><\/p>\n                                <\/div>\n                            <\/div>\n                          <\/div>\n                        <\/div>\n                        <!-- End of Blog Post 6427 -->\n                                            <!-- Blog Post 6399 -->\n                        <div class=\"item post-6399\">\n                          <div class=\"blog-card blog-card-without-img\">\n                            <div class=\"media-block\">\n                                <a href=\"https:\/\/dinhtienminh.net\/en\/tp-hcm-va-khat-vong-lam-moi-dong-luc-tang-truong\/\">\n                                                                    <\/a>\n                            <\/div>\n                            <div class=\"post-info\">\n                                <div class=\"category\">\n                                    <a href=\"https:\/\/dinhtienminh.net\/en\/category\/blog\/bao-chi\/\" title=\"View all posts in B\u00e1o ch\u00ed\">The Press<\/a> <a href=\"https:\/\/dinhtienminh.net\/en\/category\/blog\/\" title=\"View all posts in Blog\">Blog<\/a>                                <\/div>\n                                <div class=\"post-date\">06 Jan 2026<\/div>\n                                <a href=\"https:\/\/dinhtienminh.net\/en\/tp-hcm-va-khat-vong-lam-moi-dong-luc-tang-truong\/\"><h4 class=\"blog-item-title\">[BNews] TP.HCM v\u00e0 Kh\u00e1t V\u1ecdng L\u00e0m M\u1edbi \u0110\u1ed9ng L\u1ef1c T\u0103ng Tr\u01b0\u1edfng<\/h4><\/a>\n                                <div class=\"excerpt\">\n                                    <p>V\u1eeba qua, t\u00f4i \u0111\u00e3 c\u00f3 d\u1ecbp chia s\u1ebb quan \u0111i\u1ec3m v\u1edbi Bnews (Trang tin Kinh t\u1ebf c\u1ee7a TTXVN) trong b\u00e0i vi\u1ebft \u201cTP. H\u1ed3 Ch\u00ed Minh l\u00e0m m\u1edbi \u0111\u1ed9ng l\u1ef1c t\u0103ng tr\u01b0\u1edfng th\u01b0\u01a1ng m\u1ea1i d\u1ecbch v\u1ee5\u201d. Th\u00f4ng qua \u00fd ki\u1ebfn c\u1ee7a t\u00f4i c\u0169ng nh\u01b0 nhi\u1ec1u chuy\u00ean gia v\u00e0 nh\u00e0 qu\u1ea3n l\u00fd, b\u00e0i b\u00e1o ph\u1ea3n \u00e1nh nh\u1eefng&#8230;<\/p>\n<p><a class=\"read-more\" href=\"https:\/\/dinhtienminh.net\/en\/tp-hcm-va-khat-vong-lam-moi-dong-luc-tang-truong\/\">Read More<\/a><\/p>\n                                <\/div>\n                            <\/div>\n                          <\/div>\n                        <\/div>\n                        <!-- End of Blog Post 6399 -->\n                                            <!-- Blog Post 6329 -->\n                        <div class=\"item post-6329\">\n                          <div class=\"blog-card blog-card-without-img\">\n                            <div class=\"media-block\">\n                                <a href=\"https:\/\/dinhtienminh.net\/en\/kinh-te-lifestyle-tu-tieu-dung-de-ton-tai-sang-dinh-hinh-ban-sac\/\">\n                                                                    <\/a>\n                            <\/div>\n                            <div class=\"post-info\">\n                                <div class=\"category\">\n                                    <a href=\"https:\/\/dinhtienminh.net\/en\/category\/blog\/bao-chi\/\" title=\"View all posts in B\u00e1o ch\u00ed\">The Press<\/a> <a href=\"https:\/\/dinhtienminh.net\/en\/category\/blog\/\" title=\"View all posts in Blog\">Blog<\/a>                                <\/div>\n                                <div class=\"post-date\">06 Dec 2025<\/div>\n                                <a href=\"https:\/\/dinhtienminh.net\/en\/kinh-te-lifestyle-tu-tieu-dung-de-ton-tai-sang-dinh-hinh-ban-sac\/\"><h4 class=\"blog-item-title\">Kinh T\u1ebf Lifestyle: T\u1eeb &#8220;Ti\u00eau D\u00f9ng \u0110\u1ec3 T\u1ed3n T\u1ea1i&#8221; \u0110\u1ebfn &#8220;Ti\u00eau D\u00f9ng \u0110\u1ec3 \u0110\u1ecbnh H\u00ecnh B\u1ea3n S\u1eafc&#8221;<\/h4><\/a>\n                                <div class=\"excerpt\">\n                                    <p>Trong b\u1ed1i c\u1ea3nh kinh t\u1ebf to\u00e0n c\u1ea7u v\u00e0 t\u1ea1i Vi\u1ec7t Nam \u0111ang c\u00f3 nh\u1eefng bi\u1ebfn chuy\u1ec3n s\u00e2u s\u1eafc, kh\u00e1i ni\u1ec7m v\u1ec1 gi\u00e1 tr\u1ecb ti\u00eau d\u00f9ng kh\u00f4ng c\u00f2n d\u1eebng l\u1ea1i \u1edf c\u00f4ng n\u0103ng hay s\u1ef1 ti\u1ec7n l\u1ee3i. Ch\u00fang ta \u0111ang ch\u1ee9ng ki\u1ebfn s\u1ef1 tr\u1ed7i d\u1eady m\u1ea1nh m\u1ebd c\u1ee7a m\u1ed9t h\u00ecnh th\u00e1i kinh t\u1ebf m\u1edbi &#8211; Kinh&#8230;<\/p>\n<p><a class=\"read-more\" href=\"https:\/\/dinhtienminh.net\/en\/kinh-te-lifestyle-tu-tieu-dung-de-ton-tai-sang-dinh-hinh-ban-sac\/\">Read More<\/a><\/p>\n                                <\/div>\n                            <\/div>\n                          <\/div>\n                        <\/div>\n                        <!-- End of Blog Post 6329 -->\n                                            <!-- Blog Post 6295 -->\n                        <div class=\"item post-6295\">\n                          <div class=\"blog-card blog-card-without-img\">\n                            <div class=\"media-block\">\n                                <a href=\"https:\/\/dinhtienminh.net\/en\/bao-cao-hootsuite-2025-6-xu-huong-social-media-se-dinh-hinh-buc-tranh-nganh-marketing\/\">\n                                                                    <\/a>\n                            <\/div>\n                            <div class=\"post-info\">\n                                <div class=\"category\">\n                                    <a href=\"https:\/\/dinhtienminh.net\/en\/category\/blog\/\" title=\"View all posts in Blog\">Blog<\/a> <a href=\"https:\/\/dinhtienminh.net\/en\/category\/blog\/tin-thi-truong\/\" title=\"View all posts in Tin th\u1ecb tr\u01b0\u1eddng\">Tin th\u1ecb tr\u01b0\u1eddng<\/a>                                <\/div>\n                                <div class=\"post-date\">30 Sep 2025<\/div>\n                                <a href=\"https:\/\/dinhtienminh.net\/en\/bao-cao-hootsuite-2025-6-xu-huong-social-media-se-dinh-hinh-buc-tranh-nganh-marketing\/\"><h4 class=\"blog-item-title\">B\u00e1o C\u00e1o Hootsuite 2025: 6 Xu H\u01b0\u1edbng Social Media S\u1ebd \u0110\u1ecbnh H\u00ecnh B\u1ee9c Tranh Ng\u00e0nh Marketing<\/h4><\/a>\n                                <div class=\"excerpt\">\n                                    <p>B\u00e1o c\u00e1o Xu h\u01b0\u1edbng Social Media 2025 t\u1eeb Hootsuite v\u00e0 Talkwalker \u0111\u00e3 \u0111\u01b0a ra m\u1ed9t th\u00f4ng \u0111i\u1ec7p r\u00f5 r\u00e0ng: k\u1ef7 nguy\u00ean c\u1ee7a vi\u1ec7c ch\u1ea1y theo xu h\u01b0\u1edbng m\u1ed9t c\u00e1ch b\u1ed9c ph\u00e1t \u0111ang d\u1ea7n kh\u00e9p l\u1ea1i. Thay v\u00e0o \u0111\u00f3, th\u00e0nh c\u00f4ng trong t\u01b0\u01a1ng lai g\u1ea7n s\u1ebd \u0111\u01b0\u1ee3c \u0111\u1ecbnh ngh\u0129a b\u1edfi kh\u1ea3 n\u0103ng \u1ee9ng bi\u1ebfn linh ho\u1ea1t&#8230;<\/p>\n<p><a class=\"read-more\" href=\"https:\/\/dinhtienminh.net\/en\/bao-cao-hootsuite-2025-6-xu-huong-social-media-se-dinh-hinh-buc-tranh-nganh-marketing\/\">Read More<\/a><\/p>\n                                <\/div>\n                            <\/div>\n                          <\/div>\n                        <\/div>\n                        <!-- End of Blog Post 6295 -->\n                    <\/div>\n\n            <div class=\"see-all-posts\">\n                <a class=\"btn btn-primary\" href=\"https:\/\/dinhtienminh.net\/en\/blog-1\/\">See All Posts<\/a>\n            <\/div>\n        \t<\/div>\r\n<\/div>\r\n<\/div>\n\n\t<\/div>\n<\/section>","protected":false},"excerpt":{"rendered":"<p>B\u00e1o c\u00e1o Xu h\u01b0\u1edbng Social Media 2025 t\u1eeb Hootsuite v\u00e0 Talkwalker \u0111\u00e3 \u0111\u01b0a ra m\u1ed9t th\u00f4ng \u0111i\u1ec7p r\u00f5 r\u00e0ng: k\u1ef7 nguy\u00ean c\u1ee7a vi\u1ec7c ch\u1ea1y theo xu h\u01b0\u1edbng m\u1ed9t c\u00e1ch b\u1ed9c ph\u00e1t \u0111ang d\u1ea7n kh\u00e9p l\u1ea1i. Thay v\u00e0o \u0111\u00f3, th\u00e0nh c\u00f4ng trong t\u01b0\u01a1ng lai g\u1ea7n s\u1ebd \u0111\u01b0\u1ee3c \u0111\u1ecbnh ngh\u0129a b\u1edfi kh\u1ea3 n\u0103ng \u1ee9ng bi\u1ebfn linh ho\u1ea1t&#8230;<\/p>\n<p><a class=\"read-more\" href=\"https:\/\/dinhtienminh.net\/en\/bao-cao-hootsuite-2025-6-xu-huong-social-media-se-dinh-hinh-buc-tranh-nganh-marketing\/\">Read More<\/a><\/p>","protected":false},"author":1,"featured_media":0,"parent":0,"menu_order":0,"comment_status":"closed","ping_status":"closed","template":"","meta":{"_editorskit_title_hidden":false,"_editorskit_reading_time":0,"_editorskit_is_block_options_detached":false,"_editorskit_block_options_position":"{}","footnotes":""},"class_list":["post-5255","page","type-page","status-publish","hentry"],"yoast_head":"<!-- This site is optimized with the Yoast SEO plugin v22.8 - https:\/\/yoast.com\/wordpress\/plugins\/seo\/ -->\n<title>Blog - Assoc. Prof - \u0110inh Ti\u00ean Minh&#039;s Website<\/title>\n<meta name=\"description\" content=\"Chia s\u1ebb g\u00f3c nh\u00ecn v\u00e0 nh\u1eefng c\u00e2u chuy\u1ec7n l\u1edbp h\u1ecdc. Blog l\u00e0 n\u01a1i l\u01b0u gi\u1eef c\u00e1c ho\u1ea1t \u0111\u1ed9ng \u0111\u00e0o t\u1ea1o v\u00e0 tr\u1ea3i nghi\u1ec7m th\u1ef1c t\u1ebf c\u1ee7a t\u00f4i.\" \/>\n<meta name=\"robots\" content=\"index, follow, max-snippet:-1, max-image-preview:large, max-video-preview:-1\" \/>\n<link rel=\"canonical\" href=\"https:\/\/dinhtienminh.net\/en\/blog\/\" \/>\n<meta property=\"og:locale\" content=\"en_US\" \/>\n<meta property=\"og:type\" content=\"article\" \/>\n<meta property=\"og:title\" content=\"Blog - Assoc. Prof - \u0110inh Ti\u00ean Minh&#039;s Website\" \/>\n<meta property=\"og:description\" content=\"Chia s\u1ebb g\u00f3c nh\u00ecn v\u00e0 nh\u1eefng c\u00e2u chuy\u1ec7n l\u1edbp h\u1ecdc. Blog l\u00e0 n\u01a1i l\u01b0u gi\u1eef c\u00e1c ho\u1ea1t \u0111\u1ed9ng \u0111\u00e0o t\u1ea1o v\u00e0 tr\u1ea3i nghi\u1ec7m th\u1ef1c t\u1ebf c\u1ee7a t\u00f4i.\" \/>\n<meta property=\"og:url\" content=\"https:\/\/dinhtienminh.net\/en\/blog\/\" \/>\n<meta property=\"og:site_name\" content=\"Assoc. Prof - \u0110inh Ti\u00ean Minh&#039;s Website\" \/>\n<meta property=\"article:modified_time\" content=\"2025-05-07T10:20:52+00:00\" \/>\n<meta property=\"og:image\" content=\"https:\/\/dinhtienminh.net\/wp-content\/uploads\/2025\/03\/blog.jpg\" \/>\n\t<meta property=\"og:image:width\" content=\"800\" \/>\n\t<meta property=\"og:image:height\" content=\"600\" \/>\n\t<meta property=\"og:image:type\" content=\"image\/jpeg\" \/>\n<meta name=\"twitter:card\" content=\"summary_large_image\" \/>\n<meta name=\"twitter:label1\" content=\"Est. reading time\" \/>\n\t<meta name=\"twitter:data1\" content=\"4 minutes\" \/>\n<script type=\"application\/ld+json\" class=\"yoast-schema-graph\">{\"@context\":\"https:\/\/schema.org\",\"@graph\":[{\"@type\":\"WebPage\",\"@id\":\"https:\/\/dinhtienminh.net\/blog\/\",\"url\":\"https:\/\/dinhtienminh.net\/blog\/\",\"name\":\"Blog - Assoc. Prof - \u0110inh Ti\u00ean Minh&#039;s Website\",\"isPartOf\":{\"@id\":\"https:\/\/dinhtienminh.net\/#website\"},\"datePublished\":\"2022-09-30T05:58:27+00:00\",\"dateModified\":\"2025-05-07T10:20:52+00:00\",\"description\":\"Chia s\u1ebb g\u00f3c nh\u00ecn v\u00e0 nh\u1eefng c\u00e2u chuy\u1ec7n l\u1edbp h\u1ecdc. Blog l\u00e0 n\u01a1i l\u01b0u gi\u1eef c\u00e1c ho\u1ea1t \u0111\u1ed9ng \u0111\u00e0o t\u1ea1o v\u00e0 tr\u1ea3i nghi\u1ec7m th\u1ef1c t\u1ebf c\u1ee7a t\u00f4i.\",\"breadcrumb\":{\"@id\":\"https:\/\/dinhtienminh.net\/blog\/#breadcrumb\"},\"inLanguage\":\"en-US\",\"potentialAction\":[{\"@type\":\"ReadAction\",\"target\":[\"https:\/\/dinhtienminh.net\/blog\/\"]}]},{\"@type\":\"BreadcrumbList\",\"@id\":\"https:\/\/dinhtienminh.net\/blog\/#breadcrumb\",\"itemListElement\":[{\"@type\":\"ListItem\",\"position\":1,\"name\":\"Trang ch\u1ee7\",\"item\":\"https:\/\/dinhtienminh.net\/\"},{\"@type\":\"ListItem\",\"position\":2,\"name\":\"Blog\"}]},{\"@type\":\"WebSite\",\"@id\":\"https:\/\/dinhtienminh.net\/#website\",\"url\":\"https:\/\/dinhtienminh.net\/\",\"name\":\"PHD - \u0110inh TI\u00ean Minh's Website\",\"description\":\"\u0110\u01a0N GI\u1ea2N L\u00c0 KH\u00c1C BI\u1ec6T\",\"publisher\":{\"@id\":\"https:\/\/dinhtienminh.net\/#organization\"},\"potentialAction\":[{\"@type\":\"SearchAction\",\"target\":{\"@type\":\"EntryPoint\",\"urlTemplate\":\"https:\/\/dinhtienminh.net\/?s={search_term_string}\"},\"query-input\":\"required name=search_term_string\"}],\"inLanguage\":\"en-US\"},{\"@type\":\"Organization\",\"@id\":\"https:\/\/dinhtienminh.net\/#organization\",\"name\":\"PHD - \u0110inh TI\u00ean Minh's Website\",\"url\":\"https:\/\/dinhtienminh.net\/\",\"logo\":{\"@type\":\"ImageObject\",\"inLanguage\":\"en-US\",\"@id\":\"https:\/\/dinhtienminh.net\/#\/schema\/logo\/image\/\",\"url\":\"https:\/\/dinhtienminh.net\/wp-content\/uploads\/2022\/04\/cropped-cropped-cropped-LogoName-e1627360354414-removebg.png\",\"contentUrl\":\"https:\/\/dinhtienminh.net\/wp-content\/uploads\/2022\/04\/cropped-cropped-cropped-LogoName-e1627360354414-removebg.png\",\"width\":512,\"height\":512,\"caption\":\"PHD - \u0110inh TI\u00ean Minh's Website\"},\"image\":{\"@id\":\"https:\/\/dinhtienminh.net\/#\/schema\/logo\/image\/\"}}]}<\/script>\n<!-- \/ Yoast SEO plugin. -->","yoast_head_json":{"title":"Blog - Assoc. Prof - \u0110inh Ti\u00ean Minh&#039;s Website","description":"Chia s\u1ebb g\u00f3c nh\u00ecn v\u00e0 nh\u1eefng c\u00e2u chuy\u1ec7n l\u1edbp h\u1ecdc. Blog l\u00e0 n\u01a1i l\u01b0u gi\u1eef c\u00e1c ho\u1ea1t \u0111\u1ed9ng \u0111\u00e0o t\u1ea1o v\u00e0 tr\u1ea3i nghi\u1ec7m th\u1ef1c t\u1ebf c\u1ee7a t\u00f4i.","robots":{"index":"index","follow":"follow","max-snippet":"max-snippet:-1","max-image-preview":"max-image-preview:large","max-video-preview":"max-video-preview:-1"},"canonical":"https:\/\/dinhtienminh.net\/en\/blog\/","og_locale":"en_US","og_type":"article","og_title":"Blog - Assoc. Prof - \u0110inh Ti\u00ean Minh&#039;s Website","og_description":"Chia s\u1ebb g\u00f3c nh\u00ecn v\u00e0 nh\u1eefng c\u00e2u chuy\u1ec7n l\u1edbp h\u1ecdc. Blog l\u00e0 n\u01a1i l\u01b0u gi\u1eef c\u00e1c ho\u1ea1t \u0111\u1ed9ng \u0111\u00e0o t\u1ea1o v\u00e0 tr\u1ea3i nghi\u1ec7m th\u1ef1c t\u1ebf c\u1ee7a t\u00f4i.","og_url":"https:\/\/dinhtienminh.net\/en\/blog\/","og_site_name":"Assoc. Prof - \u0110inh Ti\u00ean Minh&#039;s Website","article_modified_time":"2025-05-07T10:20:52+00:00","og_image":[{"width":800,"height":600,"url":"https:\/\/dinhtienminh.net\/wp-content\/uploads\/2025\/03\/blog.jpg","type":"image\/jpeg"}],"twitter_card":"summary_large_image","twitter_misc":{"Est. reading time":"4 minutes"},"schema":{"@context":"https:\/\/schema.org","@graph":[{"@type":"WebPage","@id":"https:\/\/dinhtienminh.net\/blog\/","url":"https:\/\/dinhtienminh.net\/blog\/","name":"Blog - Assoc. Prof - \u0110inh Ti\u00ean Minh&#039;s Website","isPartOf":{"@id":"https:\/\/dinhtienminh.net\/#website"},"datePublished":"2022-09-30T05:58:27+00:00","dateModified":"2025-05-07T10:20:52+00:00","description":"Chia s\u1ebb g\u00f3c nh\u00ecn v\u00e0 nh\u1eefng c\u00e2u chuy\u1ec7n l\u1edbp h\u1ecdc. Blog l\u00e0 n\u01a1i l\u01b0u gi\u1eef c\u00e1c ho\u1ea1t \u0111\u1ed9ng \u0111\u00e0o t\u1ea1o v\u00e0 tr\u1ea3i nghi\u1ec7m th\u1ef1c t\u1ebf c\u1ee7a t\u00f4i.","breadcrumb":{"@id":"https:\/\/dinhtienminh.net\/blog\/#breadcrumb"},"inLanguage":"en-US","potentialAction":[{"@type":"ReadAction","target":["https:\/\/dinhtienminh.net\/blog\/"]}]},{"@type":"BreadcrumbList","@id":"https:\/\/dinhtienminh.net\/blog\/#breadcrumb","itemListElement":[{"@type":"ListItem","position":1,"name":"Trang ch\u1ee7","item":"https:\/\/dinhtienminh.net\/"},{"@type":"ListItem","position":2,"name":"Blog"}]},{"@type":"WebSite","@id":"https:\/\/dinhtienminh.net\/#website","url":"https:\/\/dinhtienminh.net\/","name":"PHD - \u0110inh TI\u00ean Minh's Website","description":"SIMPLICITY IS THE DIFFERENCE","publisher":{"@id":"https:\/\/dinhtienminh.net\/#organization"},"potentialAction":[{"@type":"SearchAction","target":{"@type":"EntryPoint","urlTemplate":"https:\/\/dinhtienminh.net\/?s={search_term_string}"},"query-input":"required name=search_term_string"}],"inLanguage":"en-US"},{"@type":"Organization","@id":"https:\/\/dinhtienminh.net\/#organization","name":"PHD - \u0110inh TI\u00ean Minh's Website","url":"https:\/\/dinhtienminh.net\/","logo":{"@type":"ImageObject","inLanguage":"en-US","@id":"https:\/\/dinhtienminh.net\/#\/schema\/logo\/image\/","url":"https:\/\/dinhtienminh.net\/wp-content\/uploads\/2022\/04\/cropped-cropped-cropped-LogoName-e1627360354414-removebg.png","contentUrl":"https:\/\/dinhtienminh.net\/wp-content\/uploads\/2022\/04\/cropped-cropped-cropped-LogoName-e1627360354414-removebg.png","width":512,"height":512,"caption":"PHD - \u0110inh TI\u00ean Minh's Website"},"image":{"@id":"https:\/\/dinhtienminh.net\/#\/schema\/logo\/image\/"}}]}},"_links":{"self":[{"href":"https:\/\/dinhtienminh.net\/en\/wp-json\/wp\/v2\/pages\/5255","targetHints":{"allow":["GET"]}}],"collection":[{"href":"https:\/\/dinhtienminh.net\/en\/wp-json\/wp\/v2\/pages"}],"about":[{"href":"https:\/\/dinhtienminh.net\/en\/wp-json\/wp\/v2\/types\/page"}],"author":[{"embeddable":true,"href":"https:\/\/dinhtienminh.net\/en\/wp-json\/wp\/v2\/users\/1"}],"replies":[{"embeddable":true,"href":"https:\/\/dinhtienminh.net\/en\/wp-json\/wp\/v2\/comments?post=5255"}],"version-history":[{"count":0,"href":"https:\/\/dinhtienminh.net\/en\/wp-json\/wp\/v2\/pages\/5255\/revisions"}],"wp:attachment":[{"href":"https:\/\/dinhtienminh.net\/en\/wp-json\/wp\/v2\/media?parent=5255"}],"curies":[{"name":"wp","href":"https:\/\/api.w.org\/{rel}","templated":true}]}}