{"id":5506,"date":"2023-07-13T14:44:47","date_gmt":"2023-07-13T14:44:47","guid":{"rendered":"http:\/\/dinhtienminh.net\/vong-quay\/"},"modified":"2023-07-13T14:44:47","modified_gmt":"2023-07-13T14:44:47","slug":"vong-quay","status":"publish","type":"page","link":"https:\/\/dinhtienminh.net\/en\/vong-quay\/","title":{"rendered":"V\u00f2ng quay"},"content":{"rendered":"<style>\n        .slice path {\n            stroke: #000000; \/* Set the border color to grey *\/\n            stroke-width: 1px; \/* Set the border width *\/\n        }\n        #results {\n            color: #fff;\n            text-align: left;\n        }\n    <\/style>\n    <div class=\"container\">\n        <div class=\"row justify-content-center\">\n            <div class=\"col-8 col-md-8\">\n                <div id=\"chart\"><\/div>\n            <\/div>\n            <div class=\"col-4 col-md-4\">\n                <textarea id=\"textArea\" class=\"form-control my-3\" rows=\"10\" placeholder=\"Nh\u1eadp danh s\u00e1ch...\"><\/textarea>\n                <div id=\"lineCount\" class=\"mb-3\"><\/div> <!-- Line count div -->\n                <button class=\"btn btn-primary mb-3\" onclick=\"submitData()\">L\u01b0u<\/button>\n                <div id=\"results\" class=\"col-8 text-center mt-5\"><\/div> <!-- Results div -->\n            <\/div>\t\t\t\n        <\/div>\n    <\/div>\n    <script>\n        function updateLineCount() {\n            var textArea = document.getElementById(\"textArea\");\n            var lines = textArea.value.split('\\n');\n            var lineCount = 0;\n            for (var i = 0; i < lines.length; i++) {\n                \/\/ Make sure the line is not empty\n                if (lines[i].trim() !== '') {\n                    lineCount++;\n                }\n            }\n            document.getElementById(\"lineCount\").textContent = \"Total lines: \" + lineCount;\n        }\n\n        var textArea = document.getElementById(\"textArea\");\n        textArea.addEventListener(\"input\", updateLineCount);\n    <\/script>","protected":false},"excerpt":{"rendered":"<p>L\u01b0u<\/p>","protected":false},"author":1,"featured_media":0,"parent":0,"menu_order":0,"comment_status":"closed","ping_status":"closed","template":"","meta":{"_editorskit_title_hidden":false,"_editorskit_reading_time":0,"_editorskit_is_block_options_detached":false,"_editorskit_block_options_position":"{}","footnotes":""},"class_list":["post-5506","page","type-page","status-publish","hentry"],"yoast_head":"<!-- This site is optimized with the Yoast SEO plugin v22.8 - https:\/\/yoast.com\/wordpress\/plugins\/seo\/ -->\n<title>V\u00f2ng quay - Assoc. Prof - \u0110inh Ti\u00ean Minh&#039;s Website<\/title>\n<meta name=\"robots\" content=\"index, follow, max-snippet:-1, max-image-preview:large, max-video-preview:-1\" \/>\n<link rel=\"canonical\" href=\"https:\/\/dinhtienminh.net\/en\/vong-quay\/\" \/>\n<meta property=\"og:locale\" content=\"en_US\" \/>\n<meta property=\"og:type\" content=\"article\" \/>\n<meta property=\"og:title\" content=\"V\u00f2ng quay - Assoc. Prof - \u0110inh Ti\u00ean Minh&#039;s Website\" \/>\n<meta property=\"og:description\" content=\"L\u01b0u\" \/>\n<meta property=\"og:url\" content=\"https:\/\/dinhtienminh.net\/en\/vong-quay\/\" \/>\n<meta property=\"og:site_name\" content=\"Assoc. Prof - \u0110inh Ti\u00ean Minh&#039;s Website\" \/>\n<meta name=\"twitter:card\" content=\"summary_large_image\" \/>\n<script type=\"application\/ld+json\" class=\"yoast-schema-graph\">{\"@context\":\"https:\/\/schema.org\",\"@graph\":[{\"@type\":\"WebPage\",\"@id\":\"https:\/\/dinhtienminh.net\/vong-quay\/\",\"url\":\"https:\/\/dinhtienminh.net\/vong-quay\/\",\"name\":\"V\u00f2ng quay - Assoc. Prof - \u0110inh Ti\u00ean Minh&#039;s Website\",\"isPartOf\":{\"@id\":\"https:\/\/dinhtienminh.net\/#website\"},\"datePublished\":\"2023-07-13T14:44:47+00:00\",\"dateModified\":\"2023-07-13T14:44:47+00:00\",\"breadcrumb\":{\"@id\":\"https:\/\/dinhtienminh.net\/vong-quay\/#breadcrumb\"},\"inLanguage\":\"en-US\",\"potentialAction\":[{\"@type\":\"ReadAction\",\"target\":[\"https:\/\/dinhtienminh.net\/vong-quay\/\"]}]},{\"@type\":\"BreadcrumbList\",\"@id\":\"https:\/\/dinhtienminh.net\/vong-quay\/#breadcrumb\",\"itemListElement\":[{\"@type\":\"ListItem\",\"position\":1,\"name\":\"Trang ch\u1ee7\",\"item\":\"https:\/\/dinhtienminh.net\/\"},{\"@type\":\"ListItem\",\"position\":2,\"name\":\"V\u00f2ng quay\"}]},{\"@type\":\"WebSite\",\"@id\":\"https:\/\/dinhtienminh.net\/#website\",\"url\":\"https:\/\/dinhtienminh.net\/\",\"name\":\"PHD - \u0110inh TI\u00ean Minh's Website\",\"description\":\"\u0110\u01a0N GI\u1ea2N L\u00c0 KH\u00c1C BI\u1ec6T\",\"publisher\":{\"@id\":\"https:\/\/dinhtienminh.net\/#organization\"},\"potentialAction\":[{\"@type\":\"SearchAction\",\"target\":{\"@type\":\"EntryPoint\",\"urlTemplate\":\"https:\/\/dinhtienminh.net\/?s={search_term_string}\"},\"query-input\":\"required name=search_term_string\"}],\"inLanguage\":\"en-US\"},{\"@type\":\"Organization\",\"@id\":\"https:\/\/dinhtienminh.net\/#organization\",\"name\":\"PHD - \u0110inh TI\u00ean Minh's Website\",\"url\":\"https:\/\/dinhtienminh.net\/\",\"logo\":{\"@type\":\"ImageObject\",\"inLanguage\":\"en-US\",\"@id\":\"https:\/\/dinhtienminh.net\/#\/schema\/logo\/image\/\",\"url\":\"https:\/\/dinhtienminh.net\/wp-content\/uploads\/2022\/04\/cropped-cropped-cropped-LogoName-e1627360354414-removebg.png\",\"contentUrl\":\"https:\/\/dinhtienminh.net\/wp-content\/uploads\/2022\/04\/cropped-cropped-cropped-LogoName-e1627360354414-removebg.png\",\"width\":512,\"height\":512,\"caption\":\"PHD - \u0110inh TI\u00ean Minh's Website\"},\"image\":{\"@id\":\"https:\/\/dinhtienminh.net\/#\/schema\/logo\/image\/\"}}]}<\/script>\n<!-- \/ Yoast SEO plugin. -->","yoast_head_json":{"title":"V\u00f2ng quay - Assoc. Prof - \u0110inh Ti\u00ean Minh&#039;s Website","robots":{"index":"index","follow":"follow","max-snippet":"max-snippet:-1","max-image-preview":"max-image-preview:large","max-video-preview":"max-video-preview:-1"},"canonical":"https:\/\/dinhtienminh.net\/en\/vong-quay\/","og_locale":"en_US","og_type":"article","og_title":"V\u00f2ng quay - Assoc. Prof - \u0110inh Ti\u00ean Minh&#039;s Website","og_description":"L\u01b0u","og_url":"https:\/\/dinhtienminh.net\/en\/vong-quay\/","og_site_name":"Assoc. Prof - \u0110inh Ti\u00ean Minh&#039;s Website","twitter_card":"summary_large_image","schema":{"@context":"https:\/\/schema.org","@graph":[{"@type":"WebPage","@id":"https:\/\/dinhtienminh.net\/vong-quay\/","url":"https:\/\/dinhtienminh.net\/vong-quay\/","name":"V\u00f2ng quay - Assoc. Prof - \u0110inh Ti\u00ean Minh&#039;s Website","isPartOf":{"@id":"https:\/\/dinhtienminh.net\/#website"},"datePublished":"2023-07-13T14:44:47+00:00","dateModified":"2023-07-13T14:44:47+00:00","breadcrumb":{"@id":"https:\/\/dinhtienminh.net\/vong-quay\/#breadcrumb"},"inLanguage":"en-US","potentialAction":[{"@type":"ReadAction","target":["https:\/\/dinhtienminh.net\/vong-quay\/"]}]},{"@type":"BreadcrumbList","@id":"https:\/\/dinhtienminh.net\/vong-quay\/#breadcrumb","itemListElement":[{"@type":"ListItem","position":1,"name":"Trang ch\u1ee7","item":"https:\/\/dinhtienminh.net\/"},{"@type":"ListItem","position":2,"name":"V\u00f2ng quay"}]},{"@type":"WebSite","@id":"https:\/\/dinhtienminh.net\/#website","url":"https:\/\/dinhtienminh.net\/","name":"PHD - \u0110inh TI\u00ean Minh's Website","description":"SIMPLICITY IS THE DIFFERENCE","publisher":{"@id":"https:\/\/dinhtienminh.net\/#organization"},"potentialAction":[{"@type":"SearchAction","target":{"@type":"EntryPoint","urlTemplate":"https:\/\/dinhtienminh.net\/?s={search_term_string}"},"query-input":"required name=search_term_string"}],"inLanguage":"en-US"},{"@type":"Organization","@id":"https:\/\/dinhtienminh.net\/#organization","name":"PHD - \u0110inh TI\u00ean Minh's Website","url":"https:\/\/dinhtienminh.net\/","logo":{"@type":"ImageObject","inLanguage":"en-US","@id":"https:\/\/dinhtienminh.net\/#\/schema\/logo\/image\/","url":"https:\/\/dinhtienminh.net\/wp-content\/uploads\/2022\/04\/cropped-cropped-cropped-LogoName-e1627360354414-removebg.png","contentUrl":"https:\/\/dinhtienminh.net\/wp-content\/uploads\/2022\/04\/cropped-cropped-cropped-LogoName-e1627360354414-removebg.png","width":512,"height":512,"caption":"PHD - \u0110inh TI\u00ean Minh's Website"},"image":{"@id":"https:\/\/dinhtienminh.net\/#\/schema\/logo\/image\/"}}]}},"_links":{"self":[{"href":"https:\/\/dinhtienminh.net\/en\/wp-json\/wp\/v2\/pages\/5506","targetHints":{"allow":["GET"]}}],"collection":[{"href":"https:\/\/dinhtienminh.net\/en\/wp-json\/wp\/v2\/pages"}],"about":[{"href":"https:\/\/dinhtienminh.net\/en\/wp-json\/wp\/v2\/types\/page"}],"author":[{"embeddable":true,"href":"https:\/\/dinhtienminh.net\/en\/wp-json\/wp\/v2\/users\/1"}],"replies":[{"embeddable":true,"href":"https:\/\/dinhtienminh.net\/en\/wp-json\/wp\/v2\/comments?post=5506"}],"version-history":[{"count":0,"href":"https:\/\/dinhtienminh.net\/en\/wp-json\/wp\/v2\/pages\/5506\/revisions"}],"wp:attachment":[{"href":"https:\/\/dinhtienminh.net\/en\/wp-json\/wp\/v2\/media?parent=5506"}],"curies":[{"name":"wp","href":"https:\/\/api.w.org\/{rel}","templated":true}]}}